{"id":741272,"date":"2025-03-03T18:13:22","date_gmt":"2025-03-03T17:13:22","guid":{"rendered":"https:\/\/stoic-curie.212-227-153-4.plesk.page\/producto\/samousisna-pumpa-marco-up1-m-45l-24v\/"},"modified":"2026-02-25T00:00:52","modified_gmt":"2026-02-25T00:00:52","slug":"samousisna-pumpa-marco-up1-m-45l-24v","status":"publish","type":"product","link":"https:\/\/stoic-curie.212-227-153-4.plesk.page\/hr\/product\/samousisna-pumpa-marco-up1-m-45l-24v\/","title":{"rendered":"Samousisna pumpa Marco UP1-m 45l 24V"},"content":{"rendered":"<p>Samousisna pumpa Marco UP1-m 45l 24V &#8211; <\/p>\n<p>Marco UP1 Nitril-impeler i samousisne pumpe s kromiranim mjedenim dijelom. Vodonepropusno ku\u0107i\u0161te i vodonepropusna brtva za \u017eice. Za crpljenje slatke vode, slane vode i vodene slike.<\/p>\n","protected":false},"excerpt":{"rendered":"<p>Samousisna pumpa Marco UP1-m 45l 24V &#8211; Marco UP1 Nitril-impeler i samousisne pumpe s kromiranim mjedenim dijelom. Vodonepropusno ku\u0107i\u0161te i<\/p>\n","protected":false},"featured_media":5941055,"comment_status":"open","ping_status":"closed","template":"","meta":[],"product_brand":[3096],"product_cat":[1671,1659,1787],"product_tag":[],"class_list":{"0":"post-741272","1":"product","2":"type-product","3":"status-publish","4":"has-post-thumbnail","6":"product_brand-marco-hr","7":"product_cat-cirkulacijske-crpke","8":"product_cat-elektricne-kaljuzne-pumpe","9":"product_cat-pumpe-za-naftu-i-gorivo","11":"first","12":"instock","13":"shipping-taxable","14":"purchasable","15":"product-type-simple"},"_links":{"self":[{"href":"https:\/\/stoic-curie.212-227-153-4.plesk.page\/hr\/wp-json\/wp\/v2\/product\/741272","targetHints":{"allow":["GET"]}}],"collection":[{"href":"https:\/\/stoic-curie.212-227-153-4.plesk.page\/hr\/wp-json\/wp\/v2\/product"}],"about":[{"href":"https:\/\/stoic-curie.212-227-153-4.plesk.page\/hr\/wp-json\/wp\/v2\/types\/product"}],"replies":[{"embeddable":true,"href":"https:\/\/stoic-curie.212-227-153-4.plesk.page\/hr\/wp-json\/wp\/v2\/comments?post=741272"}],"version-history":[{"count":0,"href":"https:\/\/stoic-curie.212-227-153-4.plesk.page\/hr\/wp-json\/wp\/v2\/product\/741272\/revisions"}],"wp:featuredmedia":[{"embeddable":true,"href":"https:\/\/stoic-curie.212-227-153-4.plesk.page\/hr\/wp-json\/wp\/v2\/media\/5941055"}],"wp:attachment":[{"href":"https:\/\/stoic-curie.212-227-153-4.plesk.page\/hr\/wp-json\/wp\/v2\/media?parent=741272"}],"wp:term":[{"taxonomy":"product_brand","embeddable":true,"href":"https:\/\/stoic-curie.212-227-153-4.plesk.page\/hr\/wp-json\/wp\/v2\/product_brand?post=741272"},{"taxonomy":"product_cat","embeddable":true,"href":"https:\/\/stoic-curie.212-227-153-4.plesk.page\/hr\/wp-json\/wp\/v2\/product_cat?post=741272"},{"taxonomy":"product_tag","embeddable":true,"href":"https:\/\/stoic-curie.212-227-153-4.plesk.page\/hr\/wp-json\/wp\/v2\/product_tag?post=741272"}],"curies":[{"name":"wp","href":"https:\/\/api.w.org\/{rel}","templated":true}]}}