{"id":741276,"date":"2025-03-03T18:13:23","date_gmt":"2025-03-03T17:13:23","guid":{"rendered":"https:\/\/stoic-curie.212-227-153-4.plesk.page\/producto\/led-stropna-svjetiljka-foresti-sextans-12-24-u-76-x-h24-mm\/"},"modified":"2026-02-25T00:00:52","modified_gmt":"2026-02-25T00:00:52","slug":"led-stropna-svjetiljka-foresti-sextans-12-24-u-76-x-h24-mm","status":"publish","type":"product","link":"https:\/\/stoic-curie.212-227-153-4.plesk.page\/hr\/product\/led-stropna-svjetiljka-foresti-sextans-12-24-u-76-x-h24-mm\/","title":{"rendered":"LED stropna svjetiljka Foresti Sextans 12\/24 u 76 x H24 mm"},"content":{"rendered":"<p>LED stropna svjetiljka Foresti Sextans 12\/24 u 76 x H24 mm &#8211; <\/p>\n<p>Power LED ugradna svjetiljka za unutarnju upotrebu s kromiranim brass okvirom i nehr\u0111aju\u0107im \u010davlima. Univerzalno napajanje 12\/24V &#8211; 3,5W. Za\u0161tita IP43.<\/p>\n","protected":false},"excerpt":{"rendered":"<p>LED stropna svjetiljka Foresti Sextans 12\/24 u 76 x H24 mm &#8211; Power LED ugradna svjetiljka za unutarnju upotrebu s<\/p>\n","protected":false},"featured_media":5941062,"comment_status":"open","ping_status":"closed","template":"","meta":[],"product_brand":[2946],"product_cat":[1739],"product_tag":[],"class_list":{"0":"post-741276","1":"product","2":"type-product","3":"status-publish","4":"has-post-thumbnail","6":"product_brand-foresti-suardi-hr","7":"product_cat-rasvjeta","9":"first","10":"instock","11":"shipping-taxable","12":"purchasable","13":"product-type-simple"},"_links":{"self":[{"href":"https:\/\/stoic-curie.212-227-153-4.plesk.page\/hr\/wp-json\/wp\/v2\/product\/741276","targetHints":{"allow":["GET"]}}],"collection":[{"href":"https:\/\/stoic-curie.212-227-153-4.plesk.page\/hr\/wp-json\/wp\/v2\/product"}],"about":[{"href":"https:\/\/stoic-curie.212-227-153-4.plesk.page\/hr\/wp-json\/wp\/v2\/types\/product"}],"replies":[{"embeddable":true,"href":"https:\/\/stoic-curie.212-227-153-4.plesk.page\/hr\/wp-json\/wp\/v2\/comments?post=741276"}],"version-history":[{"count":0,"href":"https:\/\/stoic-curie.212-227-153-4.plesk.page\/hr\/wp-json\/wp\/v2\/product\/741276\/revisions"}],"wp:featuredmedia":[{"embeddable":true,"href":"https:\/\/stoic-curie.212-227-153-4.plesk.page\/hr\/wp-json\/wp\/v2\/media\/5941062"}],"wp:attachment":[{"href":"https:\/\/stoic-curie.212-227-153-4.plesk.page\/hr\/wp-json\/wp\/v2\/media?parent=741276"}],"wp:term":[{"taxonomy":"product_brand","embeddable":true,"href":"https:\/\/stoic-curie.212-227-153-4.plesk.page\/hr\/wp-json\/wp\/v2\/product_brand?post=741276"},{"taxonomy":"product_cat","embeddable":true,"href":"https:\/\/stoic-curie.212-227-153-4.plesk.page\/hr\/wp-json\/wp\/v2\/product_cat?post=741276"},{"taxonomy":"product_tag","embeddable":true,"href":"https:\/\/stoic-curie.212-227-153-4.plesk.page\/hr\/wp-json\/wp\/v2\/product_tag?post=741276"}],"curies":[{"name":"wp","href":"https:\/\/api.w.org\/{rel}","templated":true}]}}