{"id":741278,"date":"2025-03-03T18:13:24","date_gmt":"2025-03-03T17:13:24","guid":{"rendered":"https:\/\/stoic-curie.212-227-153-4.plesk.page\/producto\/led-reflektor-s-daljinskim-upravljacem-od-12-24-v\/"},"modified":"2026-02-25T00:00:52","modified_gmt":"2026-02-25T00:00:52","slug":"led-reflektor-s-daljinskim-upravljacem-od-12-24-v","status":"publish","type":"product","link":"https:\/\/stoic-curie.212-227-153-4.plesk.page\/hr\/product\/led-reflektor-s-daljinskim-upravljacem-od-12-24-v\/","title":{"rendered":"LED reflektor s daljinskim upravlja\u010dem od 12-24 V"},"content":{"rendered":"<p>LED reflektor s daljinskim upravlja\u010dem od 12-24 V &#8211; <\/p>\n<p>LED pretra\u017eiva\u010d s daljinskim upravlja\u010dem, upravljan do 50 metara putem be\u017ei\u010dne upravlja\u010dke plo\u010de. Vodonepropusno plasti\u010dno ku\u0107i\u0161te, oja\u010dana najlon podloga. S kabelom du\u017eine 4 metra, univerzalni napon 12\/24V. Potro\u0161nja 27W.<\/p>\n","protected":false},"excerpt":{"rendered":"<p>LED reflektor s daljinskim upravlja\u010dem od 12-24 V &#8211; LED pretra\u017eiva\u010d s daljinskim upravlja\u010dem, upravljan do 50 metara putem be\u017ei\u010dne<\/p>\n","protected":false},"featured_media":5941067,"comment_status":"open","ping_status":"closed","template":"","meta":[],"product_brand":[3141],"product_cat":[1734],"product_tag":[],"class_list":{"0":"post-741278","1":"product","2":"type-product","3":"status-publish","4":"has-post-thumbnail","6":"product_brand-matromarine-hr","7":"product_cat-brodski-reflektori","9":"first","10":"instock","11":"shipping-taxable","12":"purchasable","13":"product-type-simple"},"_links":{"self":[{"href":"https:\/\/stoic-curie.212-227-153-4.plesk.page\/hr\/wp-json\/wp\/v2\/product\/741278","targetHints":{"allow":["GET"]}}],"collection":[{"href":"https:\/\/stoic-curie.212-227-153-4.plesk.page\/hr\/wp-json\/wp\/v2\/product"}],"about":[{"href":"https:\/\/stoic-curie.212-227-153-4.plesk.page\/hr\/wp-json\/wp\/v2\/types\/product"}],"replies":[{"embeddable":true,"href":"https:\/\/stoic-curie.212-227-153-4.plesk.page\/hr\/wp-json\/wp\/v2\/comments?post=741278"}],"version-history":[{"count":0,"href":"https:\/\/stoic-curie.212-227-153-4.plesk.page\/hr\/wp-json\/wp\/v2\/product\/741278\/revisions"}],"wp:featuredmedia":[{"embeddable":true,"href":"https:\/\/stoic-curie.212-227-153-4.plesk.page\/hr\/wp-json\/wp\/v2\/media\/5941067"}],"wp:attachment":[{"href":"https:\/\/stoic-curie.212-227-153-4.plesk.page\/hr\/wp-json\/wp\/v2\/media?parent=741278"}],"wp:term":[{"taxonomy":"product_brand","embeddable":true,"href":"https:\/\/stoic-curie.212-227-153-4.plesk.page\/hr\/wp-json\/wp\/v2\/product_brand?post=741278"},{"taxonomy":"product_cat","embeddable":true,"href":"https:\/\/stoic-curie.212-227-153-4.plesk.page\/hr\/wp-json\/wp\/v2\/product_cat?post=741278"},{"taxonomy":"product_tag","embeddable":true,"href":"https:\/\/stoic-curie.212-227-153-4.plesk.page\/hr\/wp-json\/wp\/v2\/product_tag?post=741278"}],"curies":[{"name":"wp","href":"https:\/\/api.w.org\/{rel}","templated":true}]}}