{"id":741282,"date":"2025-03-03T18:13:25","date_gmt":"2025-03-03T17:13:25","guid":{"rendered":"https:\/\/stoic-curie.212-227-153-4.plesk.page\/producto\/poliuretanska-elektricna-ploca-s-8-led-prekidaca-100-x-h210-mm\/"},"modified":"2026-02-25T00:00:52","modified_gmt":"2026-02-25T00:00:52","slug":"poliuretanska-elektricna-ploca-s-8-led-prekidaca-100-x-h210-mm","status":"publish","type":"product","link":"https:\/\/stoic-curie.212-227-153-4.plesk.page\/hr\/product\/poliuretanska-elektricna-ploca-s-8-led-prekidaca-100-x-h210-mm\/","title":{"rendered":"Poliuretanska elektricna ploca s 8 LED prekida\u010da 100 x H210 mm"},"content":{"rendered":"<p>Poliuretanska elektricna ploca s 8 LED prekida\u010da 100 x H210 mm &#8211; <\/p>\n<p>Univerzalna vertikalna ili horizontalna monta\u017ea od poliuretanske plo\u010de s vodonepropusnim prekida\u010dima, LED pilot svjetlima i ponovo umetljivim automatskim osigura\u010dima. Kompletnu s unaprijed ispisanim etiketama.<\/p>\n","protected":false},"excerpt":{"rendered":"<p>Poliuretanska elektricna ploca s 8 LED prekida\u010da 100 x H210 mm &#8211; Univerzalna vertikalna ili horizontalna monta\u017ea od poliuretanske plo\u010de<\/p>\n","protected":false},"featured_media":5941075,"comment_status":"open","ping_status":"closed","template":"","meta":[],"product_brand":[3236],"product_cat":[1746],"product_tag":[],"class_list":{"0":"post-741282","1":"product","2":"type-product","3":"status-publish","4":"has-post-thumbnail","6":"product_brand-osculati-hr","7":"product_cat-elektricne-ploce-prekidaca","9":"first","10":"instock","11":"shipping-taxable","12":"purchasable","13":"product-type-simple"},"_links":{"self":[{"href":"https:\/\/stoic-curie.212-227-153-4.plesk.page\/hr\/wp-json\/wp\/v2\/product\/741282","targetHints":{"allow":["GET"]}}],"collection":[{"href":"https:\/\/stoic-curie.212-227-153-4.plesk.page\/hr\/wp-json\/wp\/v2\/product"}],"about":[{"href":"https:\/\/stoic-curie.212-227-153-4.plesk.page\/hr\/wp-json\/wp\/v2\/types\/product"}],"replies":[{"embeddable":true,"href":"https:\/\/stoic-curie.212-227-153-4.plesk.page\/hr\/wp-json\/wp\/v2\/comments?post=741282"}],"version-history":[{"count":0,"href":"https:\/\/stoic-curie.212-227-153-4.plesk.page\/hr\/wp-json\/wp\/v2\/product\/741282\/revisions"}],"wp:featuredmedia":[{"embeddable":true,"href":"https:\/\/stoic-curie.212-227-153-4.plesk.page\/hr\/wp-json\/wp\/v2\/media\/5941075"}],"wp:attachment":[{"href":"https:\/\/stoic-curie.212-227-153-4.plesk.page\/hr\/wp-json\/wp\/v2\/media?parent=741282"}],"wp:term":[{"taxonomy":"product_brand","embeddable":true,"href":"https:\/\/stoic-curie.212-227-153-4.plesk.page\/hr\/wp-json\/wp\/v2\/product_brand?post=741282"},{"taxonomy":"product_cat","embeddable":true,"href":"https:\/\/stoic-curie.212-227-153-4.plesk.page\/hr\/wp-json\/wp\/v2\/product_cat?post=741282"},{"taxonomy":"product_tag","embeddable":true,"href":"https:\/\/stoic-curie.212-227-153-4.plesk.page\/hr\/wp-json\/wp\/v2\/product_tag?post=741282"}],"curies":[{"name":"wp","href":"https:\/\/api.w.org\/{rel}","templated":true}]}}