{"id":741283,"date":"2025-03-03T18:13:25","date_gmt":"2025-03-03T17:13:25","guid":{"rendered":"https:\/\/stoic-curie.212-227-153-4.plesk.page\/producto\/sivi-cerade-za-brodove-podesive-od-518-do-579-cm\/"},"modified":"2026-02-25T00:00:52","modified_gmt":"2026-02-25T00:00:52","slug":"sivi-cerade-za-brodove-podesive-od-518-do-579-cm","status":"publish","type":"product","link":"https:\/\/stoic-curie.212-227-153-4.plesk.page\/hr\/product\/sivi-cerade-za-brodove-podesive-od-518-do-579-cm\/","title":{"rendered":"Sivi cerade za brodove podesive od 518 do 579 cm"},"content":{"rendered":"<p>Sivi cerade za brodove podesive od 518 do 579 cm &#8211; <\/p>\n<p>Pokriva\u010di za \u010damce premium kvalitete napravljeni od 100% vodootpornih PVC prekrivenih tkanina. Otporniji na UV zrake, reflektiraju sun\u010devu svjetlost zahvaljuju\u0107i srebrnoj boji (osim veli\u010dina XL-XXL-XXXL u plavoj boji). Opremljeni unutarnjim elasti\u010dnim pojasom koji savr\u0161eno pristaje obliku \u010damca i dvostrukim \u0161avovima za najbolju trajnost. D-prstenovi otporniji na ogrebotine i konop osiguravaju sigurnu vezivanje.<\/p>\n","protected":false},"excerpt":{"rendered":"<p>Sivi cerade za brodove podesive od 518 do 579 cm &#8211; Pokriva\u010di za \u010damce premium kvalitete napravljeni od 100% vodootpornih<\/p>\n","protected":false},"featured_media":5936863,"comment_status":"open","ping_status":"closed","template":"","meta":[],"product_brand":[3236],"product_cat":[1683],"product_tag":[],"class_list":{"0":"post-741283","1":"product","2":"type-product","3":"status-publish","4":"has-post-thumbnail","6":"product_brand-osculati-hr","7":"product_cat-cerade","9":"first","10":"instock","11":"shipping-taxable","12":"purchasable","13":"product-type-simple"},"_links":{"self":[{"href":"https:\/\/stoic-curie.212-227-153-4.plesk.page\/hr\/wp-json\/wp\/v2\/product\/741283","targetHints":{"allow":["GET"]}}],"collection":[{"href":"https:\/\/stoic-curie.212-227-153-4.plesk.page\/hr\/wp-json\/wp\/v2\/product"}],"about":[{"href":"https:\/\/stoic-curie.212-227-153-4.plesk.page\/hr\/wp-json\/wp\/v2\/types\/product"}],"replies":[{"embeddable":true,"href":"https:\/\/stoic-curie.212-227-153-4.plesk.page\/hr\/wp-json\/wp\/v2\/comments?post=741283"}],"version-history":[{"count":0,"href":"https:\/\/stoic-curie.212-227-153-4.plesk.page\/hr\/wp-json\/wp\/v2\/product\/741283\/revisions"}],"wp:featuredmedia":[{"embeddable":true,"href":"https:\/\/stoic-curie.212-227-153-4.plesk.page\/hr\/wp-json\/wp\/v2\/media\/5936863"}],"wp:attachment":[{"href":"https:\/\/stoic-curie.212-227-153-4.plesk.page\/hr\/wp-json\/wp\/v2\/media?parent=741283"}],"wp:term":[{"taxonomy":"product_brand","embeddable":true,"href":"https:\/\/stoic-curie.212-227-153-4.plesk.page\/hr\/wp-json\/wp\/v2\/product_brand?post=741283"},{"taxonomy":"product_cat","embeddable":true,"href":"https:\/\/stoic-curie.212-227-153-4.plesk.page\/hr\/wp-json\/wp\/v2\/product_cat?post=741283"},{"taxonomy":"product_tag","embeddable":true,"href":"https:\/\/stoic-curie.212-227-153-4.plesk.page\/hr\/wp-json\/wp\/v2\/product_tag?post=741283"}],"curies":[{"name":"wp","href":"https:\/\/api.w.org\/{rel}","templated":true}]}}