{"id":741285,"date":"2025-03-03T18:13:25","date_gmt":"2025-03-03T17:13:25","guid":{"rendered":"https:\/\/stoic-curie.212-227-153-4.plesk.page\/producto\/star-brite-zuta-mekana-cetka-za-ciscenje-drvena\/"},"modified":"2026-02-25T00:00:52","modified_gmt":"2026-02-25T00:00:52","slug":"star-brite-zuta-mekana-cetka-za-ciscenje-drvena","status":"publish","type":"product","link":"https:\/\/stoic-curie.212-227-153-4.plesk.page\/hr\/product\/star-brite-zuta-mekana-cetka-za-ciscenje-drvena\/","title":{"rendered":"Star Brite \u017euta mekana cetka za \u010di\u0161cenje, drvena"},"content":{"rendered":"<p>Star Brite \u017euta mekana cetka za \u010di\u0161cenje, drvena &#8211; <\/p>\n<p>Star-Prene \u010detke za pranje vlakana s dr\u0161kom od sinteti\u010dkog drveta i za\u0161titom od udaraca. Tri razli\u010dite vrste boja i vlakana prema upotrebi:<br \/>\u017duta &#8211; mekana vrsta: zadr\u017eava vodu i savr\u0161ena je za pranje prozora i povr\u0161ina od stakloplastike.<br \/>Plava &#8211; srednja vrsta: savr\u0161ena za op\u0107e \u010di\u0161\u0107enje.<br \/>Bela &#8211; tvrda vrsta: savr\u0161ena za pranje paluba, grubih i posebno prljavih povr\u0161ina.<br \/>Pogoduju svim produ\u017enim dr\u0161kama Star Brite.<\/p>\n","protected":false},"excerpt":{"rendered":"<p>Star Brite \u017euta mekana cetka za \u010di\u0161cenje, drvena &#8211; Star-Prene \u010detke za pranje vlakana s dr\u0161kom od sinteti\u010dkog drveta i<\/p>\n","protected":false},"featured_media":5941132,"comment_status":"open","ping_status":"closed","template":"","meta":[],"product_brand":[3436],"product_cat":[1633],"product_tag":[],"class_list":{"0":"post-741285","1":"product","2":"type-product","3":"status-publish","4":"has-post-thumbnail","6":"product_brand-starbrite-hr","7":"product_cat-cetke-za-ciscenje","9":"first","10":"instock","11":"shipping-taxable","12":"purchasable","13":"product-type-simple"},"_links":{"self":[{"href":"https:\/\/stoic-curie.212-227-153-4.plesk.page\/hr\/wp-json\/wp\/v2\/product\/741285","targetHints":{"allow":["GET"]}}],"collection":[{"href":"https:\/\/stoic-curie.212-227-153-4.plesk.page\/hr\/wp-json\/wp\/v2\/product"}],"about":[{"href":"https:\/\/stoic-curie.212-227-153-4.plesk.page\/hr\/wp-json\/wp\/v2\/types\/product"}],"replies":[{"embeddable":true,"href":"https:\/\/stoic-curie.212-227-153-4.plesk.page\/hr\/wp-json\/wp\/v2\/comments?post=741285"}],"version-history":[{"count":0,"href":"https:\/\/stoic-curie.212-227-153-4.plesk.page\/hr\/wp-json\/wp\/v2\/product\/741285\/revisions"}],"wp:featuredmedia":[{"embeddable":true,"href":"https:\/\/stoic-curie.212-227-153-4.plesk.page\/hr\/wp-json\/wp\/v2\/media\/5941132"}],"wp:attachment":[{"href":"https:\/\/stoic-curie.212-227-153-4.plesk.page\/hr\/wp-json\/wp\/v2\/media?parent=741285"}],"wp:term":[{"taxonomy":"product_brand","embeddable":true,"href":"https:\/\/stoic-curie.212-227-153-4.plesk.page\/hr\/wp-json\/wp\/v2\/product_brand?post=741285"},{"taxonomy":"product_cat","embeddable":true,"href":"https:\/\/stoic-curie.212-227-153-4.plesk.page\/hr\/wp-json\/wp\/v2\/product_cat?post=741285"},{"taxonomy":"product_tag","embeddable":true,"href":"https:\/\/stoic-curie.212-227-153-4.plesk.page\/hr\/wp-json\/wp\/v2\/product_tag?post=741285"}],"curies":[{"name":"wp","href":"https:\/\/api.w.org\/{rel}","templated":true}]}}