{"id":741286,"date":"2025-03-03T18:13:25","date_gmt":"2025-03-03T17:13:25","guid":{"rendered":"https:\/\/stoic-curie.212-227-153-4.plesk.page\/producto\/deluxe-drvena-cetka-star-brite-plava-srednja\/"},"modified":"2026-02-25T00:00:52","modified_gmt":"2026-02-25T00:00:52","slug":"deluxe-drvena-cetka-star-brite-plava-srednja","status":"publish","type":"product","link":"https:\/\/stoic-curie.212-227-153-4.plesk.page\/hr\/product\/deluxe-drvena-cetka-star-brite-plava-srednja\/","title":{"rendered":"Deluxe drvena \u010detka, Star Brite, plava, srednja"},"content":{"rendered":"<p>Deluxe drvena \u010detka, Star Brite, plava, srednja &#8211; <\/p>\n<p>Star-Prene \u010detke za pranje vlakana sa sinteti\u010dkom drvenom dr\u0161kom i za\u0161titom od udaraca. 3 razli\u010dite vrste boja i vlakana prema upotrebi: <br \/> \u017duta &#8211; meki tip: zadr\u017eava vodu i savr\u0161ena je za pranje prozora i fiberglas povr\u0161ina. <br \/> Plava &#8211; srednji tip: savr\u0161ena za sveobuhvatno \u010di\u0161\u0107enje. <br \/> Bijela &#8211; tvrdi tip: savr\u0161ena za pranje paluba, grubih i posebno prljavih povr\u0161ina. <br \/> Savr\u0161eno se uklapaju u sve Star Brite produ\u017eive dr\u0161ke.<\/p>\n","protected":false},"excerpt":{"rendered":"<p>Deluxe drvena \u010detka, Star Brite, plava, srednja &#8211; Star-Prene \u010detke za pranje vlakana sa sinteti\u010dkom drvenom dr\u0161kom i za\u0161titom od<\/p>\n","protected":false},"featured_media":5941132,"comment_status":"open","ping_status":"closed","template":"","meta":[],"product_brand":[3436],"product_cat":[1633],"product_tag":[],"class_list":{"0":"post-741286","1":"product","2":"type-product","3":"status-publish","4":"has-post-thumbnail","6":"product_brand-starbrite-hr","7":"product_cat-cetke-za-ciscenje","9":"first","10":"instock","11":"shipping-taxable","12":"purchasable","13":"product-type-simple"},"_links":{"self":[{"href":"https:\/\/stoic-curie.212-227-153-4.plesk.page\/hr\/wp-json\/wp\/v2\/product\/741286","targetHints":{"allow":["GET"]}}],"collection":[{"href":"https:\/\/stoic-curie.212-227-153-4.plesk.page\/hr\/wp-json\/wp\/v2\/product"}],"about":[{"href":"https:\/\/stoic-curie.212-227-153-4.plesk.page\/hr\/wp-json\/wp\/v2\/types\/product"}],"replies":[{"embeddable":true,"href":"https:\/\/stoic-curie.212-227-153-4.plesk.page\/hr\/wp-json\/wp\/v2\/comments?post=741286"}],"version-history":[{"count":0,"href":"https:\/\/stoic-curie.212-227-153-4.plesk.page\/hr\/wp-json\/wp\/v2\/product\/741286\/revisions"}],"wp:featuredmedia":[{"embeddable":true,"href":"https:\/\/stoic-curie.212-227-153-4.plesk.page\/hr\/wp-json\/wp\/v2\/media\/5941132"}],"wp:attachment":[{"href":"https:\/\/stoic-curie.212-227-153-4.plesk.page\/hr\/wp-json\/wp\/v2\/media?parent=741286"}],"wp:term":[{"taxonomy":"product_brand","embeddable":true,"href":"https:\/\/stoic-curie.212-227-153-4.plesk.page\/hr\/wp-json\/wp\/v2\/product_brand?post=741286"},{"taxonomy":"product_cat","embeddable":true,"href":"https:\/\/stoic-curie.212-227-153-4.plesk.page\/hr\/wp-json\/wp\/v2\/product_cat?post=741286"},{"taxonomy":"product_tag","embeddable":true,"href":"https:\/\/stoic-curie.212-227-153-4.plesk.page\/hr\/wp-json\/wp\/v2\/product_tag?post=741286"}],"curies":[{"name":"wp","href":"https:\/\/api.w.org\/{rel}","templated":true}]}}