{"id":741292,"date":"2025-03-03T18:13:27","date_gmt":"2025-03-03T17:13:27","guid":{"rendered":"https:\/\/stoic-curie.212-227-153-4.plesk.page\/producto\/sidreno-vitlo-quick-cl1-500w-12v-niski-profil-lanac-od-6-mm\/"},"modified":"2026-02-25T00:00:52","modified_gmt":"2026-02-25T00:00:52","slug":"sidreno-vitlo-quick-cl1-500w-12v-niski-profil-lanac-od-6-mm","status":"publish","type":"product","link":"https:\/\/stoic-curie.212-227-153-4.plesk.page\/hr\/product\/sidreno-vitlo-quick-cl1-500w-12v-niski-profil-lanac-od-6-mm\/","title":{"rendered":"Sidreno vitlo Quick CL1 500W 12v niski profil &#8211; lanac od 6 mm"},"content":{"rendered":"<p>Sidreno vitlo Quick CL1 500W 12v niski profil &#8211; lanac od 6 mm &#8211; <\/p>\n<p style=\"color: rgb(34, 34, 34); font-family: Arial, Helvetica, sans-serif; font-size: small;\">Predstavljamo QUICK CUSTOM LINE CL1, vrlo izdr\u017eljiv i pouzdan sidreni vitlo dizajnirano za zadovoljenje potreba morskih entuzijasta i profesionalaca. Ovo izvanredno vitlo izra\u0111eno je od otpornog brona i elemenata od nehr\u0111aju\u0107eg \u010delika, osiguravaju\u0107i dugovje\u010dnost i performanse \u010dak i u najte\u017eim morskim uvjetima. Dizajn uklju\u010duje robusnu bazu i ku\u0107i\u0161te od nehr\u0111aju\u0107eg \u010delika, a unutarnja struktura od kompozita dodatno pobolj\u0161ava ukupnu \u010dvrsto\u0107u i izdr\u017eljivost.<\/p>\n<p style=\"color: rgb(34, 34, 34); font-family: Arial, Helvetica, sans-serif; font-size: small;\">Jedna od istaknutih zna\u010dajki ovog modela je mehanizam za ru\u010dni slobodni pad lanca, koji dolazi s jednostavnim upravlja\u010dkim kutijom i ru\u010dkom za laku upotrebu. Me\u0111utim, va\u017eno je napomenuti da ekonomska serija vitala ne uklju\u010duje senzor brojila lanca, \u0161to mo\u017ee biti va\u017eno za neke korisnike. S maksimalnim operativnim optere\u0107enjem od 200 kg, QUICK CUSTOM LINE CL1 je dizajniran da upravlja raznim sidrenim zadacima, \u0161to ga \u010dini odli\u010dnim izborom za nauti\u010dare koji tra\u017ee pouzdanost i u\u010dinkovitost na vodi.<\/p>\n","protected":false},"excerpt":{"rendered":"<p>Sidreno vitlo Quick CL1 500W 12v niski profil &#8211; lanac od 6 mm &#8211; Predstavljamo QUICK CUSTOM LINE CL1, vrlo<\/p>\n","protected":false},"featured_media":5941143,"comment_status":"open","ping_status":"closed","template":"","meta":[],"product_brand":[3281],"product_cat":[1611],"product_tag":[],"class_list":{"0":"post-741292","1":"product","2":"type-product","3":"status-publish","4":"has-post-thumbnail","6":"product_brand-quick-hr","7":"product_cat-vitla-quick","9":"first","10":"instock","11":"shipping-taxable","12":"purchasable","13":"product-type-simple"},"_links":{"self":[{"href":"https:\/\/stoic-curie.212-227-153-4.plesk.page\/hr\/wp-json\/wp\/v2\/product\/741292","targetHints":{"allow":["GET"]}}],"collection":[{"href":"https:\/\/stoic-curie.212-227-153-4.plesk.page\/hr\/wp-json\/wp\/v2\/product"}],"about":[{"href":"https:\/\/stoic-curie.212-227-153-4.plesk.page\/hr\/wp-json\/wp\/v2\/types\/product"}],"replies":[{"embeddable":true,"href":"https:\/\/stoic-curie.212-227-153-4.plesk.page\/hr\/wp-json\/wp\/v2\/comments?post=741292"}],"version-history":[{"count":0,"href":"https:\/\/stoic-curie.212-227-153-4.plesk.page\/hr\/wp-json\/wp\/v2\/product\/741292\/revisions"}],"wp:featuredmedia":[{"embeddable":true,"href":"https:\/\/stoic-curie.212-227-153-4.plesk.page\/hr\/wp-json\/wp\/v2\/media\/5941143"}],"wp:attachment":[{"href":"https:\/\/stoic-curie.212-227-153-4.plesk.page\/hr\/wp-json\/wp\/v2\/media?parent=741292"}],"wp:term":[{"taxonomy":"product_brand","embeddable":true,"href":"https:\/\/stoic-curie.212-227-153-4.plesk.page\/hr\/wp-json\/wp\/v2\/product_brand?post=741292"},{"taxonomy":"product_cat","embeddable":true,"href":"https:\/\/stoic-curie.212-227-153-4.plesk.page\/hr\/wp-json\/wp\/v2\/product_cat?post=741292"},{"taxonomy":"product_tag","embeddable":true,"href":"https:\/\/stoic-curie.212-227-153-4.plesk.page\/hr\/wp-json\/wp\/v2\/product_tag?post=741292"}],"curies":[{"name":"wp","href":"https:\/\/api.w.org\/{rel}","templated":true}]}}