{"id":741293,"date":"2025-03-03T18:13:27","date_gmt":"2025-03-03T17:13:27","guid":{"rendered":"https:\/\/stoic-curie.212-227-153-4.plesk.page\/producto\/sidreno-vitlo-quick-dp1-500w-12v-niski-profil-6mm-lanac\/"},"modified":"2026-02-25T00:00:52","modified_gmt":"2026-02-25T00:00:52","slug":"sidreno-vitlo-quick-dp1-500w-12v-niski-profil-6mm-lanac","status":"publish","type":"product","link":"https:\/\/stoic-curie.212-227-153-4.plesk.page\/hr\/product\/sidreno-vitlo-quick-dp1-500w-12v-niski-profil-6mm-lanac\/","title":{"rendered":"Sidreno vitlo Quick DP1 500W 12v niski profil &#8211; 6mm lanac"},"content":{"rendered":"<p>Sidreno vitlo Quick DP1 500W 12v niski profil &#8211; 6mm lanac &#8211; <\/p>\n<p style=\"color: rgb(34, 34, 34); font-family: Arial, Helvetica, sans-serif; font-size: small;\">Predstavljamo Prince DP1 512 vertikalni sidreni podiza\u010d, Quick Italy sidreni podiza\u010d koji se odlikuje izdr\u017eljivim bron\u010danim i nehr\u0111aju\u0107im \u010deli\u010dnim komponentama za vu\u010du.<\/p>\n<p style=\"color: rgb(34, 34, 34); font-family: Arial, Helvetica, sans-serif; font-size: small;\">Ovaj podiza\u010d uklju\u010duje senzor brojila lanca i ru\u010dni sustav slobodnog pada lanca. Ima podno\u017eje i ku\u0107i\u0161te od nehr\u0111aju\u0107eg \u010delika s unutarnjom kompozitnom strukturu, a njegov motor je IP67 vodootporan.<\/p>\n<p style=\"color: rgb(34, 34, 34); font-family: Arial, Helvetica, sans-serif; font-size: small;\">Pakiranje dolazi s kontrolnom kutijom i ru\u010dkom.<\/p>\n<p style=\"color: rgb(34, 34, 34); font-family: Arial, Helvetica, sans-serif; font-size: small;\">Podno\u017eje od nehr\u0111aju\u0107eg \u010delika 316 dizajnirano je s ugra\u0111enim lijevom za lanac. Gypsy podr\u017eava 6 mm lanac koji ispunjava DIN766 ili ISO standarde i opremljen je senzorom brojila lanca. Uklju\u010duje relej kutiju i gypsy, dostupno s ili bez bubnja. Motor ima IP66 ocjenu za vodootpornu za\u0161titu.<\/p>\n<p style=\"color: rgb(34, 34, 34); font-family: Arial, Helvetica, sans-serif; font-size: small;\"><strong>Prince DP1 512 &#8211; Samo Gypsy<\/strong><\/p>\n<p style=\"color: rgb(34, 34, 34); font-family: Arial, Helvetica, sans-serif; font-size: small;\">Ovaj podiza\u010d je prikladan za \u010damce du\u017eine od 5 m do 8,5 m (16-28 ft).<\/p>\n<ul style=\"color: rgb(34, 34, 34); font-family: Arial, Helvetica, sans-serif; font-size: small;\">\n<li><strong>Bubanj:<\/strong>&nbsp;Ne<\/li>\n<li><strong>Motorna snaga:<\/strong>&nbsp;500 W<\/li>\n<li><strong>Ulazni napon:<\/strong>&nbsp;12 V<\/li>\n<li><strong>Maksimalna vu\u010dna snaga:<\/strong>&nbsp;660 kg<\/li>\n<li><strong>Maksimalna radna optere\u0107enja:<\/strong>&nbsp;200 kg<\/li>\n<li><strong>Radno optere\u0107enje:<\/strong>&nbsp;65 kg<\/li>\n<li><strong>Brzina lanca pri radnom optere\u0107enju:<\/strong>&nbsp;18,5 m\/min<\/li>\n<li><strong>Absorpcija struje pri radnom optere\u0107enju:<\/strong>&nbsp;80 A<\/li>\n<li><strong>Debljina palube:<\/strong>&nbsp;20-30 mm<\/li>\n<li><strong>Te\u017eina:<\/strong>&nbsp;7,4 kg<\/li>\n<li><strong>Veli\u010dina Gypsy:<\/strong>&nbsp;6 mm<\/li>\n<\/ul>\n<p style=\"color: rgb(34, 34, 34); font-family: Arial, Helvetica, sans-serif; font-size: small;\">Ovaj podiza\u010d kombinira kvalitetu i performanse, \u010dine\u0107i ga izvrsnim izborom za va\u0161e potrebe na brodu.<\/p>\n","protected":false},"excerpt":{"rendered":"<p>Sidreno vitlo Quick DP1 500W 12v niski profil &#8211; 6mm lanac &#8211; Predstavljamo Prince DP1 512 vertikalni sidreni podiza\u010d, Quick<\/p>\n","protected":false},"featured_media":5941147,"comment_status":"open","ping_status":"closed","template":"","meta":[],"product_brand":[3281],"product_cat":[1611],"product_tag":[],"class_list":{"0":"post-741293","1":"product","2":"type-product","3":"status-publish","4":"has-post-thumbnail","6":"product_brand-quick-hr","7":"product_cat-vitla-quick","9":"first","10":"instock","11":"shipping-taxable","12":"purchasable","13":"product-type-simple"},"_links":{"self":[{"href":"https:\/\/stoic-curie.212-227-153-4.plesk.page\/hr\/wp-json\/wp\/v2\/product\/741293","targetHints":{"allow":["GET"]}}],"collection":[{"href":"https:\/\/stoic-curie.212-227-153-4.plesk.page\/hr\/wp-json\/wp\/v2\/product"}],"about":[{"href":"https:\/\/stoic-curie.212-227-153-4.plesk.page\/hr\/wp-json\/wp\/v2\/types\/product"}],"replies":[{"embeddable":true,"href":"https:\/\/stoic-curie.212-227-153-4.plesk.page\/hr\/wp-json\/wp\/v2\/comments?post=741293"}],"version-history":[{"count":0,"href":"https:\/\/stoic-curie.212-227-153-4.plesk.page\/hr\/wp-json\/wp\/v2\/product\/741293\/revisions"}],"wp:featuredmedia":[{"embeddable":true,"href":"https:\/\/stoic-curie.212-227-153-4.plesk.page\/hr\/wp-json\/wp\/v2\/media\/5941147"}],"wp:attachment":[{"href":"https:\/\/stoic-curie.212-227-153-4.plesk.page\/hr\/wp-json\/wp\/v2\/media?parent=741293"}],"wp:term":[{"taxonomy":"product_brand","embeddable":true,"href":"https:\/\/stoic-curie.212-227-153-4.plesk.page\/hr\/wp-json\/wp\/v2\/product_brand?post=741293"},{"taxonomy":"product_cat","embeddable":true,"href":"https:\/\/stoic-curie.212-227-153-4.plesk.page\/hr\/wp-json\/wp\/v2\/product_cat?post=741293"},{"taxonomy":"product_tag","embeddable":true,"href":"https:\/\/stoic-curie.212-227-153-4.plesk.page\/hr\/wp-json\/wp\/v2\/product_tag?post=741293"}],"curies":[{"name":"wp","href":"https:\/\/api.w.org\/{rel}","templated":true}]}}