{"id":741296,"date":"2025-03-03T18:13:28","date_gmt":"2025-03-03T17:13:28","guid":{"rendered":"https:\/\/stoic-curie.212-227-153-4.plesk.page\/producto\/sidreno-vitlo-quick-prince-dp2-700w-12v-niski-profil-lanac-od-6-mm\/"},"modified":"2026-02-25T00:00:52","modified_gmt":"2026-02-25T00:00:52","slug":"sidreno-vitlo-quick-prince-dp2-700w-12v-niski-profil-lanac-od-6-mm","status":"publish","type":"product","link":"https:\/\/stoic-curie.212-227-153-4.plesk.page\/hr\/product\/sidreno-vitlo-quick-prince-dp2-700w-12v-niski-profil-lanac-od-6-mm\/","title":{"rendered":"Sidreno vitlo Quick Prince DP2 700W 12v niski profil &#8211; lanac od 6 mm"},"content":{"rendered":"<p>Sidreno vitlo Quick Prince DP2 700W 12v niski profil &#8211; lanac od 6 mm &#8211; <\/p>\n<p style=\"color: rgb(34, 34, 34); font-family: Arial, Helvetica, sans-serif; font-size: small;\">Windlass Prince DP2 712 &#8211; Gypsy Samo (6 mm lanac)<\/p>\n<p style=\"color: rgb(34, 34, 34); font-family: Arial, Helvetica, sans-serif; font-size: small;\">Ova sidrena vitla su dizajnirana za brodove od 7 do 12 metara (23 do 40 stopa) i sadr\u017ee izdr\u017eljive dijelove od bronce i nehr\u0111aju\u0107eg \u010delika.<\/p>\n<p style=\"color: rgb(34, 34, 34); font-family: Arial, Helvetica, sans-serif; font-size: small;\">Uklju\u010duje senzor mjera\u010da lanca i ru\u010dni sustav za slobodno ispu\u0161tanje lanca, uz ru\u010dni sustav za hitno podizanje i pritiskivih ruku. Jedinica dolazi s kontrolnom kutijom i ru\u010dkom. Podloga i ku\u0107i\u0161te su od nehr\u0111aju\u0107eg \u010delika, a motor je IP67 klase za vodonepropusnu za\u0161titu.<\/p>\n<p style=\"color: rgb(34, 34, 34); font-family: Arial, Helvetica, sans-serif; font-size: small;\">Windlass ima bazu od nehr\u0111aju\u0107eg \u010delika 316 s ugra\u0111enom cijevi za lanac. Rope\/chain gypsy opremljena je senzorom mjera\u010da lanca i isporu\u010duje se s relej kutijom. Mo\u017eete birati izme\u0111u gypsy s ili bez bubnja. Motor tako\u0111er ima IP67 ocjenu za vodonepropusne performanse.<\/p>\n<p style=\"color: rgb(34, 34, 34); font-family: Arial, Helvetica, sans-serif; font-size: small;\">Tehni\u010dki podaci:<\/p>\n<ul style=\"color: rgb(34, 34, 34); font-family: Arial, Helvetica, sans-serif; font-size: small;\">\n<li>Bubanj: Ne<\/li>\n<li>Snaga motora: 700 W<\/li>\n<li>Ulazni napon: 12 V<\/li>\n<li>Maksimalna vu\u010da: 680 kg<\/li>\n<li>Maksimalno radno optere\u0107enje: 300 kg<\/li>\n<li>Radno optere\u0107enje: 100 kg<\/li>\n<li>Brzina lanca pri radnom optere\u0107enju: 11,6 m\/min<\/li>\n<li>Potro\u0161nja struje pri radnom optere\u0107enju: 95 A<\/li>\n<li>Debljina palube: 25-50 mm<\/li>\n<li>Te\u017eina: 15,6 kg<\/li>\n<li>Gypsy veli\u010dina: 6 mm<\/li>\n<\/ul>\n","protected":false},"excerpt":{"rendered":"<p>Sidreno vitlo Quick Prince DP2 700W 12v niski profil &#8211; lanac od 6 mm &#8211; Windlass Prince DP2 712 &#8211;<\/p>\n","protected":false},"featured_media":5941154,"comment_status":"open","ping_status":"closed","template":"","meta":[],"product_brand":[3281],"product_cat":[1611],"product_tag":[],"class_list":{"0":"post-741296","1":"product","2":"type-product","3":"status-publish","4":"has-post-thumbnail","6":"product_brand-quick-hr","7":"product_cat-vitla-quick","9":"first","10":"instock","11":"shipping-taxable","12":"purchasable","13":"product-type-simple"},"_links":{"self":[{"href":"https:\/\/stoic-curie.212-227-153-4.plesk.page\/hr\/wp-json\/wp\/v2\/product\/741296","targetHints":{"allow":["GET"]}}],"collection":[{"href":"https:\/\/stoic-curie.212-227-153-4.plesk.page\/hr\/wp-json\/wp\/v2\/product"}],"about":[{"href":"https:\/\/stoic-curie.212-227-153-4.plesk.page\/hr\/wp-json\/wp\/v2\/types\/product"}],"replies":[{"embeddable":true,"href":"https:\/\/stoic-curie.212-227-153-4.plesk.page\/hr\/wp-json\/wp\/v2\/comments?post=741296"}],"version-history":[{"count":0,"href":"https:\/\/stoic-curie.212-227-153-4.plesk.page\/hr\/wp-json\/wp\/v2\/product\/741296\/revisions"}],"wp:featuredmedia":[{"embeddable":true,"href":"https:\/\/stoic-curie.212-227-153-4.plesk.page\/hr\/wp-json\/wp\/v2\/media\/5941154"}],"wp:attachment":[{"href":"https:\/\/stoic-curie.212-227-153-4.plesk.page\/hr\/wp-json\/wp\/v2\/media?parent=741296"}],"wp:term":[{"taxonomy":"product_brand","embeddable":true,"href":"https:\/\/stoic-curie.212-227-153-4.plesk.page\/hr\/wp-json\/wp\/v2\/product_brand?post=741296"},{"taxonomy":"product_cat","embeddable":true,"href":"https:\/\/stoic-curie.212-227-153-4.plesk.page\/hr\/wp-json\/wp\/v2\/product_cat?post=741296"},{"taxonomy":"product_tag","embeddable":true,"href":"https:\/\/stoic-curie.212-227-153-4.plesk.page\/hr\/wp-json\/wp\/v2\/product_tag?post=741296"}],"curies":[{"name":"wp","href":"https:\/\/api.w.org\/{rel}","templated":true}]}}