{"id":741297,"date":"2025-03-03T18:13:28","date_gmt":"2025-03-03T17:13:28","guid":{"rendered":"https:\/\/stoic-curie.212-227-153-4.plesk.page\/producto\/sidreno-vitlo-quick-prince-dp2-700w-12v-bez-bubnja-8mm-lanac\/"},"modified":"2026-02-25T00:00:52","modified_gmt":"2026-02-25T00:00:52","slug":"sidreno-vitlo-quick-prince-dp2-700w-12v-bez-bubnja-8mm-lanac","status":"publish","type":"product","link":"https:\/\/stoic-curie.212-227-153-4.plesk.page\/hr\/product\/sidreno-vitlo-quick-prince-dp2-700w-12v-bez-bubnja-8mm-lanac\/","title":{"rendered":"Sidreno vitlo Quick Prince DP2 700W 12v bez bubnja &#8211; 8mm Lanac"},"content":{"rendered":"<p>Sidreno vitlo Quick Prince DP2 700W 12v bez bubnja &#8211; 8mm Lanac &#8211; <\/p>\n<p>Windlass Prince DP2 712 &#8211; Samo Gypsy (8mm lanac)<\/p>\n<p>Ova sidra\u010dka vitla posebno su dizajnirana za plovila du\u017eine izme\u0111u 7 i 12 metara (23 do 40 stopa) i izgra\u0111ena su od \u010dvrstih materijala kao \u0161to su bronca i nehr\u0111aju\u0107i \u010delik.<\/p>\n<p>Posjeduje senzor broja\u010da lanca i ru\u010dni mehanizam slobodnog pada, kao i sustav ru\u010dne hitne dizalice i tlak \u010delika. Jedinica dolazi s kontrolnom kutijom i ru\u010dkom. Osnova i ku\u0107i\u0161te izra\u0111eni su od nehr\u0111aju\u0107eg \u010delika, a uklju\u010duju unutarnji kompozitni dizajn, dok je motor ocijenjen IP67 za vodootpornu za\u0161titu.<\/p>\n<p>Vitlo uklju\u010duje osnovu od nehr\u0111aju\u0107eg \u010delika 316 koja ima integriranu cijev za lanac. \u0160pula za konop\/lancu dolazi sa senzorom broja\u010da lanca i isporu\u010duje se s relej kutijom. Imate mogu\u0107nost odabrati gypsy s ili bez bubnja. Motor tako\u0111er ima ocjenu IP67 za vodootpornu funkcionalnost.<\/p>\n<p>Tehni\u010dke specifikacije:<\/p>\n<ul>\n<li>Bubanj: Ne<\/li>\n<li>Snaga motora: 700 W<\/li>\n<li>Ulazni napon: 12 V<\/li>\n<li>Maksimalna vu\u010dna sila: 680 kg<\/li>\n<li>Maksimalna radna optere\u0107enja: 300 kg<\/li>\n<li>Radno optere\u0107enje: 100 kg<\/li>\n<li>Brzina lanca pri radnom optere\u0107enju: 11,6 m\/min<\/li>\n<li>Potro\u0161nja struje pri radnom optere\u0107enju: 95 A<\/li>\n<li>Debljina palube: 25-50 mm<\/li>\n<li>Te\u017eina: 15,6 kg<\/li>\n<li>Veli\u010dina Gypsy: 6 mm<\/li>\n<\/ul>\n","protected":false},"excerpt":{"rendered":"<p>Sidreno vitlo Quick Prince DP2 700W 12v bez bubnja &#8211; 8mm Lanac &#8211; Windlass Prince DP2 712 &#8211; Samo Gypsy<\/p>\n","protected":false},"featured_media":5941154,"comment_status":"open","ping_status":"closed","template":"","meta":[],"product_brand":[3281],"product_cat":[1611],"product_tag":[],"class_list":{"0":"post-741297","1":"product","2":"type-product","3":"status-publish","4":"has-post-thumbnail","6":"product_brand-quick-hr","7":"product_cat-vitla-quick","9":"first","10":"instock","11":"shipping-taxable","12":"purchasable","13":"product-type-simple"},"_links":{"self":[{"href":"https:\/\/stoic-curie.212-227-153-4.plesk.page\/hr\/wp-json\/wp\/v2\/product\/741297","targetHints":{"allow":["GET"]}}],"collection":[{"href":"https:\/\/stoic-curie.212-227-153-4.plesk.page\/hr\/wp-json\/wp\/v2\/product"}],"about":[{"href":"https:\/\/stoic-curie.212-227-153-4.plesk.page\/hr\/wp-json\/wp\/v2\/types\/product"}],"replies":[{"embeddable":true,"href":"https:\/\/stoic-curie.212-227-153-4.plesk.page\/hr\/wp-json\/wp\/v2\/comments?post=741297"}],"version-history":[{"count":0,"href":"https:\/\/stoic-curie.212-227-153-4.plesk.page\/hr\/wp-json\/wp\/v2\/product\/741297\/revisions"}],"wp:featuredmedia":[{"embeddable":true,"href":"https:\/\/stoic-curie.212-227-153-4.plesk.page\/hr\/wp-json\/wp\/v2\/media\/5941154"}],"wp:attachment":[{"href":"https:\/\/stoic-curie.212-227-153-4.plesk.page\/hr\/wp-json\/wp\/v2\/media?parent=741297"}],"wp:term":[{"taxonomy":"product_brand","embeddable":true,"href":"https:\/\/stoic-curie.212-227-153-4.plesk.page\/hr\/wp-json\/wp\/v2\/product_brand?post=741297"},{"taxonomy":"product_cat","embeddable":true,"href":"https:\/\/stoic-curie.212-227-153-4.plesk.page\/hr\/wp-json\/wp\/v2\/product_cat?post=741297"},{"taxonomy":"product_tag","embeddable":true,"href":"https:\/\/stoic-curie.212-227-153-4.plesk.page\/hr\/wp-json\/wp\/v2\/product_tag?post=741297"}],"curies":[{"name":"wp","href":"https:\/\/api.w.org\/{rel}","templated":true}]}}