{"id":741298,"date":"2025-03-03T18:13:28","date_gmt":"2025-03-03T17:13:28","guid":{"rendered":"https:\/\/stoic-curie.212-227-153-4.plesk.page\/producto\/sidreno-vitlo-quick-prince-dp2-1000w-12v-niski-profil-lanac-od-8-mm\/"},"modified":"2026-02-25T00:00:52","modified_gmt":"2026-02-25T00:00:52","slug":"sidreno-vitlo-quick-prince-dp2-1000w-12v-niski-profil-lanac-od-8-mm","status":"publish","type":"product","link":"https:\/\/stoic-curie.212-227-153-4.plesk.page\/hr\/product\/sidreno-vitlo-quick-prince-dp2-1000w-12v-niski-profil-lanac-od-8-mm\/","title":{"rendered":"Sidreno vitlo Quick Prince DP2 1000W 12v &#8211; niski profil &#8211; lanac od 8 mm"},"content":{"rendered":"<p>Sidreno vitlo Quick Prince DP2 1000W 12v &#8211; niski profil &#8211; lanac od 8 mm &#8211; <\/p>\n<p style=\"color: rgb(34, 34, 34); font-family: Arial, Helvetica, sans-serif; font-size: small;\">Predstavljamo quick Prince DP2 1012 sidrenu vjetroturbinu, pa\u017eljivo dizajniranu s kombinacijom bron\u010danih i nehr\u0111aju\u0107ih \u010deli\u010dnih elemenata koji pru\u017eaju vu\u010du. Ova vjetroturbina opremljena je senzorom broja\u010da lanca i mehanizmom za slobodno padanje lanaca, osiguravaju\u0107i optimalnu funkcionalnost. Dodatno, ima sustav ru\u010dnog podizanja u slu\u010daju nu\u017ede i polugu za pritisak za pobolj\u0161anje sigurnosti. Ure\u0111aj dolazi s upravlja\u010dkom kutijom i ru\u010dkom, dok su mu nehr\u0111aju\u0107i \u010delik u osnovi i ku\u0107i\u0161tu izgra\u0111eni s robusnom unutarnjom kompozitnom strukturom. Motor ima IP67 ocjenu, \u0161to osigurava izvrsnu vodonepropusnost.<\/p>\n<p style=\"color: rgb(34, 34, 34); font-family: Arial, Helvetica, sans-serif; font-size: small;\">Sidrena vjetroturbina uklju\u010duje postolje od nehr\u0111aju\u0107eg \u010delika 316 koje ima integriranu cijev za lanac. Spust\/lan\u010dani muzi\u0107 dizajniran je s senzorom broja\u010da lanca i dolazi s relej kutijom. Imate mogu\u0107nost odabrati muzi\u0107a s napola ili bez bubnja, a motor zadr\u017eava svoju IP67 klasu vodootpornosti.<\/p>\n<p style=\"color: rgb(34, 34, 34); font-family: Arial, Helvetica, sans-serif; font-size: small;\">Prince DP2 1012 muzi\u0107 prikladan je za plovila duljine od 8 do 13 metara (26 do 43 stopa).<\/p>\n<p style=\"color: rgb(34, 34, 34); font-family: Arial, Helvetica, sans-serif; font-size: small;\">Specifikacije:<\/p>\n<ul style=\"color: rgb(34, 34, 34); font-family: Arial, Helvetica, sans-serif; font-size: small;\">\n<li>Bubanj: Ne<\/li>\n<li>Snaga motora: 1000 W<\/li>\n<li>Napon Ulaz: 12 V<\/li>\n<li>Maksimalna vu\u010dna mo\u0107: 930 kg<\/li>\n<li>Maksimalna radna optere\u0107enja: 420 kg<\/li>\n<li>Radno optere\u0107enje: 140 kg<\/li>\n<li>Brzina lanca pri radnom optere\u0107enju: 16,5 m\/min<\/li>\n<li>Struja na radnom optere\u0107enju: 130 A<\/li>\n<li>Debljina palube: 25-50 mm<\/li>\n<li>Te\u017eina: 16,7 kg<\/li>\n<li>Veli\u010dina muzi\u0107a: 8 mm<\/li>\n<\/ul>\n<p style=\"color: rgb(34, 34, 34); font-family: Arial, Helvetica, sans-serif; font-size: small;\">Ova vjetroturbina predstavlja izvrsnu opciju za vlasnike brodova koji tra\u017ee pouzdana i visoko u\u010dinkovita sidrena rje\u0161enja.<\/p>\n","protected":false},"excerpt":{"rendered":"<p>Sidreno vitlo Quick Prince DP2 1000W 12v &#8211; niski profil &#8211; lanac od 8 mm &#8211; Predstavljamo quick Prince DP2<\/p>\n","protected":false},"featured_media":5941154,"comment_status":"open","ping_status":"closed","template":"","meta":[],"product_brand":[3281],"product_cat":[1611],"product_tag":[],"class_list":{"0":"post-741298","1":"product","2":"type-product","3":"status-publish","4":"has-post-thumbnail","6":"product_brand-quick-hr","7":"product_cat-vitla-quick","9":"first","10":"instock","11":"shipping-taxable","12":"purchasable","13":"product-type-simple"},"_links":{"self":[{"href":"https:\/\/stoic-curie.212-227-153-4.plesk.page\/hr\/wp-json\/wp\/v2\/product\/741298","targetHints":{"allow":["GET"]}}],"collection":[{"href":"https:\/\/stoic-curie.212-227-153-4.plesk.page\/hr\/wp-json\/wp\/v2\/product"}],"about":[{"href":"https:\/\/stoic-curie.212-227-153-4.plesk.page\/hr\/wp-json\/wp\/v2\/types\/product"}],"replies":[{"embeddable":true,"href":"https:\/\/stoic-curie.212-227-153-4.plesk.page\/hr\/wp-json\/wp\/v2\/comments?post=741298"}],"version-history":[{"count":0,"href":"https:\/\/stoic-curie.212-227-153-4.plesk.page\/hr\/wp-json\/wp\/v2\/product\/741298\/revisions"}],"wp:featuredmedia":[{"embeddable":true,"href":"https:\/\/stoic-curie.212-227-153-4.plesk.page\/hr\/wp-json\/wp\/v2\/media\/5941154"}],"wp:attachment":[{"href":"https:\/\/stoic-curie.212-227-153-4.plesk.page\/hr\/wp-json\/wp\/v2\/media?parent=741298"}],"wp:term":[{"taxonomy":"product_brand","embeddable":true,"href":"https:\/\/stoic-curie.212-227-153-4.plesk.page\/hr\/wp-json\/wp\/v2\/product_brand?post=741298"},{"taxonomy":"product_cat","embeddable":true,"href":"https:\/\/stoic-curie.212-227-153-4.plesk.page\/hr\/wp-json\/wp\/v2\/product_cat?post=741298"},{"taxonomy":"product_tag","embeddable":true,"href":"https:\/\/stoic-curie.212-227-153-4.plesk.page\/hr\/wp-json\/wp\/v2\/product_tag?post=741298"}],"curies":[{"name":"wp","href":"https:\/\/api.w.org\/{rel}","templated":true}]}}