{"id":741299,"date":"2025-03-03T18:13:29","date_gmt":"2025-03-03T17:13:29","guid":{"rendered":"https:\/\/stoic-curie.212-227-153-4.plesk.page\/producto\/sidreno-vitlo-quick-prince-dp2-1000w-d-12v-s-bubnjem-8mm-lanac\/"},"modified":"2026-02-25T00:00:52","modified_gmt":"2026-02-25T00:00:52","slug":"sidreno-vitlo-quick-prince-dp2-1000w-d-12v-s-bubnjem-8mm-lanac","status":"publish","type":"product","link":"https:\/\/stoic-curie.212-227-153-4.plesk.page\/hr\/product\/sidreno-vitlo-quick-prince-dp2-1000w-d-12v-s-bubnjem-8mm-lanac\/","title":{"rendered":"Sidreno vitlo Quick Prince DP2 1000W-D 12v &#8211; s bubnjem &#8211; 8mm Lanac"},"content":{"rendered":"<p>Sidreno vitlo Quick Prince DP2 1000W-D 12v &#8211; s bubnjem &#8211; 8mm Lanac &#8211; <\/p>\n<p style=\"color: rgb(34, 34, 34); font-family: Arial, Helvetica, sans-serif; font-size: small;\">Predstavljamo Quick Prince DP2 1012D sidreni vitlo, robusno i pouzdano rje\u0161enje za va\u0161e potrebe sidrenja. Ovo vitlo ima komponente vu\u010de izra\u0111ene od visoko kvalitetnog bron\u010danog i nehr\u0111aju\u0107eg \u010delika, \u0161to osigurava dugovje\u010dnost i performanse. Opremljeno je senzorom broja\u010d lanaca i ru\u010dnim sustavom pu\u0161tanja lanaca, pru\u017eaju\u0107i vam udobnost i kontrolu. Osim toga, vitlo uklju\u010duje hitni ru\u010dni sustav podizanja i polugu pritiska za dodatnu sigurnost. Pakiranje dolazi s kontrolnom kutijom i ru\u010dkom, sve montirano na osnovu i ku\u0107i\u0161tu od nehr\u0111aju\u0107eg \u010delika s unutarnjom kompozitnom strukturom. Motor je klasificiran IP67 za vodonepropusnu za\u0161titu, \u0161to ga \u010dini pogodnim za razne morske uvjete.<\/p>\n<p style=\"color: rgb(34, 34, 34); font-family: Arial, Helvetica, sans-serif; font-size: small;\">Vitlo ima osnovu od nehr\u0111aju\u0107eg \u010delika 316 s integriranim cijevima lanaca i \u010deli\u010dnom bubnjem 316. \u017dica\/lanci gypsy opremljena je senzorom broja\u010da lanaca, \u0161to osigurava to\u010dno pra\u0107enje va\u0161ih sidrenih u\u017eadi. Sustav se isporu\u010duje s relej kutijom i gypsy, dostupnom s ili bez bubnja, kako bi udovoljili va\u0161im specifi\u010dnim zahtjevima.<\/p>\n<p style=\"color: rgb(34, 34, 34); font-family: Arial, Helvetica, sans-serif; font-size: small;\">Quick DP2 1012D dizajniran je za \u010damce du\u017eine od 8 do 13 metara (26 do 43 ft).<\/p>\n<p style=\"color: rgb(34, 34, 34); font-family: Arial, Helvetica, sans-serif; font-size: small;\">Tehni\u010dki podaci:<\/p>\n<ul style=\"color: rgb(34, 34, 34); font-family: Arial, Helvetica, sans-serif; font-size: small;\">\n<li>Bubanj: Da<\/li>\n<li>Snaga motora: 1000 W<\/li>\n<li>Ulazni napon: 12 V<\/li>\n<li>Maksimalna vu\u010dna snaga: 930 kg<\/li>\n<li>Maksimalna radna optere\u0107enja: 420 kg<\/li>\n<li>Radno optere\u0107enje: 140 kg<\/li>\n<li>Brzina lanca pri radnom optere\u0107enju: 16,5 m\/min<\/li>\n<li>Potro\u0161nja struje pri radnom optere\u0107enju: 130 A<\/li>\n<li>Debljina palube: 25-50 mm<\/li>\n<li>Te\u017eina: 17,4 kg<\/li>\n<li>Gypsy veli\u010dina: 8 mm<\/li>\n<\/ul>\n<p style=\"color: rgb(34, 34, 34); font-family: Arial, Helvetica, sans-serif; font-size: small;\">Ovo vitlo kombinira funkcionalnost s kvalitetom, \u0161to ga \u010dini izvrsnim izborom za vlasnike \u010damaca koji tra\u017ee pouzdana rje\u0161enja za sidrenje.<\/p>\n","protected":false},"excerpt":{"rendered":"<p>Sidreno vitlo Quick Prince DP2 1000W-D 12v &#8211; s bubnjem &#8211; 8mm Lanac &#8211; Predstavljamo Quick Prince DP2 1012D sidreni<\/p>\n","protected":false},"featured_media":5941161,"comment_status":"open","ping_status":"closed","template":"","meta":[],"product_brand":[3281],"product_cat":[1611],"product_tag":[],"class_list":{"0":"post-741299","1":"product","2":"type-product","3":"status-publish","4":"has-post-thumbnail","6":"product_brand-quick-hr","7":"product_cat-vitla-quick","9":"first","10":"instock","11":"shipping-taxable","12":"purchasable","13":"product-type-simple"},"_links":{"self":[{"href":"https:\/\/stoic-curie.212-227-153-4.plesk.page\/hr\/wp-json\/wp\/v2\/product\/741299","targetHints":{"allow":["GET"]}}],"collection":[{"href":"https:\/\/stoic-curie.212-227-153-4.plesk.page\/hr\/wp-json\/wp\/v2\/product"}],"about":[{"href":"https:\/\/stoic-curie.212-227-153-4.plesk.page\/hr\/wp-json\/wp\/v2\/types\/product"}],"replies":[{"embeddable":true,"href":"https:\/\/stoic-curie.212-227-153-4.plesk.page\/hr\/wp-json\/wp\/v2\/comments?post=741299"}],"version-history":[{"count":0,"href":"https:\/\/stoic-curie.212-227-153-4.plesk.page\/hr\/wp-json\/wp\/v2\/product\/741299\/revisions"}],"wp:featuredmedia":[{"embeddable":true,"href":"https:\/\/stoic-curie.212-227-153-4.plesk.page\/hr\/wp-json\/wp\/v2\/media\/5941161"}],"wp:attachment":[{"href":"https:\/\/stoic-curie.212-227-153-4.plesk.page\/hr\/wp-json\/wp\/v2\/media?parent=741299"}],"wp:term":[{"taxonomy":"product_brand","embeddable":true,"href":"https:\/\/stoic-curie.212-227-153-4.plesk.page\/hr\/wp-json\/wp\/v2\/product_brand?post=741299"},{"taxonomy":"product_cat","embeddable":true,"href":"https:\/\/stoic-curie.212-227-153-4.plesk.page\/hr\/wp-json\/wp\/v2\/product_cat?post=741299"},{"taxonomy":"product_tag","embeddable":true,"href":"https:\/\/stoic-curie.212-227-153-4.plesk.page\/hr\/wp-json\/wp\/v2\/product_tag?post=741299"}],"curies":[{"name":"wp","href":"https:\/\/api.w.org\/{rel}","templated":true}]}}