{"id":741300,"date":"2025-03-03T18:13:29","date_gmt":"2025-03-03T17:13:29","guid":{"rendered":"https:\/\/stoic-curie.212-227-153-4.plesk.page\/producto\/sidreno-vitlo-quick-prince-dp3-12v-1500w-bez-bubnja-10-mm-lanac\/"},"modified":"2026-02-25T00:00:52","modified_gmt":"2026-02-25T00:00:52","slug":"sidreno-vitlo-quick-prince-dp3-12v-1500w-bez-bubnja-10-mm-lanac","status":"publish","type":"product","link":"https:\/\/stoic-curie.212-227-153-4.plesk.page\/hr\/product\/sidreno-vitlo-quick-prince-dp3-12v-1500w-bez-bubnja-10-mm-lanac\/","title":{"rendered":"Sidreno vitlo Quick Prince Dp3 12v 1500w, bez bubnja, 10 mm lanac"},"content":{"rendered":"<p>Sidreno vitlo Quick Prince Dp3 12v 1500w, bez bubnja, 10 mm lanac &#8211; <\/p>\n<p style=\"color: rgb(34, 34, 34); font-family: Arial, Helvetica, sans-serif; font-size: small;\"><strong>Prince DP3 1512 Vertikalni Vin\u010d Za Anker S Niskim Profilom<\/strong><\/p>\n<p style=\"color: rgb(34, 34, 34); font-family: Arial, Helvetica, sans-serif; font-size: small;\">Prince DP3 1512 je kompaktni vin\u010d za anker dizajniran za izdr\u017eljivost i u\u010dinkovitost, sa sastavnim dijelovima od bronce i nehr\u0111aju\u0107eg \u010delika. Ovaj model ima senzor broja\u010da lanca i ru\u010dni mehanizam za slobodni pad lanca, \u0161to olak\u0161ava kori\u0161tenje. Osim toga, opremljen je ru\u010dnim hitnim sustavom dizanja i pritiskom, za pobolj\u0161anje sigurnosti. Vin\u010d dolazi s kontrolnom kutijom i dr\u0161kom, dok njegov osnovni i ku\u0107i\u0161te od nehr\u0111aju\u0107eg \u010delika pru\u017eaju zna\u010dajnu za\u0161titu. Motor je ocijenjen IP67, \u0161to osigurava vodootpornu funkcionalnost.<\/p>\n<p style=\"color: rgb(34, 34, 34); font-family: Arial, Helvetica, sans-serif; font-size: small;\"><strong>Klju\u010dne Zna\u010dajke:<\/strong><\/p>\n<ul style=\"color: rgb(34, 34, 34); font-family: Arial, Helvetica, sans-serif; font-size: small;\">\n<li><strong>Osnovni Materijal:<\/strong>&nbsp;Izra\u0111en od nehr\u0111aju\u0107eg \u010delika 316, s integriranim cijevima za lanac.<\/li>\n<li><strong>Gypsy:<\/strong>&nbsp;U\u017ee\/lanac gypsy opremljen je senzorom broja\u010da lanca.<\/li>\n<li><strong>Relejska Kutija:<\/strong>&nbsp;Dolazi s relejskom kutijom i gypsy, dostupnom s ili bez bubnja.<\/li>\n<li><strong>Ocjena Motora:<\/strong>&nbsp;IP67 vodootporni motor.<\/li>\n<\/ul>\n<p style=\"color: rgb(34, 34, 34); font-family: Arial, Helvetica, sans-serif; font-size: small;\"><strong>Tehni\u010dke Specifikacije:<\/strong><\/p>\n<ul style=\"color: rgb(34, 34, 34); font-family: Arial, Helvetica, sans-serif; font-size: small;\">\n<li><strong>Model:<\/strong>&nbsp;Prince DP3 1512 &#8211; Samo Gypsy<\/li>\n<li><strong>Preporu\u010dena Veli\u010dina Broda:<\/strong>&nbsp;Idealno za plovila du\u017eine izme\u0111u 12 m i 15 m (39-49 ft)<\/li>\n<li><strong>Bubanj:<\/strong>&nbsp;Nije uklju\u010den<\/li>\n<li><strong>Snaga Motora:<\/strong>&nbsp;1500 W<\/li>\n<li><strong>Napon:<\/strong>&nbsp;12 V<\/li>\n<li><strong>Maksimalno Vu\u010dna Snaga:<\/strong>&nbsp;1100 kg<\/li>\n<li><strong>Maksimalno Radno Optere\u0107enje:<\/strong>&nbsp;470 kg<\/li>\n<li><strong>Radno Optere\u0107enje:<\/strong>&nbsp;160 kg<\/li>\n<li><strong>Brzina Lanca pri Radnom Optere\u0107enju:<\/strong>&nbsp;16.3 m\/min<\/li>\n<li><strong>Apsorpcija Struje pri Radnom Optere\u0107enju:<\/strong>&nbsp;155 A<\/li>\n<li><strong>Debljina Palube:<\/strong>&nbsp;30-50 mm<\/li>\n<li><strong>Te\u017eina:<\/strong>&nbsp;20.4 kg<\/li>\n<li><strong>Gypsy Veli\u010dina:<\/strong>&nbsp;10 mm<\/li>\n<\/ul>\n<p style=\"color: rgb(34, 34, 34); font-family: Arial, Helvetica, sans-serif; font-size: small;\">Ovaj vin\u010d predstavlja izvrsnu opciju za vlasnike \u010damaca koji tra\u017ee pouzdano i visokokvalitetno rje\u0161enje za sidrenje.<\/p>\n","protected":false},"excerpt":{"rendered":"<p>Sidreno vitlo Quick Prince Dp3 12v 1500w, bez bubnja, 10 mm lanac &#8211; Prince DP3 1512 Vertikalni Vin\u010d Za Anker<\/p>\n","protected":false},"featured_media":5941164,"comment_status":"open","ping_status":"closed","template":"","meta":[],"product_brand":[3281],"product_cat":[1611],"product_tag":[],"class_list":{"0":"post-741300","1":"product","2":"type-product","3":"status-publish","4":"has-post-thumbnail","6":"product_brand-quick-hr","7":"product_cat-vitla-quick","9":"first","10":"instock","11":"shipping-taxable","12":"purchasable","13":"product-type-simple"},"_links":{"self":[{"href":"https:\/\/stoic-curie.212-227-153-4.plesk.page\/hr\/wp-json\/wp\/v2\/product\/741300","targetHints":{"allow":["GET"]}}],"collection":[{"href":"https:\/\/stoic-curie.212-227-153-4.plesk.page\/hr\/wp-json\/wp\/v2\/product"}],"about":[{"href":"https:\/\/stoic-curie.212-227-153-4.plesk.page\/hr\/wp-json\/wp\/v2\/types\/product"}],"replies":[{"embeddable":true,"href":"https:\/\/stoic-curie.212-227-153-4.plesk.page\/hr\/wp-json\/wp\/v2\/comments?post=741300"}],"version-history":[{"count":0,"href":"https:\/\/stoic-curie.212-227-153-4.plesk.page\/hr\/wp-json\/wp\/v2\/product\/741300\/revisions"}],"wp:featuredmedia":[{"embeddable":true,"href":"https:\/\/stoic-curie.212-227-153-4.plesk.page\/hr\/wp-json\/wp\/v2\/media\/5941164"}],"wp:attachment":[{"href":"https:\/\/stoic-curie.212-227-153-4.plesk.page\/hr\/wp-json\/wp\/v2\/media?parent=741300"}],"wp:term":[{"taxonomy":"product_brand","embeddable":true,"href":"https:\/\/stoic-curie.212-227-153-4.plesk.page\/hr\/wp-json\/wp\/v2\/product_brand?post=741300"},{"taxonomy":"product_cat","embeddable":true,"href":"https:\/\/stoic-curie.212-227-153-4.plesk.page\/hr\/wp-json\/wp\/v2\/product_cat?post=741300"},{"taxonomy":"product_tag","embeddable":true,"href":"https:\/\/stoic-curie.212-227-153-4.plesk.page\/hr\/wp-json\/wp\/v2\/product_tag?post=741300"}],"curies":[{"name":"wp","href":"https:\/\/api.w.org\/{rel}","templated":true}]}}