{"id":741301,"date":"2025-03-03T18:13:29","date_gmt":"2025-03-03T17:13:29","guid":{"rendered":"https:\/\/stoic-curie.212-227-153-4.plesk.page\/producto\/sideno-vitlo-quick-prince-dp3-1500w-d-sa-bubnjem-12v-10mm-lanac\/"},"modified":"2026-02-25T00:00:52","modified_gmt":"2026-02-25T00:00:52","slug":"sideno-vitlo-quick-prince-dp3-1500w-d-sa-bubnjem-12v-10mm-lanac","status":"publish","type":"product","link":"https:\/\/stoic-curie.212-227-153-4.plesk.page\/hr\/product\/sideno-vitlo-quick-prince-dp3-1500w-d-sa-bubnjem-12v-10mm-lanac\/","title":{"rendered":"Sideno vitlo Quick Prince DP3 1500W-D-sa bubnjem 12v -10mm Lanac"},"content":{"rendered":"<p>Sideno vitlo Quick Prince DP3 1500W-D-sa bubnjem 12v -10mm Lanac &#8211; <\/p>\n<p style=\"color: rgb(34, 34, 34); font-family: Arial, Helvetica, sans-serif; font-size: small;\">Predstavljamo Prince DP3 1512D Vertikalnu Anker Winchi, robusnu vitlo koja ima komponente vu\u010de od bron\u010danih i nehr\u0111aju\u0107ih \u010delika. Ovaj model je opremljen senzorom brojila lanaca i ru\u010dnim sustavom slobodnog pada lanca, \u0161to osigurava jednostavnost kori\u0161tenja. Tako\u0111er uklju\u010duje ru\u010dni sustav za podizanje u nu\u017edi i pritisni mehanizam za dodatnu sigurnost. Winchi dolazi s kontrolnom kutijom i ru\u010dkom, sve montirano na izdr\u017eljivu osnovu i ku\u0107i\u0161te od nehr\u0111aju\u0107eg \u010delika. Motor ima IP67 ocjenu za vodonepropusnu za\u0161titu.<\/p>\n<p style=\"color: rgb(34, 34, 34); font-family: Arial, Helvetica, sans-serif; font-size: small;\">Winchi ima osnovu od nehr\u0111aju\u0107eg \u010delika 316 s integriranim cijevima za lanac. Dizajnirana je s pomi\u010dnim remenom\/lancem koji uklju\u010duje senzor brojila lanca. Jedinica se isporu\u010duje s relejskom kutijom i mehanizmom za lanac, koji se mo\u017ee konfigurirati s ili bez bubnja. Motor odr\u017eava IP67 vodonepropusnu klasifikaciju.<\/p>\n<p style=\"color: rgb(34, 34, 34); font-family: Arial, Helvetica, sans-serif; font-size: small;\">Prince DP3 1512D je pogodna za \u010damce du\u017eine od 12 do 15 metara (39 do 49 stopa).<\/p>\n<p style=\"color: rgb(34, 34, 34); font-family: Arial, Helvetica, sans-serif; font-size: small;\">Specifikacije:<\/p>\n<ul style=\"color: rgb(34, 34, 34); font-family: Arial, Helvetica, sans-serif; font-size: small;\">\n<li> Bubanj: Da<\/li>\n<li> Snaga motora: 1500 W<\/li>\n<li> Ulazna napon: 12 V<\/li>\n<li> Maksimalna vu\u010dna snaga: 1100 kg<\/li>\n<li> Maksimalna radna optere\u0107enja: 470 kg<\/li>\n<li> Radno optere\u0107enje: 160 kg<\/li>\n<li> Brzina lanca pod radnim optere\u0107enjem: 16,3 m\/min<\/li>\n<li> Potro\u0161nja struje pod radnim optere\u0107enjem: 155 A<\/li>\n<li> Debljina palube: 30-50 mm<\/li>\n<li> Te\u017eina: 21,4 kg<\/li>\n<li> Veli\u010dina mehanizma: 10 mm<\/li>\n<\/ul>\n<p style=\"color: rgb(34, 34, 34); font-family: Arial, Helvetica, sans-serif; font-size: small;\">Ova vitlo kombinira kvalitetnu konstrukciju s naprednim zna\u010dajkama, \u0161to ga \u010dini odli\u010dnim izborom za vlasnike \u010damaca koji tra\u017ee pouzdanost i performanse.<\/p>\n","protected":false},"excerpt":{"rendered":"<p>Sideno vitlo Quick Prince DP3 1500W-D-sa bubnjem 12v -10mm Lanac &#8211; Predstavljamo Prince DP3 1512D Vertikalnu Anker Winchi, robusnu vitlo<\/p>\n","protected":false},"featured_media":5941169,"comment_status":"open","ping_status":"closed","template":"","meta":[],"product_brand":[3281],"product_cat":[1611],"product_tag":[],"class_list":{"0":"post-741301","1":"product","2":"type-product","3":"status-publish","4":"has-post-thumbnail","6":"product_brand-quick-hr","7":"product_cat-vitla-quick","9":"first","10":"instock","11":"shipping-taxable","12":"purchasable","13":"product-type-simple"},"_links":{"self":[{"href":"https:\/\/stoic-curie.212-227-153-4.plesk.page\/hr\/wp-json\/wp\/v2\/product\/741301","targetHints":{"allow":["GET"]}}],"collection":[{"href":"https:\/\/stoic-curie.212-227-153-4.plesk.page\/hr\/wp-json\/wp\/v2\/product"}],"about":[{"href":"https:\/\/stoic-curie.212-227-153-4.plesk.page\/hr\/wp-json\/wp\/v2\/types\/product"}],"replies":[{"embeddable":true,"href":"https:\/\/stoic-curie.212-227-153-4.plesk.page\/hr\/wp-json\/wp\/v2\/comments?post=741301"}],"version-history":[{"count":0,"href":"https:\/\/stoic-curie.212-227-153-4.plesk.page\/hr\/wp-json\/wp\/v2\/product\/741301\/revisions"}],"wp:featuredmedia":[{"embeddable":true,"href":"https:\/\/stoic-curie.212-227-153-4.plesk.page\/hr\/wp-json\/wp\/v2\/media\/5941169"}],"wp:attachment":[{"href":"https:\/\/stoic-curie.212-227-153-4.plesk.page\/hr\/wp-json\/wp\/v2\/media?parent=741301"}],"wp:term":[{"taxonomy":"product_brand","embeddable":true,"href":"https:\/\/stoic-curie.212-227-153-4.plesk.page\/hr\/wp-json\/wp\/v2\/product_brand?post=741301"},{"taxonomy":"product_cat","embeddable":true,"href":"https:\/\/stoic-curie.212-227-153-4.plesk.page\/hr\/wp-json\/wp\/v2\/product_cat?post=741301"},{"taxonomy":"product_tag","embeddable":true,"href":"https:\/\/stoic-curie.212-227-153-4.plesk.page\/hr\/wp-json\/wp\/v2\/product_tag?post=741301"}],"curies":[{"name":"wp","href":"https:\/\/api.w.org\/{rel}","templated":true}]}}