{"id":741304,"date":"2025-03-03T18:13:30","date_gmt":"2025-03-03T17:13:30","guid":{"rendered":"https:\/\/stoic-curie.212-227-153-4.plesk.page\/producto\/stingray-starfire-flapsovi-za-vanbrodske-motore-40-300hp\/"},"modified":"2026-02-25T00:00:52","modified_gmt":"2026-02-25T00:00:52","slug":"stingray-starfire-flapsovi-za-vanbrodske-motore-40-300hp","status":"publish","type":"product","link":"https:\/\/stoic-curie.212-227-153-4.plesk.page\/hr\/product\/stingray-starfire-flapsovi-za-vanbrodske-motore-40-300hp\/","title":{"rendered":"Stingray starfire flapsovi za vanbrodske motore 40-300hp"},"content":{"rendered":"<p>Stingray starfire flapsovi za vanbrodske motore 40-300hp &#8211; <\/p>\n<p>StingRay Starfire Hydrofoils s nagibom Delta krila unatrag pru\u017eaju bolju stabilizaciju zahvaljuju\u0107i produ\u017eenim vrhovima krila. Sve najbolje karakteristike StingRay po ni\u017eoj cijeni. Izra\u0111eno od hidrofobnog, vodu apsorbiraju\u0107eg materijala koji eliminira trenje. Instalacija bez bu\u0161enja. \u0160irina spojnog utora 175 mm.<br \/>&#8211; \u0160tedite novac smanjenjem potro\u0161nje goriva<br \/>&#8211; Postignite planiranje u pola vremena<br \/>&#8211; Odr\u017eavajte \u010damac u planiranju s puno manjim okretajima motora<br \/>&#8211; Stabilizira \u010damac<br \/>&#8211; Smanjuje chinwalking i porpoising<\/p>\n","protected":false},"excerpt":{"rendered":"<p>Stingray starfire flapsovi za vanbrodske motore 40-300hp &#8211; StingRay Starfire Hydrofoils s nagibom Delta krila unatrag pru\u017eaju bolju stabilizaciju zahvaljuju\u0107i<\/p>\n","protected":false},"featured_media":5941190,"comment_status":"open","ping_status":"closed","template":"","meta":[],"product_brand":[3441],"product_cat":[1827,1806],"product_tag":[],"class_list":{"0":"post-741304","1":"product","2":"type-product","3":"status-publish","4":"has-post-thumbnail","6":"product_brand-stingray-hr","7":"product_cat-dodatna-oprema-za-vanbrodske-motore","8":"product_cat-trim-ploce","10":"first","11":"outofstock","12":"shipping-taxable","13":"purchasable","14":"product-type-simple"},"_links":{"self":[{"href":"https:\/\/stoic-curie.212-227-153-4.plesk.page\/hr\/wp-json\/wp\/v2\/product\/741304","targetHints":{"allow":["GET"]}}],"collection":[{"href":"https:\/\/stoic-curie.212-227-153-4.plesk.page\/hr\/wp-json\/wp\/v2\/product"}],"about":[{"href":"https:\/\/stoic-curie.212-227-153-4.plesk.page\/hr\/wp-json\/wp\/v2\/types\/product"}],"replies":[{"embeddable":true,"href":"https:\/\/stoic-curie.212-227-153-4.plesk.page\/hr\/wp-json\/wp\/v2\/comments?post=741304"}],"version-history":[{"count":0,"href":"https:\/\/stoic-curie.212-227-153-4.plesk.page\/hr\/wp-json\/wp\/v2\/product\/741304\/revisions"}],"wp:featuredmedia":[{"embeddable":true,"href":"https:\/\/stoic-curie.212-227-153-4.plesk.page\/hr\/wp-json\/wp\/v2\/media\/5941190"}],"wp:attachment":[{"href":"https:\/\/stoic-curie.212-227-153-4.plesk.page\/hr\/wp-json\/wp\/v2\/media?parent=741304"}],"wp:term":[{"taxonomy":"product_brand","embeddable":true,"href":"https:\/\/stoic-curie.212-227-153-4.plesk.page\/hr\/wp-json\/wp\/v2\/product_brand?post=741304"},{"taxonomy":"product_cat","embeddable":true,"href":"https:\/\/stoic-curie.212-227-153-4.plesk.page\/hr\/wp-json\/wp\/v2\/product_cat?post=741304"},{"taxonomy":"product_tag","embeddable":true,"href":"https:\/\/stoic-curie.212-227-153-4.plesk.page\/hr\/wp-json\/wp\/v2\/product_tag?post=741304"}],"curies":[{"name":"wp","href":"https:\/\/api.w.org\/{rel}","templated":true}]}}