{"id":741305,"date":"2025-03-03T18:13:30","date_gmt":"2025-03-03T17:13:30","guid":{"rendered":"https:\/\/stoic-curie.212-227-153-4.plesk.page\/producto\/meteoroloska-stanica-130mm-x-h410mm-polirani-mesing-i-cirkonij\/"},"modified":"2026-02-25T00:00:52","modified_gmt":"2026-02-25T00:00:52","slug":"meteoroloska-stanica-130mm-x-h410mm-polirani-mesing-i-cirkonij","status":"publish","type":"product","link":"https:\/\/stoic-curie.212-227-153-4.plesk.page\/hr\/product\/meteoroloska-stanica-130mm-x-h410mm-polirani-mesing-i-cirkonij\/","title":{"rendered":"Meteorolo\u0161ka stanica 130mm x H410mm, polirani mesing i cirkonij"},"content":{"rendered":"<p>Meteorolo\u0161ka stanica 130mm x H410mm, polirani mesing i cirkonij &#8211; <\/p>\n<p>Meteorolo\u0161ka postaja s instrumentima od poliranog mesinga oblo\u017eenog cirkonijem. Barometar, sat i termo\/higrometar montirani su na dragocjenoj drvenoj plo\u010di. Horizontalna postaja dolazi s potporom za stol. Promjer instrumenata je 100 mm.<\/p>\n","protected":false},"excerpt":{"rendered":"<p>Meteorolo\u0161ka stanica 130mm x H410mm, polirani mesing i cirkonij &#8211; Meteorolo\u0161ka postaja s instrumentima od poliranog mesinga oblo\u017eenog cirkonijem. Barometar,<\/p>\n","protected":false},"featured_media":5941192,"comment_status":"open","ping_status":"closed","template":"","meta":[],"product_brand":[2946],"product_cat":[1640,1777],"product_tag":[],"class_list":{"0":"post-741305","1":"product","2":"type-product","3":"status-publish","4":"has-post-thumbnail","6":"product_brand-foresti-suardi-hr","7":"product_cat-nauticki-dekor","8":"product_cat-nauticki-instrumenti","10":"first","11":"instock","12":"shipping-taxable","13":"purchasable","14":"product-type-simple"},"_links":{"self":[{"href":"https:\/\/stoic-curie.212-227-153-4.plesk.page\/hr\/wp-json\/wp\/v2\/product\/741305","targetHints":{"allow":["GET"]}}],"collection":[{"href":"https:\/\/stoic-curie.212-227-153-4.plesk.page\/hr\/wp-json\/wp\/v2\/product"}],"about":[{"href":"https:\/\/stoic-curie.212-227-153-4.plesk.page\/hr\/wp-json\/wp\/v2\/types\/product"}],"replies":[{"embeddable":true,"href":"https:\/\/stoic-curie.212-227-153-4.plesk.page\/hr\/wp-json\/wp\/v2\/comments?post=741305"}],"version-history":[{"count":0,"href":"https:\/\/stoic-curie.212-227-153-4.plesk.page\/hr\/wp-json\/wp\/v2\/product\/741305\/revisions"}],"wp:featuredmedia":[{"embeddable":true,"href":"https:\/\/stoic-curie.212-227-153-4.plesk.page\/hr\/wp-json\/wp\/v2\/media\/5941192"}],"wp:attachment":[{"href":"https:\/\/stoic-curie.212-227-153-4.plesk.page\/hr\/wp-json\/wp\/v2\/media?parent=741305"}],"wp:term":[{"taxonomy":"product_brand","embeddable":true,"href":"https:\/\/stoic-curie.212-227-153-4.plesk.page\/hr\/wp-json\/wp\/v2\/product_brand?post=741305"},{"taxonomy":"product_cat","embeddable":true,"href":"https:\/\/stoic-curie.212-227-153-4.plesk.page\/hr\/wp-json\/wp\/v2\/product_cat?post=741305"},{"taxonomy":"product_tag","embeddable":true,"href":"https:\/\/stoic-curie.212-227-153-4.plesk.page\/hr\/wp-json\/wp\/v2\/product_tag?post=741305"}],"curies":[{"name":"wp","href":"https:\/\/api.w.org\/{rel}","templated":true}]}}