{"id":741306,"date":"2025-03-03T18:13:30","date_gmt":"2025-03-03T17:13:30","guid":{"rendered":"https:\/\/stoic-curie.212-227-153-4.plesk.page\/producto\/polirani-mesingani-sat-sa-zonom-radio-tisine-120mm\/"},"modified":"2026-02-25T00:00:52","modified_gmt":"2026-02-25T00:00:52","slug":"polirani-mesingani-sat-sa-zonom-radio-tisine-120mm","status":"publish","type":"product","link":"https:\/\/stoic-curie.212-227-153-4.plesk.page\/hr\/product\/polirani-mesingani-sat-sa-zonom-radio-tisine-120mm\/","title":{"rendered":"Polirani mesingani sat sa zonom radio ti\u0161ine, 120mm"},"content":{"rendered":"<p>Polirani mesingani sat sa zonom radio ti\u0161ine, 120mm &#8211; <\/p>\n<p>Profesionalni vremenski instrumenti od masivnog mesinga, klasa 120, poli po\u017earom. Zglob i brava za hubljanje radi lak\u0161eg odr\u017eavanja i zamjene baterija. Izuzetno jasno otporno mineralno staklo. \u010cvrsta proizvodnja s visokokvalitetnom zavr\u0161nom obradom.<\/p>\n","protected":false},"excerpt":{"rendered":"<p>Polirani mesingani sat sa zonom radio ti\u0161ine, 120mm &#8211; Profesionalni vremenski instrumenti od masivnog mesinga, klasa 120, poli po\u017earom. Zglob<\/p>\n","protected":false},"featured_media":5937033,"comment_status":"open","ping_status":"closed","template":"","meta":[],"product_brand":[2816],"product_cat":[1640,1777],"product_tag":[],"class_list":{"0":"post-741306","1":"product","2":"type-product","3":"status-publish","4":"has-post-thumbnail","6":"product_brand-barigo-hr","7":"product_cat-nauticki-dekor","8":"product_cat-nauticki-instrumenti","10":"first","11":"instock","12":"shipping-taxable","13":"purchasable","14":"product-type-simple"},"_links":{"self":[{"href":"https:\/\/stoic-curie.212-227-153-4.plesk.page\/hr\/wp-json\/wp\/v2\/product\/741306","targetHints":{"allow":["GET"]}}],"collection":[{"href":"https:\/\/stoic-curie.212-227-153-4.plesk.page\/hr\/wp-json\/wp\/v2\/product"}],"about":[{"href":"https:\/\/stoic-curie.212-227-153-4.plesk.page\/hr\/wp-json\/wp\/v2\/types\/product"}],"replies":[{"embeddable":true,"href":"https:\/\/stoic-curie.212-227-153-4.plesk.page\/hr\/wp-json\/wp\/v2\/comments?post=741306"}],"version-history":[{"count":0,"href":"https:\/\/stoic-curie.212-227-153-4.plesk.page\/hr\/wp-json\/wp\/v2\/product\/741306\/revisions"}],"wp:featuredmedia":[{"embeddable":true,"href":"https:\/\/stoic-curie.212-227-153-4.plesk.page\/hr\/wp-json\/wp\/v2\/media\/5937033"}],"wp:attachment":[{"href":"https:\/\/stoic-curie.212-227-153-4.plesk.page\/hr\/wp-json\/wp\/v2\/media?parent=741306"}],"wp:term":[{"taxonomy":"product_brand","embeddable":true,"href":"https:\/\/stoic-curie.212-227-153-4.plesk.page\/hr\/wp-json\/wp\/v2\/product_brand?post=741306"},{"taxonomy":"product_cat","embeddable":true,"href":"https:\/\/stoic-curie.212-227-153-4.plesk.page\/hr\/wp-json\/wp\/v2\/product_cat?post=741306"},{"taxonomy":"product_tag","embeddable":true,"href":"https:\/\/stoic-curie.212-227-153-4.plesk.page\/hr\/wp-json\/wp\/v2\/product_tag?post=741306"}],"curies":[{"name":"wp","href":"https:\/\/api.w.org\/{rel}","templated":true}]}}