{"id":741309,"date":"2025-03-03T18:13:31","date_gmt":"2025-03-03T17:13:31","guid":{"rendered":"https:\/\/stoic-curie.212-227-153-4.plesk.page\/producto\/elasticna-izolacijska-traka-h100-mm-x-5-mt-do-600-stupnjeva\/"},"modified":"2026-02-25T00:00:52","modified_gmt":"2026-02-25T00:00:52","slug":"elasticna-izolacijska-traka-h100-mm-x-5-mt-do-600-stupnjeva","status":"publish","type":"product","link":"https:\/\/stoic-curie.212-227-153-4.plesk.page\/hr\/product\/elasticna-izolacijska-traka-h100-mm-x-5-mt-do-600-stupnjeva\/","title":{"rendered":"Elasticna izolacijska traka H100 mm x 5 mt do 600 stupnjeva"},"content":{"rendered":"<p>Elasticna izolacijska traka H100 mm x 5 mt do 600 stupnjeva &#8211; <\/p>\n<p>Elasti\u010dna termoizolacijska traka od stakloplastike i metala otporna na visoke temperature. Izra\u0111ena je od stakloplasti\u010dnog materijala kombiniranog s aluminijskom slojem, \u0161to je \u010dini fleksibilnijom. Njegove elasti\u010dne svojstva mogu se lako primijeniti i na izdu\u017ene kutove. Obi\u010dno su potrebna 2\/3 sloja da bi bila dovoljna za ve\u0107inu sustava ispuha dizela. Maksimalna radna temperatura: 600 \u00b0C. Vanjski za\u0161titni sloj samosoje\u0107e elastomerne trake otporne na visoke temperature mo\u017ee se dodati kako bi se stvorila homogena povr\u0161ina.<\/p>\n","protected":false},"excerpt":{"rendered":"<p>Elasticna izolacijska traka H100 mm x 5 mt do 600 stupnjeva &#8211; Elasti\u010dna termoizolacijska traka od stakloplastike i metala otporna<\/p>\n","protected":false},"featured_media":5941198,"comment_status":"open","ping_status":"closed","template":"","meta":[],"product_brand":[3291],"product_cat":[1810],"product_tag":[],"class_list":{"0":"post-741309","1":"product","2":"type-product","3":"status-publish","4":"has-post-thumbnail","6":"product_brand-quietlife-hr","7":"product_cat-izolacija-i-zvucna-izolacija","9":"first","10":"outofstock","11":"shipping-taxable","12":"purchasable","13":"product-type-simple"},"_links":{"self":[{"href":"https:\/\/stoic-curie.212-227-153-4.plesk.page\/hr\/wp-json\/wp\/v2\/product\/741309","targetHints":{"allow":["GET"]}}],"collection":[{"href":"https:\/\/stoic-curie.212-227-153-4.plesk.page\/hr\/wp-json\/wp\/v2\/product"}],"about":[{"href":"https:\/\/stoic-curie.212-227-153-4.plesk.page\/hr\/wp-json\/wp\/v2\/types\/product"}],"replies":[{"embeddable":true,"href":"https:\/\/stoic-curie.212-227-153-4.plesk.page\/hr\/wp-json\/wp\/v2\/comments?post=741309"}],"version-history":[{"count":0,"href":"https:\/\/stoic-curie.212-227-153-4.plesk.page\/hr\/wp-json\/wp\/v2\/product\/741309\/revisions"}],"wp:featuredmedia":[{"embeddable":true,"href":"https:\/\/stoic-curie.212-227-153-4.plesk.page\/hr\/wp-json\/wp\/v2\/media\/5941198"}],"wp:attachment":[{"href":"https:\/\/stoic-curie.212-227-153-4.plesk.page\/hr\/wp-json\/wp\/v2\/media?parent=741309"}],"wp:term":[{"taxonomy":"product_brand","embeddable":true,"href":"https:\/\/stoic-curie.212-227-153-4.plesk.page\/hr\/wp-json\/wp\/v2\/product_brand?post=741309"},{"taxonomy":"product_cat","embeddable":true,"href":"https:\/\/stoic-curie.212-227-153-4.plesk.page\/hr\/wp-json\/wp\/v2\/product_cat?post=741309"},{"taxonomy":"product_tag","embeddable":true,"href":"https:\/\/stoic-curie.212-227-153-4.plesk.page\/hr\/wp-json\/wp\/v2\/product_tag?post=741309"}],"curies":[{"name":"wp","href":"https:\/\/api.w.org\/{rel}","templated":true}]}}