{"id":741311,"date":"2025-03-03T18:13:32","date_gmt":"2025-03-03T17:13:32","guid":{"rendered":"https:\/\/stoic-curie.212-227-153-4.plesk.page\/producto\/kuhalo-na-plin-od-nehrdajuceg-celika-can-2-plamenika-i-stednjak\/"},"modified":"2026-02-25T00:00:52","modified_gmt":"2026-02-25T00:00:52","slug":"kuhalo-na-plin-od-nehrdajuceg-celika-can-2-plamenika-i-stednjak","status":"publish","type":"product","link":"https:\/\/stoic-curie.212-227-153-4.plesk.page\/hr\/product\/kuhalo-na-plin-od-nehrdajuceg-celika-can-2-plamenika-i-stednjak\/","title":{"rendered":"Kuhalo na plin od nehr\u0111aju\u0107eg \u010delika CAN, 2 plamenika i \u0161tednjak"},"content":{"rendered":"<p>Kuhalo na plin od nehr\u0111aju\u0107eg \u010delika CAN, 2 plamenika i \u0161tednjak &#8211; <\/p>\n<p style=\"color: rgb(34, 34, 34); font-family: Arial, Helvetica, sans-serif; font-size: small;\">Dizajn, kvaliteta i performanse klju\u010dne su zna\u010dajke ove visokokvalitetne RVS plinske pe\u0107i. Uklju\u010duje dva plamenika i izra\u0111ena je od izdr\u017eljivog nehr\u0111aju\u0107eg \u010delika. Crna toplinska staklena povr\u0161ina dodaje privla\u010dan dodir dizajnu. Ova pe\u0107nica pogodna je za fiksne i polu-visoke instalacije i dolazi s monta\u017enim kompletom.<\/p>\n<p style=\"color: rgb(34, 34, 34); font-family: Arial, Helvetica, sans-serif; font-size: small;\">Okvir od nehr\u0111aju\u0107eg \u010delika podr\u017eava plinski kuhalo s kaljenim staklenim povr\u0161inom i pe\u0107nicom od 30 litara. Ima piezo paljenje i sigurnosne ventile na svim plamenicima. Niveli\u010dna re\u0161etka olak\u0161ava klizanje lonaca. Pe\u0107nica je opremljena ergonomskom dr\u0161kom, ventiliranim vratima, dvostrukim staklom s integriranim termometrom, re\u0161etkom za pe\u0107nicu, hladnja\u010dem i aluminijskim poklopcima plamenika. Jedan plamenik ima snagu od 1900 W, dok pe\u0107nica radi na 2000 W.<\/p>\n<p style=\"color: rgb(34, 34, 34); font-family: Arial, Helvetica, sans-serif; font-size: small;\"><strong>Tehni\u010dke specifikacije<\/strong><\/p>\n<ul style=\"color: rgb(34, 34, 34); font-family: Arial, Helvetica, sans-serif; font-size: small;\">\n<li>Broj plamenika: 2<\/li>\n<li>Kapacitet pe\u0107nice: 30 litara<\/li>\n<li>Osigura\u010d: termalni<\/li>\n<li>Pritisak plina: 30 mbar<\/li>\n<li>Snaga pe\u0107nice: 1900 W<\/li>\n<li>Snaga plamenika:\n<ul>\n<li>1x mali plamenik: 1000 W<\/li>\n<li>1x veliki plamenik: 1750 W<\/li>\n<\/ul>\n<\/li>\n<li>Materijali: nehr\u0111aju\u0107i \u010delik<\/li>\n<li>Neto te\u017eina: 22 kg<\/li>\n<li>Dimenzije (\u0160xDxV): 500 x 410 x 458 mm<\/li>\n<\/ul>\n","protected":false},"excerpt":{"rendered":"<p>Kuhalo na plin od nehr\u0111aju\u0107eg \u010delika CAN, 2 plamenika i \u0161tednjak &#8211; Dizajn, kvaliteta i performanse klju\u010dne su zna\u010dajke ove<\/p>\n","protected":false},"featured_media":5941203,"comment_status":"open","ping_status":"closed","template":"","meta":[],"product_brand":[2856],"product_cat":[1641],"product_tag":[],"class_list":{"0":"post-741311","1":"product","2":"type-product","3":"status-publish","4":"has-post-thumbnail","6":"product_brand-can-marine-hr","7":"product_cat-brodski-stednjaci","9":"first","10":"outofstock","11":"shipping-taxable","12":"purchasable","13":"product-type-simple"},"_links":{"self":[{"href":"https:\/\/stoic-curie.212-227-153-4.plesk.page\/hr\/wp-json\/wp\/v2\/product\/741311","targetHints":{"allow":["GET"]}}],"collection":[{"href":"https:\/\/stoic-curie.212-227-153-4.plesk.page\/hr\/wp-json\/wp\/v2\/product"}],"about":[{"href":"https:\/\/stoic-curie.212-227-153-4.plesk.page\/hr\/wp-json\/wp\/v2\/types\/product"}],"replies":[{"embeddable":true,"href":"https:\/\/stoic-curie.212-227-153-4.plesk.page\/hr\/wp-json\/wp\/v2\/comments?post=741311"}],"version-history":[{"count":0,"href":"https:\/\/stoic-curie.212-227-153-4.plesk.page\/hr\/wp-json\/wp\/v2\/product\/741311\/revisions"}],"wp:featuredmedia":[{"embeddable":true,"href":"https:\/\/stoic-curie.212-227-153-4.plesk.page\/hr\/wp-json\/wp\/v2\/media\/5941203"}],"wp:attachment":[{"href":"https:\/\/stoic-curie.212-227-153-4.plesk.page\/hr\/wp-json\/wp\/v2\/media?parent=741311"}],"wp:term":[{"taxonomy":"product_brand","embeddable":true,"href":"https:\/\/stoic-curie.212-227-153-4.plesk.page\/hr\/wp-json\/wp\/v2\/product_brand?post=741311"},{"taxonomy":"product_cat","embeddable":true,"href":"https:\/\/stoic-curie.212-227-153-4.plesk.page\/hr\/wp-json\/wp\/v2\/product_cat?post=741311"},{"taxonomy":"product_tag","embeddable":true,"href":"https:\/\/stoic-curie.212-227-153-4.plesk.page\/hr\/wp-json\/wp\/v2\/product_tag?post=741311"}],"curies":[{"name":"wp","href":"https:\/\/api.w.org\/{rel}","templated":true}]}}