{"id":741327,"date":"2025-03-03T18:13:36","date_gmt":"2025-03-03T17:13:36","guid":{"rendered":"https:\/\/stoic-curie.212-227-153-4.plesk.page\/producto\/brodski-sat-od-nehrdajuceg-celika-saten-120mm-cap-horizon-by-barigo\/"},"modified":"2026-02-25T00:00:52","modified_gmt":"2026-02-25T00:00:52","slug":"brodski-sat-od-nehrdajuceg-celika-saten-120mm-cap-horizon-by-barigo","status":"publish","type":"product","link":"https:\/\/stoic-curie.212-227-153-4.plesk.page\/hr\/product\/brodski-sat-od-nehrdajuceg-celika-saten-120mm-cap-horizon-by-barigo\/","title":{"rendered":"Brodski sat od nehr\u0111aju\u0107eg \u010delika, saten 120mm Cap Horizon (by barigo)"},"content":{"rendered":"<p>Brodski sat od nehr\u0111aju\u0107eg \u010delika, saten 120mm Cap Horizon (by barigo) &#8211; <\/p>\n<p>Vremenski instrumenti Cap Horizon (od Bariga) imaju ku\u0107i\u0161te od satiniranog nehr\u0111aju\u0107eg \u010delika i bijeli broj\u010danik.<\/p>\n","protected":false},"excerpt":{"rendered":"<p>Brodski sat od nehr\u0111aju\u0107eg \u010delika, saten 120mm Cap Horizon (by barigo) &#8211; Vremenski instrumenti Cap Horizon (od Bariga) imaju ku\u0107i\u0161te<\/p>\n","protected":false},"featured_media":5941220,"comment_status":"open","ping_status":"closed","template":"","meta":[],"product_brand":[2816],"product_cat":[1640,1777],"product_tag":[],"class_list":{"0":"post-741327","1":"product","2":"type-product","3":"status-publish","4":"has-post-thumbnail","6":"product_brand-barigo-hr","7":"product_cat-nauticki-dekor","8":"product_cat-nauticki-instrumenti","10":"first","11":"instock","12":"shipping-taxable","13":"purchasable","14":"product-type-simple"},"_links":{"self":[{"href":"https:\/\/stoic-curie.212-227-153-4.plesk.page\/hr\/wp-json\/wp\/v2\/product\/741327","targetHints":{"allow":["GET"]}}],"collection":[{"href":"https:\/\/stoic-curie.212-227-153-4.plesk.page\/hr\/wp-json\/wp\/v2\/product"}],"about":[{"href":"https:\/\/stoic-curie.212-227-153-4.plesk.page\/hr\/wp-json\/wp\/v2\/types\/product"}],"replies":[{"embeddable":true,"href":"https:\/\/stoic-curie.212-227-153-4.plesk.page\/hr\/wp-json\/wp\/v2\/comments?post=741327"}],"version-history":[{"count":0,"href":"https:\/\/stoic-curie.212-227-153-4.plesk.page\/hr\/wp-json\/wp\/v2\/product\/741327\/revisions"}],"wp:featuredmedia":[{"embeddable":true,"href":"https:\/\/stoic-curie.212-227-153-4.plesk.page\/hr\/wp-json\/wp\/v2\/media\/5941220"}],"wp:attachment":[{"href":"https:\/\/stoic-curie.212-227-153-4.plesk.page\/hr\/wp-json\/wp\/v2\/media?parent=741327"}],"wp:term":[{"taxonomy":"product_brand","embeddable":true,"href":"https:\/\/stoic-curie.212-227-153-4.plesk.page\/hr\/wp-json\/wp\/v2\/product_brand?post=741327"},{"taxonomy":"product_cat","embeddable":true,"href":"https:\/\/stoic-curie.212-227-153-4.plesk.page\/hr\/wp-json\/wp\/v2\/product_cat?post=741327"},{"taxonomy":"product_tag","embeddable":true,"href":"https:\/\/stoic-curie.212-227-153-4.plesk.page\/hr\/wp-json\/wp\/v2\/product_tag?post=741327"}],"curies":[{"name":"wp","href":"https:\/\/api.w.org\/{rel}","templated":true}]}}