{"id":741334,"date":"2025-03-03T18:13:39","date_gmt":"2025-03-03T17:13:39","guid":{"rendered":"https:\/\/stoic-curie.212-227-153-4.plesk.page\/producto\/mega-bokobran-crni-740x610mm\/"},"modified":"2026-02-25T00:00:52","modified_gmt":"2026-02-25T00:00:52","slug":"mega-bokobran-crni-740x610mm","status":"publish","type":"product","link":"https:\/\/stoic-curie.212-227-153-4.plesk.page\/hr\/product\/mega-bokobran-crni-740x610mm\/","title":{"rendered":"MegaFender Fendress 740 x 610mm"},"content":{"rendered":"<p>MegaFender Fendress 740 x 610mm &#8211; <\/p>\n<p style=\"color: rgb(34, 34, 34); font-family: Arial, Helvetica, sans-serif; font-size: small;\">Fendress Mega fendere su pomno projektirane za za\u0161titu velikih brodova i mega jahti. Njihov lagani dizajn omogu\u0107ava jednostavno rukovanje, dok inovativni sustav ventila i izvanredna fleksibilnost osiguravaju jednostavno ispuhivanje i pohranu, \u010dak i u ograni\u010denim prostorima.<\/p>\n<p style=\"color: rgb(34, 34, 34); font-family: Arial, Helvetica, sans-serif; font-size: small;\">Ovi fenderi su izra\u0111eni za dugotrajnost, s \u010dvrstim prstenovima od nehr\u0111aju\u0107eg \u010delika i trakama oja\u010danim Kevlar\u00ae-om koje pru\u017eaju vu\u010dnu \u010dvrsto\u0107u do 3,5 tona. U\u010dinkovito spajaju laganu strukturu s zna\u010dajnom snagom.<\/p>\n<p style=\"color: rgb(34, 34, 34); font-family: Arial, Helvetica, sans-serif; font-size: small;\">Klju\u010dne zna\u010dajke uklju\u010duju:<\/p>\n<ul style=\"color: rgb(34, 34, 34); font-family: Arial, Helvetica, sans-serif; font-size: small;\">\n<li>Oja\u010dane trakice za pove\u0107anu izdr\u017eljivost<\/li>\n<li>Prakti\u010dno rukovanje za pobolj\u0161anu upotrebljivost<\/li>\n<li>Prstenovi u obliku D od nehr\u0111aju\u0107eg \u010delika za sigurnu vezivanje<\/li>\n<li>Standardni vodootporni ventil za jednostavno napuhavanje i ispuhivanje<\/li>\n<\/ul>\n<p style=\"color: rgb(34, 34, 34); font-family: Arial, Helvetica, sans-serif; font-size: small;\">S Mega fenderima, vlasnici plovila mogu biti sigurni da su njihova plovila dobro za\u0161ti\u0107ena.<\/p>\n<p style=\"color: rgb(34, 34, 34); font-family: Arial, Helvetica, sans-serif; font-size: small;\">Fendress inflatable fendere se proizvode na Dalekom istoku i vrlo su cijenjeni me\u0111u posadama superjahti zbog svog laganog, kompaktno dizajna i izvanredne trajnosti. Izra\u0111eni su od mje\u0161avine konsolidiranog PVC-a i Kevlar oja\u010danja, \u0161to ih \u010dini otpornima na probijanje i habanje.<\/p>\n<p style=\"color: rgb(34, 34, 34); font-family: Arial, Helvetica, sans-serif; font-size: small;\">Primarne karakteristike Fendress inflatable fendera su:<\/p>\n<ul style=\"color: rgb(34, 34, 34); font-family: Arial, Helvetica, sans-serif; font-size: small;\">\n<li>Lagani i kompaktni: Ovi fenderi su znatno lak\u0161i od tradicionalnih gumiranih fendera, olak\u0161avaju\u0107i rukovanje i pohranu.<\/li>\n<li>\u010cvrsti i izdr\u017eljivi: Kombinacija konsolidiranog PVC-a i Kevlar oja\u010danja pru\u017ea izvrsnu za\u0161titu od probijanja i abrazije.<\/li>\n<li>Jednostavno napuhavanje i ispuhivanje: Mogu se napuhati s bilo kojim standardnim pumpom i brzo ispuhati za prakti\u010dnu pohranu.<\/li>\n<li>Dostupni u razli\u010ditim veli\u010dinama: Fendress fenderi se nude u razli\u010ditim veli\u010dinama kako bi odgovarali razli\u010ditim plovilima.<\/li>\n<\/ul>\n<p style=\"color: rgb(34, 34, 34); font-family: Arial, Helvetica, sans-serif; font-size: small;\">Ukratko, Fendress inflatable fendere predstavljaju izvanredan izbor za posade superjahti u potrazi za laganim, izdr\u017eljivim i lako kori\u0161tenim rje\u0161enjem za inflatable fendere.<\/p>\n","protected":false},"excerpt":{"rendered":"<p>MegaFender Fendress 740 x 610mm &#8211; Fendress Mega fendere su pomno projektirane za za\u0161titu velikih brodova i mega jahti. Njihov<\/p>\n","protected":false},"featured_media":5936924,"comment_status":"open","ping_status":"closed","template":"","meta":[],"product_brand":[2936],"product_cat":[1848],"product_tag":[],"class_list":{"0":"post-741334","1":"product","2":"type-product","3":"status-publish","4":"has-post-thumbnail","6":"product_brand-fendress-hr","7":"product_cat-brodski-bokobrani","9":"first","10":"instock","11":"shipping-taxable","12":"purchasable","13":"product-type-simple"},"_links":{"self":[{"href":"https:\/\/stoic-curie.212-227-153-4.plesk.page\/hr\/wp-json\/wp\/v2\/product\/741334","targetHints":{"allow":["GET"]}}],"collection":[{"href":"https:\/\/stoic-curie.212-227-153-4.plesk.page\/hr\/wp-json\/wp\/v2\/product"}],"about":[{"href":"https:\/\/stoic-curie.212-227-153-4.plesk.page\/hr\/wp-json\/wp\/v2\/types\/product"}],"replies":[{"embeddable":true,"href":"https:\/\/stoic-curie.212-227-153-4.plesk.page\/hr\/wp-json\/wp\/v2\/comments?post=741334"}],"version-history":[{"count":0,"href":"https:\/\/stoic-curie.212-227-153-4.plesk.page\/hr\/wp-json\/wp\/v2\/product\/741334\/revisions"}],"wp:featuredmedia":[{"embeddable":true,"href":"https:\/\/stoic-curie.212-227-153-4.plesk.page\/hr\/wp-json\/wp\/v2\/media\/5936924"}],"wp:attachment":[{"href":"https:\/\/stoic-curie.212-227-153-4.plesk.page\/hr\/wp-json\/wp\/v2\/media?parent=741334"}],"wp:term":[{"taxonomy":"product_brand","embeddable":true,"href":"https:\/\/stoic-curie.212-227-153-4.plesk.page\/hr\/wp-json\/wp\/v2\/product_brand?post=741334"},{"taxonomy":"product_cat","embeddable":true,"href":"https:\/\/stoic-curie.212-227-153-4.plesk.page\/hr\/wp-json\/wp\/v2\/product_cat?post=741334"},{"taxonomy":"product_tag","embeddable":true,"href":"https:\/\/stoic-curie.212-227-153-4.plesk.page\/hr\/wp-json\/wp\/v2\/product_tag?post=741334"}],"curies":[{"name":"wp","href":"https:\/\/api.w.org\/{rel}","templated":true}]}}