{"id":741335,"date":"2025-03-03T18:13:39","date_gmt":"2025-03-03T17:13:39","guid":{"rendered":"https:\/\/stoic-curie.212-227-153-4.plesk.page\/producto\/mega-bokobran-crni-1070x610mm\/"},"modified":"2026-02-25T00:00:52","modified_gmt":"2026-02-25T00:00:52","slug":"mega-bokobran-crni-1070x610mm","status":"publish","type":"product","link":"https:\/\/stoic-curie.212-227-153-4.plesk.page\/hr\/product\/mega-bokobran-crni-1070x610mm\/","title":{"rendered":"MegaFender Fendress 1070 x 610mm"},"content":{"rendered":"<p>MegaFender Fendress 1070 x 610mm &#8211; <\/p>\n<p style=\"color: rgb(34, 34, 34); font-family: Arial, Helvetica, sans-serif; font-size: small;\">Fendress Mega fendere pa\u017eljivo su dizajnirane kako bi za\u0161titile velike brodove i megajahtice. Njihova lagana konstrukcija olak\u0161ava rukovanje, dok inovativni sustav ventila i izvanredna fleksibilnost omogu\u0107uju jednostavno ispuhivanje i pohranu, \u010dak i na sku\u010denim mjestima.<\/p>\n<p style=\"color: rgb(34, 34, 34); font-family: Arial, Helvetica, sans-serif; font-size: small;\">Ovi fenderi su izra\u0111eni za dugovje\u010dnost, sa sna\u017enim prstenovima od nehr\u0111aju\u0107eg \u010delika i poja\u010danim trakama od Kevlar\u00ae koje pru\u017eaju vu\u010dnu \u010dvrsto\u0107u do 3,5 tona. U\u010dinkovito spajaju lagani dizajn s impresivnom snagom.<\/p>\n<p style=\"color: rgb(34, 34, 34); font-family: Arial, Helvetica, sans-serif; font-size: small;\">Istaknute zna\u010dajke uklju\u010duju:<\/p>\n<ul style=\"color: rgb(34, 34, 34); font-family: Arial, Helvetica, sans-serif; font-size: small;\">\n<li>Oja\u010dane trake za pove\u0107anu izdr\u017eljivost<\/li>\n<li>Jednostavno rukovanje za dodatnu udobnost<\/li>\n<li>Prstenovi od nehr\u0111aju\u0107eg \u010delika za sigurnu pri\u010dvr\u0161\u0107ivanje<\/li>\n<li>Standardni vodootporni ventil za jednostavno napuhavanje i ispuhivanje<\/li>\n<\/ul>\n<p style=\"color: rgb(34, 34, 34); font-family: Arial, Helvetica, sans-serif; font-size: small;\">S Mega fenderima, vlasnici brodova mogu biti sigurni da su njihovi plovila dobro za\u0161ti\u0107eni.<\/p>\n<p style=\"color: rgb(34, 34, 34); font-family: Arial, Helvetica, sans-serif; font-size: small;\">Fendress pjenasti fenderi proizvedeni su na Dalekom Istoku i visoko ih cijene posade superjahti zbog njihovog lakog, kompaktnog dizajna i izvanredne izdr\u017eljivosti. Izra\u0111eni su od kombinacije kompaktnog PVC-a i poja\u010danja od Kevlara, \u0161to ih \u010dini otpornima na probijanje i habanje.<\/p>\n<p style=\"color: rgb(34, 34, 34); font-family: Arial, Helvetica, sans-serif; font-size: small;\">Glavne karakteristike Fendress pjenastih fendera su:<\/p>\n<ul style=\"color: rgb(34, 34, 34); font-family: Arial, Helvetica, sans-serif; font-size: small;\">\n<li>Lagani i kompaktni: Ovi fenderi su znatno lak\u0161i od tradicionalnih gumenih fendera, olak\u0161avaju\u0107i rukovanje i pohranu.<\/li>\n<li>Sna\u017eni i izdr\u017eljivi: Kombinacija kompaktnog PVC-a i Kevlar poja\u010danja pru\u017ea odli\u010dnu za\u0161titu od probijanja i abrazije.<\/li>\n<li>Jednostavni za napuhavanje i ispuhivanje: Mogu se napuhati bilo kojim standardnim pumpom i brzo ispuhati radi lak\u0161e pohrane.<\/li>\n<li>Dostupni u raznim veli\u010dinama: Fendress fenderi dolaze u razli\u010ditim veli\u010dinama kako bi odgovarali razli\u010ditim plovilima.<\/li>\n<\/ul>\n<p style=\"color: rgb(34, 34, 34); font-family: Arial, Helvetica, sans-serif; font-size: small;\">Ukratko, Fendress pjenasti fenderi su izvrsna opcija za posade superjahti koje tra\u017ee laganu, izdr\u017eljivu i jednostavnu fender rje\u0161enja.<\/p>\n","protected":false},"excerpt":{"rendered":"<p>MegaFender Fendress 1070 x 610mm &#8211; Fendress Mega fendere pa\u017eljivo su dizajnirane kako bi za\u0161titile velike brodove i megajahtice. Njihova<\/p>\n","protected":false},"featured_media":5936924,"comment_status":"open","ping_status":"closed","template":"","meta":[],"product_brand":[2936],"product_cat":[1848],"product_tag":[],"class_list":{"0":"post-741335","1":"product","2":"type-product","3":"status-publish","4":"has-post-thumbnail","6":"product_brand-fendress-hr","7":"product_cat-brodski-bokobrani","9":"first","10":"instock","11":"shipping-taxable","12":"purchasable","13":"product-type-simple"},"_links":{"self":[{"href":"https:\/\/stoic-curie.212-227-153-4.plesk.page\/hr\/wp-json\/wp\/v2\/product\/741335","targetHints":{"allow":["GET"]}}],"collection":[{"href":"https:\/\/stoic-curie.212-227-153-4.plesk.page\/hr\/wp-json\/wp\/v2\/product"}],"about":[{"href":"https:\/\/stoic-curie.212-227-153-4.plesk.page\/hr\/wp-json\/wp\/v2\/types\/product"}],"replies":[{"embeddable":true,"href":"https:\/\/stoic-curie.212-227-153-4.plesk.page\/hr\/wp-json\/wp\/v2\/comments?post=741335"}],"version-history":[{"count":0,"href":"https:\/\/stoic-curie.212-227-153-4.plesk.page\/hr\/wp-json\/wp\/v2\/product\/741335\/revisions"}],"wp:featuredmedia":[{"embeddable":true,"href":"https:\/\/stoic-curie.212-227-153-4.plesk.page\/hr\/wp-json\/wp\/v2\/media\/5936924"}],"wp:attachment":[{"href":"https:\/\/stoic-curie.212-227-153-4.plesk.page\/hr\/wp-json\/wp\/v2\/media?parent=741335"}],"wp:term":[{"taxonomy":"product_brand","embeddable":true,"href":"https:\/\/stoic-curie.212-227-153-4.plesk.page\/hr\/wp-json\/wp\/v2\/product_brand?post=741335"},{"taxonomy":"product_cat","embeddable":true,"href":"https:\/\/stoic-curie.212-227-153-4.plesk.page\/hr\/wp-json\/wp\/v2\/product_cat?post=741335"},{"taxonomy":"product_tag","embeddable":true,"href":"https:\/\/stoic-curie.212-227-153-4.plesk.page\/hr\/wp-json\/wp\/v2\/product_tag?post=741335"}],"curies":[{"name":"wp","href":"https:\/\/api.w.org\/{rel}","templated":true}]}}