{"id":741336,"date":"2025-03-03T18:13:39","date_gmt":"2025-03-03T17:13:39","guid":{"rendered":"https:\/\/stoic-curie.212-227-153-4.plesk.page\/producto\/mega-bokobran-crni-1470x610mm\/"},"modified":"2026-02-25T00:00:52","modified_gmt":"2026-02-25T00:00:52","slug":"mega-bokobran-crni-1470x610mm","status":"publish","type":"product","link":"https:\/\/stoic-curie.212-227-153-4.plesk.page\/hr\/product\/mega-bokobran-crni-1470x610mm\/","title":{"rendered":"MegaFender Fendress 1470 x 610mm"},"content":{"rendered":"<p>MegaFender Fendress 1470 x 610mm &#8211; <\/p>\n<p style=\"color: rgb(34, 34, 34); font-family: Arial, Helvetica, sans-serif; font-size: small;\">Fendress Mega Fenders pa\u017eljivo su izra\u0111eni za za\u0161titu velikih brodova i mega jahti. Njihov lagani dizajn omogu\u0107uje jednostavno rukovanje, dok inovativni sustav ventila i izvanredna fleksibilnost olak\u0161avaju deflaciju i pohranu, \u010dak i u sku\u010denim prostorima.<\/p>\n<p style=\"color: rgb(34, 34, 34); font-family: Arial, Helvetica, sans-serif; font-size: small;\">Ove fendere su konstruirane za trajnost, s robusnim prstenovima od nehr\u0111aju\u0107eg \u010delika i trakama oja\u010danim Kevlarom\u00ae koje pru\u017eaju vu\u010dnu \u010dvrsto\u0107u do 3,5 tona. Uspje\u0161no kombiniraju laganu strukturu s izvanrednom snagom.<\/p>\n<p style=\"color: rgb(34, 34, 34); font-family: Arial, Helvetica, sans-serif; font-size: small;\">Klju\u010dne zna\u010dajke uklju\u010duju:<\/p>\n<ul style=\"color: rgb(34, 34, 34); font-family: Arial, Helvetica, sans-serif; font-size: small;\">\n<li>Oja\u010dane trake za pobolj\u0161anu izdr\u017eljivost<\/li>\n<li>Prakti\u010dno rukovanje za dodatnu jednostavnost<\/li>\n<li>Prstenovi u obliku slova D od nehr\u0111aju\u0107eg \u010delika za sigurno pri\u010dvr\u0161\u0107ivanje<\/li>\n<li>Standardni vodootporni ventil za jednostavno napuhavanje i deflaciju<\/li>\n<\/ul>\n<p style=\"color: rgb(34, 34, 34); font-family: Arial, Helvetica, sans-serif; font-size: small;\">S Mega Fenders, vlasnici brodova mogu biti sigurni da su njihova plovila dobro za\u0161ti\u0107ena.<\/p>\n<p style=\"color: rgb(34, 34, 34); font-family: Arial, Helvetica, sans-serif; font-size: small;\">Fendress napuhani fenderi proizvode se na Dalekom istoku i visoko su cijenjeni od strane posada superjahti zbog svog laganog, kompaktnog dizajna i iznimne izdr\u017eljivosti. Izra\u0111eni su od kombinacije konsolidiranog PVC-a i oja\u010danja od Kevlara, \u0161to ih \u010dini robusnim i otpornih na probijanje i habanje.<\/p>\n<p style=\"color: rgb(34, 34, 34); font-family: Arial, Helvetica, sans-serif; font-size: small;\">Glavne karakteristike Fendress napuhanih fendera su:<\/p>\n<ul style=\"color: rgb(34, 34, 34); font-family: Arial, Helvetica, sans-serif; font-size: small;\">\n<li>Lagan i kompaktan: Ovi fenderi su znatno lak\u0161i od tradicionalnih gumeniih fendera, pojednostavljuju\u0107i rukovanje i pohranu.<\/li>\n<li>\u010cvrst i izdr\u017eljiv: Mje\u0161avina konsolidiranog PVC-a i Kevlar oja\u010danja pru\u017ea izvrsnu za\u0161titu od probijanja i abrazija.<\/li>\n<li>Jednostavno napuhavanje i deflacija: Mogu se napuhati uz pomo\u0107 bilo koje standardne pumpe i brzo deflirati za prakti\u010dnu pohranu.<\/li>\n<li>Dostupni u raznim veli\u010dinama: Fendress fenderi dolaze u razli\u010ditim veli\u010dinama kako bi odgovarali raznim plovilima.<\/li>\n<\/ul>\n<p style=\"color: rgb(34, 34, 34); font-family: Arial, Helvetica, sans-serif; font-size: small;\">Zaklju\u010dno, Fendress napuhani fenderi su izvrstan izbor za posade superjahti koje tra\u017ee lagano, izdr\u017eljivo i korisni\u010dki prijateljsko rje\u0161enje za napuhane fendere.<\/p>\n","protected":false},"excerpt":{"rendered":"<p>MegaFender Fendress 1470 x 610mm &#8211; Fendress Mega Fenders pa\u017eljivo su izra\u0111eni za za\u0161titu velikih brodova i mega jahti. Njihov<\/p>\n","protected":false},"featured_media":5936924,"comment_status":"open","ping_status":"closed","template":"","meta":[],"product_brand":[2936],"product_cat":[1848],"product_tag":[],"class_list":{"0":"post-741336","1":"product","2":"type-product","3":"status-publish","4":"has-post-thumbnail","6":"product_brand-fendress-hr","7":"product_cat-brodski-bokobrani","9":"first","10":"instock","11":"shipping-taxable","12":"purchasable","13":"product-type-simple"},"_links":{"self":[{"href":"https:\/\/stoic-curie.212-227-153-4.plesk.page\/hr\/wp-json\/wp\/v2\/product\/741336","targetHints":{"allow":["GET"]}}],"collection":[{"href":"https:\/\/stoic-curie.212-227-153-4.plesk.page\/hr\/wp-json\/wp\/v2\/product"}],"about":[{"href":"https:\/\/stoic-curie.212-227-153-4.plesk.page\/hr\/wp-json\/wp\/v2\/types\/product"}],"replies":[{"embeddable":true,"href":"https:\/\/stoic-curie.212-227-153-4.plesk.page\/hr\/wp-json\/wp\/v2\/comments?post=741336"}],"version-history":[{"count":0,"href":"https:\/\/stoic-curie.212-227-153-4.plesk.page\/hr\/wp-json\/wp\/v2\/product\/741336\/revisions"}],"wp:featuredmedia":[{"embeddable":true,"href":"https:\/\/stoic-curie.212-227-153-4.plesk.page\/hr\/wp-json\/wp\/v2\/media\/5936924"}],"wp:attachment":[{"href":"https:\/\/stoic-curie.212-227-153-4.plesk.page\/hr\/wp-json\/wp\/v2\/media?parent=741336"}],"wp:term":[{"taxonomy":"product_brand","embeddable":true,"href":"https:\/\/stoic-curie.212-227-153-4.plesk.page\/hr\/wp-json\/wp\/v2\/product_brand?post=741336"},{"taxonomy":"product_cat","embeddable":true,"href":"https:\/\/stoic-curie.212-227-153-4.plesk.page\/hr\/wp-json\/wp\/v2\/product_cat?post=741336"},{"taxonomy":"product_tag","embeddable":true,"href":"https:\/\/stoic-curie.212-227-153-4.plesk.page\/hr\/wp-json\/wp\/v2\/product_tag?post=741336"}],"curies":[{"name":"wp","href":"https:\/\/api.w.org\/{rel}","templated":true}]}}