{"id":741341,"date":"2025-03-03T18:13:41","date_gmt":"2025-03-03T17:13:41","guid":{"rendered":"https:\/\/stoic-curie.212-227-153-4.plesk.page\/producto\/majoni-plutaca-crvena-rb-a5-650mm\/"},"modified":"2026-02-25T00:00:52","modified_gmt":"2026-02-25T00:00:52","slug":"majoni-plutaca-crvena-rb-a5-650mm","status":"publish","type":"product","link":"https:\/\/stoic-curie.212-227-153-4.plesk.page\/hr\/product\/majoni-plutaca-crvena-rb-a5-650mm\/","title":{"rendered":"Majoni plutaca crvena, RB-A5 650mm"},"content":{"rendered":"<p>Majoni plutaca crvena, RB-A5 650mm &#8211; <\/p>\n<p>Te\u0161ki fenderi u obliku kru\u0161ke s oja\u010danom rupom.<\/p>\n","protected":false},"excerpt":{"rendered":"<p>Majoni plutaca crvena, RB-A5 650mm &#8211; Te\u0161ki fenderi u obliku kru\u0161ke s oja\u010danom rupom.<\/p>\n","protected":false},"featured_media":5935691,"comment_status":"open","ping_status":"closed","template":"","meta":[],"product_brand":[3091],"product_cat":[1850],"product_tag":[],"class_list":{"0":"post-741341","1":"product","2":"type-product","3":"status-publish","4":"has-post-thumbnail","6":"product_brand-majoni-hr","7":"product_cat-plutace-za-privez-i-signalizaciju","9":"first","10":"instock","11":"shipping-taxable","12":"purchasable","13":"product-type-simple"},"_links":{"self":[{"href":"https:\/\/stoic-curie.212-227-153-4.plesk.page\/hr\/wp-json\/wp\/v2\/product\/741341","targetHints":{"allow":["GET"]}}],"collection":[{"href":"https:\/\/stoic-curie.212-227-153-4.plesk.page\/hr\/wp-json\/wp\/v2\/product"}],"about":[{"href":"https:\/\/stoic-curie.212-227-153-4.plesk.page\/hr\/wp-json\/wp\/v2\/types\/product"}],"replies":[{"embeddable":true,"href":"https:\/\/stoic-curie.212-227-153-4.plesk.page\/hr\/wp-json\/wp\/v2\/comments?post=741341"}],"version-history":[{"count":0,"href":"https:\/\/stoic-curie.212-227-153-4.plesk.page\/hr\/wp-json\/wp\/v2\/product\/741341\/revisions"}],"wp:featuredmedia":[{"embeddable":true,"href":"https:\/\/stoic-curie.212-227-153-4.plesk.page\/hr\/wp-json\/wp\/v2\/media\/5935691"}],"wp:attachment":[{"href":"https:\/\/stoic-curie.212-227-153-4.plesk.page\/hr\/wp-json\/wp\/v2\/media?parent=741341"}],"wp:term":[{"taxonomy":"product_brand","embeddable":true,"href":"https:\/\/stoic-curie.212-227-153-4.plesk.page\/hr\/wp-json\/wp\/v2\/product_brand?post=741341"},{"taxonomy":"product_cat","embeddable":true,"href":"https:\/\/stoic-curie.212-227-153-4.plesk.page\/hr\/wp-json\/wp\/v2\/product_cat?post=741341"},{"taxonomy":"product_tag","embeddable":true,"href":"https:\/\/stoic-curie.212-227-153-4.plesk.page\/hr\/wp-json\/wp\/v2\/product_tag?post=741341"}],"curies":[{"name":"wp","href":"https:\/\/api.w.org\/{rel}","templated":true}]}}