{"id":741342,"date":"2025-03-03T18:13:41","date_gmt":"2025-03-03T17:13:41","guid":{"rendered":"https:\/\/stoic-curie.212-227-153-4.plesk.page\/producto\/waeco-rashladni-kompresor-12-24v-za-hladnjake-do-200lt\/"},"modified":"2026-02-25T00:00:52","modified_gmt":"2026-02-25T00:00:52","slug":"waeco-rashladni-kompresor-12-24v-za-hladnjake-do-200lt","status":"publish","type":"product","link":"https:\/\/stoic-curie.212-227-153-4.plesk.page\/hr\/product\/waeco-rashladni-kompresor-12-24v-za-hladnjake-do-200lt\/","title":{"rendered":"Dometic Coldmachine CS-NC15"},"content":{"rendered":"<p>Dometic Coldmachine CS-NC15 &#8211; <\/p>\n<p style=\"color: rgb(34, 34, 34); font-family: Arial, Helvetica, sans-serif; font-size: small;\">Predstavljamo na\u0161 kompaktnu rashladnu jedinicu Dometic Coldmachine CS-NC15, dizajniranu s re\u0161etkom od ner\u0111aju\u0107eg \u010delika i veoma efikasnim ispariva\u010dem za optimalnu cirkulaciju zraka. Dometic ColdMachine kompaktna rashladna jedinica je visokoefikasno re\u0161enje koje je lako instalirati u svaki hladnjak ili hladnu sobu do 200 litara s 2 cm izolacije. Samo izbu\u0161ite rupu i pove\u017eite se na bateriju za brzu instalaciju.<\/p>\n<p style=\"color: rgb(34, 34, 34); font-family: Arial, Helvetica, sans-serif; font-size: small;\">Ovaj sistem nudi brzu cirkulaciju zraka i posjeduje kontrolu termostata, za\u0161titu od preoptere\u0107enja i automatsko isklju\u010divanje pri niskom naponu. Pored toga, na\u0161i lako sastavljivi ispariva\u010di pobolj\u0161avaju cirkulaciju zraka, osiguravaju\u0107i odli\u010dne performanse hla\u0111enja uz minimalnu potro\u0161nju energije. Potpuno varijabilna kontrola temperature termostata dodatno pove\u0107ava efikasnost, a ugra\u0111ena za\u0161tita od niskog napona \u0161titi va\u0161 sistem.<\/p>\n<p style=\"color: rgb(34, 34, 34); font-family: Arial, Helvetica, sans-serif; font-size: small;\">Kapacitet hla\u0111enja je impresivan, omogu\u0107avaju\u0107i do 200 litara s 35 mm PU izolacijom ili 250 litara s 50 mm PU izolacijom. Ovo ga \u010dini pogodnim za ve\u0107inu hladnjaka. Dometic ColdMachine CS-NC15 se ponosi kompaktno\u0161\u0107u i visokom efikasno\u0161\u0107u, zahvaljuju\u0107i ispariva\u010dima koji pobolj\u0161avaju cirkulaciju zraka i podesivom termostatu.<\/p>\n<p style=\"color: rgb(34, 34, 34); font-family: Arial, Helvetica, sans-serif; font-size: small;\">Klju\u010dne karakteristike:<\/p>\n<ul style=\"color: rgb(34, 34, 34); font-family: Arial, Helvetica, sans-serif; font-size: small;\">\n<li>Kapacitet hla\u0111enja: Maksimalno 200 litara s 35 mm PU izolacijom \/ Maksimalno 250 litara s 50 mm PU izolacijom<\/li>\n<li>Napajanje: 12 \/ 24 volti DC<\/li>\n<li>Potro\u0161nja energije: 60 vata<\/li>\n<li>Strujna potro\u0161nja: 2 A\/h za 35 mm PU izolaciju \/ 1,5 A\/h za 50 mm PU izolaciju (mjereno na +5\u00b0C unutra\u0161nje temperature i +32\u00b0C vanjske temperature s srednjom hla\u0111enjem)<\/li>\n<li>Dimenzije (\u0160xVxD): 258 x 363 x 227 mm<\/li>\n<li>Te\u017eina: 8,5 kg<\/li>\n<li>Boja: Bijela<\/li>\n<\/ul>\n<p style=\"color: rgb(34, 34, 34); font-family: Arial, Helvetica, sans-serif; font-size: small;\">Iskustvo pouzdane hla\u0111enja s na\u0161om kompaktno rashladnom jedinicom CS-NC15, dizajniranom za jednostavnu instalaciju i efikasne performanse<\/p>\n","protected":false},"excerpt":{"rendered":"<p>Dometic Coldmachine CS-NC15 &#8211; Predstavljamo na\u0161 kompaktnu rashladnu jedinicu Dometic Coldmachine CS-NC15, dizajniranu s re\u0161etkom od ner\u0111aju\u0107eg \u010delika i veoma<\/p>\n","protected":false},"featured_media":5941269,"comment_status":"open","ping_status":"closed","template":"","meta":[],"product_brand":[2896],"product_cat":[1751],"product_tag":[],"class_list":{"0":"post-741342","1":"product","2":"type-product","3":"status-publish","4":"has-post-thumbnail","6":"product_brand-dometic-hr","7":"product_cat-hladnjaci-i-zamrzivaci","9":"first","10":"instock","11":"shipping-taxable","12":"purchasable","13":"product-type-simple"},"_links":{"self":[{"href":"https:\/\/stoic-curie.212-227-153-4.plesk.page\/hr\/wp-json\/wp\/v2\/product\/741342","targetHints":{"allow":["GET"]}}],"collection":[{"href":"https:\/\/stoic-curie.212-227-153-4.plesk.page\/hr\/wp-json\/wp\/v2\/product"}],"about":[{"href":"https:\/\/stoic-curie.212-227-153-4.plesk.page\/hr\/wp-json\/wp\/v2\/types\/product"}],"replies":[{"embeddable":true,"href":"https:\/\/stoic-curie.212-227-153-4.plesk.page\/hr\/wp-json\/wp\/v2\/comments?post=741342"}],"version-history":[{"count":0,"href":"https:\/\/stoic-curie.212-227-153-4.plesk.page\/hr\/wp-json\/wp\/v2\/product\/741342\/revisions"}],"wp:featuredmedia":[{"embeddable":true,"href":"https:\/\/stoic-curie.212-227-153-4.plesk.page\/hr\/wp-json\/wp\/v2\/media\/5941269"}],"wp:attachment":[{"href":"https:\/\/stoic-curie.212-227-153-4.plesk.page\/hr\/wp-json\/wp\/v2\/media?parent=741342"}],"wp:term":[{"taxonomy":"product_brand","embeddable":true,"href":"https:\/\/stoic-curie.212-227-153-4.plesk.page\/hr\/wp-json\/wp\/v2\/product_brand?post=741342"},{"taxonomy":"product_cat","embeddable":true,"href":"https:\/\/stoic-curie.212-227-153-4.plesk.page\/hr\/wp-json\/wp\/v2\/product_cat?post=741342"},{"taxonomy":"product_tag","embeddable":true,"href":"https:\/\/stoic-curie.212-227-153-4.plesk.page\/hr\/wp-json\/wp\/v2\/product_tag?post=741342"}],"curies":[{"name":"wp","href":"https:\/\/api.w.org\/{rel}","templated":true}]}}