{"id":741345,"date":"2025-03-03T18:13:42","date_gmt":"2025-03-03T17:13:42","guid":{"rendered":"https:\/\/stoic-curie.212-227-153-4.plesk.page\/producto\/waeco-sinepower-pretvarac-snage-dsp1024-1000wt-24v\/"},"modified":"2026-02-25T00:00:52","modified_gmt":"2026-02-25T00:00:52","slug":"waeco-sinepower-pretvarac-snage-dsp1024-1000wt-24v","status":"publish","type":"product","link":"https:\/\/stoic-curie.212-227-153-4.plesk.page\/hr\/product\/waeco-sinepower-pretvarac-snage-dsp1024-1000wt-24v\/","title":{"rendered":"Waeco SinePower pretvara\u010d snage DSP1024 1000wt 24v"},"content":{"rendered":"<p>Waeco SinePower pretvara\u010d snage DSP1024 1000wt 24v &#8211; <\/p>\n<p>Profesionalni Dometic SinePower inverter koji pretvara 12\/24V DC struju iz baterije u 220V izmjeni\u010dnu struju s pravom sinusnom valnom. Savr\u0161eno za napajanje svih osjetljivih elektroni\u010dkih i elektri\u010dnih ure\u0111aja. Opremljen na\u010dinom rada \u0161tednje energije, pametnim krugovima, kompaktnim dizajnom i smanjenom te\u017einom.<\/p>\n","protected":false},"excerpt":{"rendered":"<p>Waeco SinePower pretvara\u010d snage DSP1024 1000wt 24v &#8211; Profesionalni Dometic SinePower inverter koji pretvara 12\/24V DC struju iz baterije u<\/p>\n","protected":false},"featured_media":5941271,"comment_status":"open","ping_status":"closed","template":"","meta":[],"product_brand":[2896],"product_cat":[1742],"product_tag":[],"class_list":{"0":"post-741345","1":"product","2":"type-product","3":"status-publish","4":"has-post-thumbnail","6":"product_brand-dometic-hr","7":"product_cat-inverteri-snage","9":"first","10":"instock","11":"shipping-taxable","12":"purchasable","13":"product-type-simple"},"_links":{"self":[{"href":"https:\/\/stoic-curie.212-227-153-4.plesk.page\/hr\/wp-json\/wp\/v2\/product\/741345","targetHints":{"allow":["GET"]}}],"collection":[{"href":"https:\/\/stoic-curie.212-227-153-4.plesk.page\/hr\/wp-json\/wp\/v2\/product"}],"about":[{"href":"https:\/\/stoic-curie.212-227-153-4.plesk.page\/hr\/wp-json\/wp\/v2\/types\/product"}],"replies":[{"embeddable":true,"href":"https:\/\/stoic-curie.212-227-153-4.plesk.page\/hr\/wp-json\/wp\/v2\/comments?post=741345"}],"version-history":[{"count":0,"href":"https:\/\/stoic-curie.212-227-153-4.plesk.page\/hr\/wp-json\/wp\/v2\/product\/741345\/revisions"}],"wp:featuredmedia":[{"embeddable":true,"href":"https:\/\/stoic-curie.212-227-153-4.plesk.page\/hr\/wp-json\/wp\/v2\/media\/5941271"}],"wp:attachment":[{"href":"https:\/\/stoic-curie.212-227-153-4.plesk.page\/hr\/wp-json\/wp\/v2\/media?parent=741345"}],"wp:term":[{"taxonomy":"product_brand","embeddable":true,"href":"https:\/\/stoic-curie.212-227-153-4.plesk.page\/hr\/wp-json\/wp\/v2\/product_brand?post=741345"},{"taxonomy":"product_cat","embeddable":true,"href":"https:\/\/stoic-curie.212-227-153-4.plesk.page\/hr\/wp-json\/wp\/v2\/product_cat?post=741345"},{"taxonomy":"product_tag","embeddable":true,"href":"https:\/\/stoic-curie.212-227-153-4.plesk.page\/hr\/wp-json\/wp\/v2\/product_tag?post=741345"}],"curies":[{"name":"wp","href":"https:\/\/api.w.org\/{rel}","templated":true}]}}