{"id":741347,"date":"2025-03-03T18:13:43","date_gmt":"2025-03-03T17:13:43","guid":{"rendered":"https:\/\/stoic-curie.212-227-153-4.plesk.page\/producto\/profesionalni-waeco-sinusni-pretvarac-dsp2012-2000wt-12v\/"},"modified":"2026-02-25T00:00:52","modified_gmt":"2026-02-25T00:00:52","slug":"profesionalni-waeco-sinusni-pretvarac-dsp2012-2000wt-12v","status":"publish","type":"product","link":"https:\/\/stoic-curie.212-227-153-4.plesk.page\/hr\/product\/profesionalni-waeco-sinusni-pretvarac-dsp2012-2000wt-12v\/","title":{"rendered":"Dometic DSP 2012 2000wt 12v"},"content":{"rendered":"<p>Dometic DSP 2012 2000wt 12v &#8211; <\/p>\n<p style=\"color: rgb(34, 34, 34); font-family: Arial, Helvetica, sans-serif; font-size: small;\">Predstavljamo Dometic SinePower DSP 2012, kompaktni inverter sinusnog vala koji pretvara energiju 12 V baterije u \u010distu 230 V AC. S robusnom snagom od 2000 W, ovaj inverter u\u010dinkovito napaja elektri\u010dne ure\u0111aje izravno iz baterije va\u0161eg vozila.<\/p>\n<p style=\"color: rgb(34, 34, 34); font-family: Arial, Helvetica, sans-serif; font-size: small;\">Istaknute zna\u010dajke uklju\u010duju:<\/p>\n<ul style=\"color: rgb(34, 34, 34); font-family: Arial, Helvetica, sans-serif; font-size: small;\">\n<li><strong>Izlaz \u010diste sinusne valnosti<\/strong>: 230 V AC izlaz je idealan za osjetljivu elektroni\u010dku opremu.<\/li>\n<li><strong>\u0160irok raspon DC ulaznog napona<\/strong>: Posebno dizajniran za vozila koja ispunjavaju EURO 6 regulacije emisija.<\/li>\n<li><strong>Re\u017eim mirovanja koji \u0161tedi energiju<\/strong>: Automatski se aktivira za o\u010duvanje energije i ponovo se aktivira kada je potrebno.<\/li>\n<li><strong>Vi\u0161enamjenska instalacija<\/strong>: Mo\u017ee se jednostavno montirati u horizontalnoj ili vertikalnoj orijentaciji.<\/li>\n<li><strong>Funkcija automatskog ponovnog pokretanja<\/strong>: Inverter se sam resetira nakon preoptere\u0107enja ili fluktuacije napona.<\/li>\n<li><strong>Tih rad<\/strong>: Ventilator radi na temelju optere\u0107enja i temperature kako bi osigurao minimalnu razinu buke.<\/li>\n<li><strong>Daljinski upravlja\u010dki panel<\/strong>: Uklju\u010den za jednostavno i prakti\u010dno upravljanje.<\/li>\n<\/ul>\n<p style=\"color: rgb(34, 34, 34); font-family: Arial, Helvetica, sans-serif; font-size: small;\"><strong>Tehni\u010dke specifikacije proizvoda<\/strong>:<\/p>\n<ul style=\"color: rgb(34, 34, 34); font-family: Arial, Helvetica, sans-serif; font-size: small;\">\n<li>Dubina: 360 mm<\/li>\n<li>Visina: 97 mm<\/li>\n<li>\u0160irina: 272 mm<\/li>\n<li>Neto te\u017eina: 5,20 kg<\/li>\n<\/ul>\n<p style=\"color: rgb(34, 34, 34); font-family: Arial, Helvetica, sans-serif; font-size: small;\">U\u017eivajte u pouzdanoj energiji za svoje ure\u0111aje s Dometic SinePower DSP 2012.<\/p>\n","protected":false},"excerpt":{"rendered":"<p>Dometic DSP 2012 2000wt 12v &#8211; Predstavljamo Dometic SinePower DSP 2012, kompaktni inverter sinusnog vala koji pretvara energiju 12 V<\/p>\n","protected":false},"featured_media":5941272,"comment_status":"open","ping_status":"closed","template":"","meta":[],"product_brand":[2896],"product_cat":[1742],"product_tag":[],"class_list":{"0":"post-741347","1":"product","2":"type-product","3":"status-publish","4":"has-post-thumbnail","6":"product_brand-dometic-hr","7":"product_cat-inverteri-snage","9":"first","10":"outofstock","11":"shipping-taxable","12":"purchasable","13":"product-type-simple"},"_links":{"self":[{"href":"https:\/\/stoic-curie.212-227-153-4.plesk.page\/hr\/wp-json\/wp\/v2\/product\/741347","targetHints":{"allow":["GET"]}}],"collection":[{"href":"https:\/\/stoic-curie.212-227-153-4.plesk.page\/hr\/wp-json\/wp\/v2\/product"}],"about":[{"href":"https:\/\/stoic-curie.212-227-153-4.plesk.page\/hr\/wp-json\/wp\/v2\/types\/product"}],"replies":[{"embeddable":true,"href":"https:\/\/stoic-curie.212-227-153-4.plesk.page\/hr\/wp-json\/wp\/v2\/comments?post=741347"}],"version-history":[{"count":0,"href":"https:\/\/stoic-curie.212-227-153-4.plesk.page\/hr\/wp-json\/wp\/v2\/product\/741347\/revisions"}],"wp:featuredmedia":[{"embeddable":true,"href":"https:\/\/stoic-curie.212-227-153-4.plesk.page\/hr\/wp-json\/wp\/v2\/media\/5941272"}],"wp:attachment":[{"href":"https:\/\/stoic-curie.212-227-153-4.plesk.page\/hr\/wp-json\/wp\/v2\/media?parent=741347"}],"wp:term":[{"taxonomy":"product_brand","embeddable":true,"href":"https:\/\/stoic-curie.212-227-153-4.plesk.page\/hr\/wp-json\/wp\/v2\/product_brand?post=741347"},{"taxonomy":"product_cat","embeddable":true,"href":"https:\/\/stoic-curie.212-227-153-4.plesk.page\/hr\/wp-json\/wp\/v2\/product_cat?post=741347"},{"taxonomy":"product_tag","embeddable":true,"href":"https:\/\/stoic-curie.212-227-153-4.plesk.page\/hr\/wp-json\/wp\/v2\/product_tag?post=741347"}],"curies":[{"name":"wp","href":"https:\/\/api.w.org\/{rel}","templated":true}]}}