{"id":741348,"date":"2025-03-03T18:13:43","date_gmt":"2025-03-03T17:13:43","guid":{"rendered":"https:\/\/stoic-curie.212-227-153-4.plesk.page\/producto\/profesionalni-waeco-sinusni-pretvarac-dsp1812t-1800wt-12v\/"},"modified":"2026-02-25T00:00:52","modified_gmt":"2026-02-25T00:00:52","slug":"profesionalni-waeco-sinusni-pretvarac-dsp1812t-1800wt-12v","status":"publish","type":"product","link":"https:\/\/stoic-curie.212-227-153-4.plesk.page\/hr\/product\/profesionalni-waeco-sinusni-pretvarac-dsp1812t-1800wt-12v\/","title":{"rendered":"Waeco sinusni pretvara\u010d DSP1812T 12v"},"content":{"rendered":"<p>Waeco sinusni pretvara\u010d DSP1812T 12v &#8211; <\/p>\n<p>Ovaj inverter s \u010distom sinusnom valnom oblikom posebno je dizajniran za pretvaranje 12 V baterijske energije u \u010distu 230 V AC, omogu\u0107uju\u0107i vam da izravno pokre\u0107ete elektri\u010dne ure\u0111aje snage do 2300 W iz baterije va\u0161eg vozila. Klju\u010dne karakteristike ovog premium proizvoda uklju\u010duju sklop za prioritet priklju\u010dka na mre\u017eu koji \u0161tedi energiju i energetski u\u010dinkoviti Smart Standby na\u010din rada. Dodatno mo\u017eete pobolj\u0161ati svoje iskustvo povezivanjem inverterskog ure\u0111aja s elegantnom upravlja\u010dkom plo\u010dom koja omogu\u0107uje jednostavno kori\u0161tenje i jasan prikaz.<\/p>\n<p>\u010cista sinusna valna izlazna energija od 230 V AC idealna je za osjetljive elektroni\u010dke ure\u0111aje.<\/p>\n<p>Inovativni na\u010din rada Smart Standby poma\u017ee u \u0161tednji energije kada inverter nije aktivno u upotrebi.<\/p>\n<p>Novodizajnirano korisni\u010dko su\u010delje pojednostavljuje upravljanje i kontrolu.<\/p>\n<p>Kompatibilan je s CI-Bus sustavom, \u0161to omogu\u0107ava besprijekornu integraciju u elektri\u010dni sustav va\u0161eg vozila.<\/p>\n<p>Ugledan sklop za prioritet priklju\u010dka na mre\u017eu jam\u010di sinkronizaciju napona.<\/p>\n<p>\u0160irok raspon DC ulaznog napona \u010dini ovaj inverter savr\u0161enim za vozila koja ispunjavaju EURO 6 standarde emisije.<\/p>\n<p>Tihi ventilator prilago\u0111ava svoj rad ovisno o optere\u0107enju i temperaturi, osiguravaju\u0107i optimalne performanse.<\/p>\n<p><strong>Dimenzije proizvoda:<\/strong><\/p>\n<ul>\n<li>Dubina: 405 mm<\/li>\n<li>Visina: 118 mm<\/li>\n<li>\u0160irina: 284 mm<\/li>\n<\/ul>\n<p><strong>Neto te\u017eina:<\/strong> 6,10 kg<\/p>\n","protected":false},"excerpt":{"rendered":"<p>Waeco sinusni pretvara\u010d DSP1812T 12v &#8211; Ovaj inverter s \u010distom sinusnom valnom oblikom posebno je dizajniran za pretvaranje 12 V<\/p>\n","protected":false},"featured_media":5941272,"comment_status":"open","ping_status":"closed","template":"","meta":[],"product_brand":[2896],"product_cat":[1742],"product_tag":[],"class_list":{"0":"post-741348","1":"product","2":"type-product","3":"status-publish","4":"has-post-thumbnail","6":"product_brand-dometic-hr","7":"product_cat-inverteri-snage","9":"first","10":"instock","11":"shipping-taxable","12":"purchasable","13":"product-type-simple"},"_links":{"self":[{"href":"https:\/\/stoic-curie.212-227-153-4.plesk.page\/hr\/wp-json\/wp\/v2\/product\/741348","targetHints":{"allow":["GET"]}}],"collection":[{"href":"https:\/\/stoic-curie.212-227-153-4.plesk.page\/hr\/wp-json\/wp\/v2\/product"}],"about":[{"href":"https:\/\/stoic-curie.212-227-153-4.plesk.page\/hr\/wp-json\/wp\/v2\/types\/product"}],"replies":[{"embeddable":true,"href":"https:\/\/stoic-curie.212-227-153-4.plesk.page\/hr\/wp-json\/wp\/v2\/comments?post=741348"}],"version-history":[{"count":0,"href":"https:\/\/stoic-curie.212-227-153-4.plesk.page\/hr\/wp-json\/wp\/v2\/product\/741348\/revisions"}],"wp:featuredmedia":[{"embeddable":true,"href":"https:\/\/stoic-curie.212-227-153-4.plesk.page\/hr\/wp-json\/wp\/v2\/media\/5941272"}],"wp:attachment":[{"href":"https:\/\/stoic-curie.212-227-153-4.plesk.page\/hr\/wp-json\/wp\/v2\/media?parent=741348"}],"wp:term":[{"taxonomy":"product_brand","embeddable":true,"href":"https:\/\/stoic-curie.212-227-153-4.plesk.page\/hr\/wp-json\/wp\/v2\/product_brand?post=741348"},{"taxonomy":"product_cat","embeddable":true,"href":"https:\/\/stoic-curie.212-227-153-4.plesk.page\/hr\/wp-json\/wp\/v2\/product_cat?post=741348"},{"taxonomy":"product_tag","embeddable":true,"href":"https:\/\/stoic-curie.212-227-153-4.plesk.page\/hr\/wp-json\/wp\/v2\/product_tag?post=741348"}],"curies":[{"name":"wp","href":"https:\/\/api.w.org\/{rel}","templated":true}]}}