{"id":741349,"date":"2025-03-03T18:13:43","date_gmt":"2025-03-03T17:13:43","guid":{"rendered":"https:\/\/stoic-curie.212-227-153-4.plesk.page\/producto\/profesionalni-waeco-sinepower-pretvarac-dsp2312t-2300wt-12v\/"},"modified":"2026-02-25T00:00:52","modified_gmt":"2026-02-25T00:00:52","slug":"profesionalni-waeco-sinepower-pretvarac-dsp2312t-2300wt-12v","status":"publish","type":"product","link":"https:\/\/stoic-curie.212-227-153-4.plesk.page\/hr\/product\/profesionalni-waeco-sinepower-pretvarac-dsp2312t-2300wt-12v\/","title":{"rendered":"Profesionalni Waeco SinePower pretvara\u010d DSP2312T 2300wt 12v"},"content":{"rendered":"<p>Profesionalni Waeco SinePower pretvara\u010d DSP2312T 2300wt 12v &#8211; <\/p>\n<p>Predstavljamo Dometic SinePower inverter DSP2312T, premium ure\u0111aj osmi\u0161ljen za pretvaranje 12V istosmjernog toka iz va\u0161e baterije u 230V izmjeni\u010dnog toka, pru\u017eaju\u0107i izlaz prave sinusne valne forme. Ovaj inverter je posebno sposoban napajati osjetljivu elektroniku i razne elektri\u010dne ure\u0111aje, osiguravaju\u0107i njihovu sigurnu i u\u010dinkovitu upotrebu bez rizika od o\u0161te\u0107enja ili kvara.<\/p>\n<p>Istaknuta zna\u010dajka ovog invertera je njegov energetski u\u010dinkoviti Smart Standby na\u010din rada, koji zna\u010dajno smanjuje potro\u0161nju energije kada ure\u0111aj nije aktivan. To ne samo da \u010duva energiju, ve\u0107 tako\u0111er produ\u017eava \u017eivotni vijek invertera, \u010dine\u0107i ga ekolo\u0161ki prihvatljivim izborom. Su\u010delje prilago\u0111eno korisniku olak\u0161ava jednostavno upravljanje i kontrolu, \u0161to ga \u010dini dostupnim korisnicima svih razina iskustva.<\/p>\n<p>Inverter je kompatibilan s CI-Busom, \u0161to omogu\u0107ava neprimjetnu integraciju u postoje\u0107i elektri\u010dni sustav va\u0161eg vozila. Ova kompatibilnost osigurava da inverter radi harmonijski s drugim komponentama, pobolj\u0161avaju\u0107i cjelokupnu funkcionalnost va\u0161e instalacije. Osim toga, uklju\u010duje integrirani glavni prioritetni krug s sinkronizacijom napona, jam\u010de\u0107i pouzdane performanse u razli\u010ditim uvjetima. S \u0161irokim rasponom DC ulaznog napona, ovaj inverter je posebno prikladan za vozila koja zadovoljavaju EU 6 emisijske propise, \u010dine\u0107i ga odgovornim izborom za ekolo\u0161ki osvije\u0161tene potro\u0161a\u010de.<\/p>\n<p>Pored toga, inverter radi tiho, s ventilatorom koji inteligentno pode\u0161ava svoju brzinu na temelju optere\u0107enja. Ova sposobnost ne samo da pobolj\u0161ava u\u010dinkovitost invertera, ve\u0107 tako\u0111er pobolj\u0161ava cjelokupno korisni\u010dko iskustvo, omogu\u0107uju\u0107i vam da u\u017eivate u prednostima svojih elektri\u010dnih ure\u0111aja bez ometanja prekomjernom bukom. U sa\u017eetku, Dometic SinePower inverter je odli\u010dna opcija za vlasnike brodova koji tra\u017ee pouzdano i u\u010dinkovito rje\u0161enje napajanja za svoje elektri\u010dne potrebe.<\/p>\n","protected":false},"excerpt":{"rendered":"<p>Profesionalni Waeco SinePower pretvara\u010d DSP2312T 2300wt 12v &#8211; Predstavljamo Dometic SinePower inverter DSP2312T, premium ure\u0111aj osmi\u0161ljen za pretvaranje 12V istosmjernog<\/p>\n","protected":false},"featured_media":5941272,"comment_status":"open","ping_status":"closed","template":"","meta":[],"product_brand":[2896],"product_cat":[1742],"product_tag":[],"class_list":{"0":"post-741349","1":"product","2":"type-product","3":"status-publish","4":"has-post-thumbnail","6":"product_brand-dometic-hr","7":"product_cat-inverteri-snage","9":"first","10":"instock","11":"shipping-taxable","12":"purchasable","13":"product-type-simple"},"_links":{"self":[{"href":"https:\/\/stoic-curie.212-227-153-4.plesk.page\/hr\/wp-json\/wp\/v2\/product\/741349","targetHints":{"allow":["GET"]}}],"collection":[{"href":"https:\/\/stoic-curie.212-227-153-4.plesk.page\/hr\/wp-json\/wp\/v2\/product"}],"about":[{"href":"https:\/\/stoic-curie.212-227-153-4.plesk.page\/hr\/wp-json\/wp\/v2\/types\/product"}],"replies":[{"embeddable":true,"href":"https:\/\/stoic-curie.212-227-153-4.plesk.page\/hr\/wp-json\/wp\/v2\/comments?post=741349"}],"version-history":[{"count":0,"href":"https:\/\/stoic-curie.212-227-153-4.plesk.page\/hr\/wp-json\/wp\/v2\/product\/741349\/revisions"}],"wp:featuredmedia":[{"embeddable":true,"href":"https:\/\/stoic-curie.212-227-153-4.plesk.page\/hr\/wp-json\/wp\/v2\/media\/5941272"}],"wp:attachment":[{"href":"https:\/\/stoic-curie.212-227-153-4.plesk.page\/hr\/wp-json\/wp\/v2\/media?parent=741349"}],"wp:term":[{"taxonomy":"product_brand","embeddable":true,"href":"https:\/\/stoic-curie.212-227-153-4.plesk.page\/hr\/wp-json\/wp\/v2\/product_brand?post=741349"},{"taxonomy":"product_cat","embeddable":true,"href":"https:\/\/stoic-curie.212-227-153-4.plesk.page\/hr\/wp-json\/wp\/v2\/product_cat?post=741349"},{"taxonomy":"product_tag","embeddable":true,"href":"https:\/\/stoic-curie.212-227-153-4.plesk.page\/hr\/wp-json\/wp\/v2\/product_tag?post=741349"}],"curies":[{"name":"wp","href":"https:\/\/api.w.org\/{rel}","templated":true}]}}