{"id":741351,"date":"2025-03-03T18:13:44","date_gmt":"2025-03-03T17:13:44","guid":{"rendered":"https:\/\/stoic-curie.212-227-153-4.plesk.page\/producto\/regulator-naplate-za-solarne-panele-240-480wat-2-baterije\/"},"modified":"2026-02-25T00:00:52","modified_gmt":"2026-02-25T00:00:52","slug":"regulator-naplate-za-solarne-panele-240-480wat-2-baterije","status":"publish","type":"product","link":"https:\/\/stoic-curie.212-227-153-4.plesk.page\/hr\/product\/regulator-naplate-za-solarne-panele-240-480wat-2-baterije\/","title":{"rendered":"Regulator naplate za solarne panele 240\/480wat 2 baterije"},"content":{"rendered":"<p>Regulator naplate za solarne panele 240\/480wat 2 baterije &#8211; <\/p>\n<p>Solarni regulator punjenja za fotovolta\u010dke panele i sustave. Punjenje u 3 faze s PWM tehnologijom za pravilnu prijenos struje s panela na dva akumulatora. Pogodno za sve olovno-kiselinske baterije, uklju\u010duju\u0107i AGM i gel. Nije kompatibilno s litijskim i NiMH baterijama. Uklju\u010duje zaslon, gumb za postavljanje punjenja, temperaturni senzor, 8-pinski RJ45 konektor i za\u0161titu od kratkog spoja, prenapona i obrnutog polariteta.<\/p>\n","protected":false},"excerpt":{"rendered":"<p>Regulator naplate za solarne panele 240\/480wat 2 baterije &#8211; Solarni regulator punjenja za fotovolta\u010dke panele i sustave. Punjenje u 3<\/p>\n","protected":false},"featured_media":5941273,"comment_status":"open","ping_status":"closed","template":"","meta":[],"product_brand":[2831],"product_cat":[1749],"product_tag":[],"class_list":{"0":"post-741351","1":"product","2":"type-product","3":"status-publish","4":"has-post-thumbnail","6":"product_brand-blue-sea-systems-hr","7":"product_cat-solarni-paneli","9":"first","10":"instock","11":"shipping-taxable","12":"purchasable","13":"product-type-simple"},"_links":{"self":[{"href":"https:\/\/stoic-curie.212-227-153-4.plesk.page\/hr\/wp-json\/wp\/v2\/product\/741351","targetHints":{"allow":["GET"]}}],"collection":[{"href":"https:\/\/stoic-curie.212-227-153-4.plesk.page\/hr\/wp-json\/wp\/v2\/product"}],"about":[{"href":"https:\/\/stoic-curie.212-227-153-4.plesk.page\/hr\/wp-json\/wp\/v2\/types\/product"}],"replies":[{"embeddable":true,"href":"https:\/\/stoic-curie.212-227-153-4.plesk.page\/hr\/wp-json\/wp\/v2\/comments?post=741351"}],"version-history":[{"count":0,"href":"https:\/\/stoic-curie.212-227-153-4.plesk.page\/hr\/wp-json\/wp\/v2\/product\/741351\/revisions"}],"wp:featuredmedia":[{"embeddable":true,"href":"https:\/\/stoic-curie.212-227-153-4.plesk.page\/hr\/wp-json\/wp\/v2\/media\/5941273"}],"wp:attachment":[{"href":"https:\/\/stoic-curie.212-227-153-4.plesk.page\/hr\/wp-json\/wp\/v2\/media?parent=741351"}],"wp:term":[{"taxonomy":"product_brand","embeddable":true,"href":"https:\/\/stoic-curie.212-227-153-4.plesk.page\/hr\/wp-json\/wp\/v2\/product_brand?post=741351"},{"taxonomy":"product_cat","embeddable":true,"href":"https:\/\/stoic-curie.212-227-153-4.plesk.page\/hr\/wp-json\/wp\/v2\/product_cat?post=741351"},{"taxonomy":"product_tag","embeddable":true,"href":"https:\/\/stoic-curie.212-227-153-4.plesk.page\/hr\/wp-json\/wp\/v2\/product_tag?post=741351"}],"curies":[{"name":"wp","href":"https:\/\/api.w.org\/{rel}","templated":true}]}}