{"id":741357,"date":"2025-03-03T18:13:45","date_gmt":"2025-03-03T17:13:45","guid":{"rendered":"https:\/\/stoic-curie.212-227-153-4.plesk.page\/producto\/sidreno-vitlo-quick-custom-line-cl3-1000w-12v-bez-bubnja-8mm-lanac\/"},"modified":"2026-02-25T00:00:52","modified_gmt":"2026-02-25T00:00:52","slug":"sidreno-vitlo-quick-custom-line-cl3-1000w-12v-bez-bubnja-8mm-lanac","status":"publish","type":"product","link":"https:\/\/stoic-curie.212-227-153-4.plesk.page\/hr\/product\/sidreno-vitlo-quick-custom-line-cl3-1000w-12v-bez-bubnja-8mm-lanac\/","title":{"rendered":"Sidreno vitlo Quick Custom Line CL3 1000W, 12v, bez bubnja -8mm lanac"},"content":{"rendered":"<p>Sidreno vitlo Quick Custom Line CL3 1000W, 12v, bez bubnja -8mm lanac &#8211; <\/p>\n<p>Predstavljamo Windlass Quick Custom Line CL3 1000W 12V bez bubnja, posebno dizajniran za kori\u0161tenje s 8 mm lancem. Ovaj izvanredni vitlo je brzi sustav sidrenja u\u017eeta i lanca koji spaja u\u010dinkovitost i izdr\u017eljivost, featuring visokokvalitetne bronce i nehr\u0111aju\u010de \u010deli\u010dne komponente koje osiguravaju dugotrajne performanse. Jedna od istaknutih zna\u010dajki ovog vitla je njegov ru\u010dni sustav slobodnog pada lanca, koji omogu\u0107ava beznaporno kori\u0161tenje, olak\u0161avaju\u0107i vam upravljanje va\u0161im potrebama za sidrenjem.<\/p>\n<p>Vitlo je izgra\u0111eno s robusnom nehr\u0111aju\u0107om \u010deli\u010dnom podlogom i ku\u0107i\u0161tem, \u0161to pru\u017ea snagu i trajnost potrebnu za morska okru\u017eenja. Osim toga, opremljen je vodonepropusnim motorom IP67, \u0161to zna\u010di da mo\u017ee izdr\u017eati razne morskim uvjetima, osiguravaju\u0107i pouzdan rad \u010dak i u izazovnim vremenskim uvjetima.<\/p>\n<p>U paketu se nalazi kontrolna kutija i ru\u010dka, \u0161to omogu\u0107ava jednostavnu instalaciju i kori\u0161tenje. Me\u0111utim, va\u017eno je napomenuti da vitla iz ekonomi\u010dne serije Custom Line ne dolaze s senzorom broja\u010da lanca. Ovo vitlo je izvrstan izbor za entuzijaste brodova koji tra\u017ee pouzdano i u\u010dinkovito rje\u0161enje za sidrenje koje mo\u017ee izdr\u017eati test vremena i elemenata.<\/p>\n","protected":false},"excerpt":{"rendered":"<p>Sidreno vitlo Quick Custom Line CL3 1000W, 12v, bez bubnja -8mm lanac &#8211; Predstavljamo Windlass Quick Custom Line CL3 1000W<\/p>\n","protected":false},"featured_media":5941346,"comment_status":"open","ping_status":"closed","template":"","meta":[],"product_brand":[3281],"product_cat":[1611],"product_tag":[],"class_list":{"0":"post-741357","1":"product","2":"type-product","3":"status-publish","4":"has-post-thumbnail","6":"product_brand-quick-hr","7":"product_cat-vitla-quick","9":"first","10":"instock","11":"shipping-taxable","12":"purchasable","13":"product-type-simple"},"_links":{"self":[{"href":"https:\/\/stoic-curie.212-227-153-4.plesk.page\/hr\/wp-json\/wp\/v2\/product\/741357","targetHints":{"allow":["GET"]}}],"collection":[{"href":"https:\/\/stoic-curie.212-227-153-4.plesk.page\/hr\/wp-json\/wp\/v2\/product"}],"about":[{"href":"https:\/\/stoic-curie.212-227-153-4.plesk.page\/hr\/wp-json\/wp\/v2\/types\/product"}],"replies":[{"embeddable":true,"href":"https:\/\/stoic-curie.212-227-153-4.plesk.page\/hr\/wp-json\/wp\/v2\/comments?post=741357"}],"version-history":[{"count":0,"href":"https:\/\/stoic-curie.212-227-153-4.plesk.page\/hr\/wp-json\/wp\/v2\/product\/741357\/revisions"}],"wp:featuredmedia":[{"embeddable":true,"href":"https:\/\/stoic-curie.212-227-153-4.plesk.page\/hr\/wp-json\/wp\/v2\/media\/5941346"}],"wp:attachment":[{"href":"https:\/\/stoic-curie.212-227-153-4.plesk.page\/hr\/wp-json\/wp\/v2\/media?parent=741357"}],"wp:term":[{"taxonomy":"product_brand","embeddable":true,"href":"https:\/\/stoic-curie.212-227-153-4.plesk.page\/hr\/wp-json\/wp\/v2\/product_brand?post=741357"},{"taxonomy":"product_cat","embeddable":true,"href":"https:\/\/stoic-curie.212-227-153-4.plesk.page\/hr\/wp-json\/wp\/v2\/product_cat?post=741357"},{"taxonomy":"product_tag","embeddable":true,"href":"https:\/\/stoic-curie.212-227-153-4.plesk.page\/hr\/wp-json\/wp\/v2\/product_tag?post=741357"}],"curies":[{"name":"wp","href":"https:\/\/api.w.org\/{rel}","templated":true}]}}