{"id":741358,"date":"2025-03-03T18:13:45","date_gmt":"2025-03-03T17:13:45","guid":{"rendered":"https:\/\/stoic-curie.212-227-153-4.plesk.page\/producto\/sidreno-vitlo-quick-prince-dp3-1000w-12v-bez-bubnja-8mm-lanac\/"},"modified":"2026-02-25T00:00:52","modified_gmt":"2026-02-25T00:00:52","slug":"sidreno-vitlo-quick-prince-dp3-1000w-12v-bez-bubnja-8mm-lanac","status":"publish","type":"product","link":"https:\/\/stoic-curie.212-227-153-4.plesk.page\/hr\/product\/sidreno-vitlo-quick-prince-dp3-1000w-12v-bez-bubnja-8mm-lanac\/","title":{"rendered":"Sidreno vitlo Quick Prince DP3 1000W 12V, bez bubnja &#8211; 8mm Lanac"},"content":{"rendered":"<p>Sidreno vitlo Quick Prince DP3 1000W 12V, bez bubnja &#8211; 8mm Lanac &#8211; <\/p>\n<p style=\"color: rgb(34, 34, 34); font-family: Arial, Helvetica, sans-serif; font-size: small;\">Prince DP3 1012 sidrovi\u010d s niskim profilom karakterizira robusna konstrukcija s vu\u010dnim komponentama od bronze i nehr\u0111aju\u0107eg \u010delika. Opremljen je senzorom broja\u010da lanca i ru\u010dnim sustavom slobodnog pada lanca, \u0161to osigurava jednostavno kori\u0161tenje. Uz to, uklju\u010duje i hitni ru\u010dni sustav podizanja te polugu pritiska za pobolj\u0161anu sigurnost. Ure\u0111aj dolazi s kontrolnom kutijom i ru\u010dkom, sve montirano na bazi i ku\u0107i\u0161tu od nehr\u0111aju\u0107eg \u010delika. Motor ima IP67 ocjenu za vodonepropusnu za\u0161titu.<\/p>\n<p style=\"color: rgb(34, 34, 34); font-family: Arial, Helvetica, sans-serif; font-size: small;\">Molinete ima osnovu od nehr\u0111aju\u0107eg \u010delika 316 koja uklju\u010duje ugra\u0111enu cijev za lanac. Gypsy za konop\/lanca opremljen je senzorom broja\u010da lanca i dolazi s relejnom kutijom. Gypsy se mo\u017ee isporu\u010diti s ili bez bubnja, ovisno o va\u0161im potrebama. Motor odr\u017eava IP67 vodonepropusnu ocjenu.<\/p>\n<p style=\"color: rgb(34, 34, 34); font-family: Arial, Helvetica, sans-serif; font-size: small;\">Prince DP3 1012 gypsy je prikladan za \u010damce duljine od 10 do 14 metara (33 do 46 stopa).<\/p>\n<p style=\"color: rgb(34, 34, 34); font-family: Arial, Helvetica, sans-serif; font-size: small;\">Tehni\u010dki podaci:<\/p>\n<ul style=\"color: rgb(34, 34, 34); font-family: Arial, Helvetica, sans-serif; font-size: small;\">\n<li>Bubanj: Ne<\/li>\n<li>Snaga motora: 1000 W<\/li>\n<li>Ulazni napon: 12 V<\/li>\n<li>Maksimalna vu\u010dna sila: 1000 kg<\/li>\n<li>Maksimalna radna optere\u0107enja: 370 kg<\/li>\n<li>Radno optere\u0107enje: 120 kg<\/li>\n<li>Brzina lanca pri radnom optere\u0107enju: 20,4 m\/min<\/li>\n<li>Potro\u0161nja struje pri radnom optere\u0107enju: 140 A<\/li>\n<li>Debljina palube: 25-50 mm<\/li>\n<li>Plo\u010da: 18,1 kg<\/li>\n<li>Gypsy veli\u010dina: 8 mm<\/li>\n<\/ul>\n<p style=\"color: rgb(34, 34, 34); font-family: Arial, Helvetica, sans-serif; font-size: small;\">Ovaj guindeau je dizajniran za pouzdanu izvedbu i trajnost, \u0161to ga \u010dini izvrsnim izborom za vlasnike \u010damaca koji tra\u017ee visokokvalitetnu opremu.<\/p>\n","protected":false},"excerpt":{"rendered":"<p>Sidreno vitlo Quick Prince DP3 1000W 12V, bez bubnja &#8211; 8mm Lanac &#8211; Prince DP3 1012 sidrovi\u010d s niskim profilom<\/p>\n","protected":false},"featured_media":5941164,"comment_status":"open","ping_status":"closed","template":"","meta":[],"product_brand":[3281],"product_cat":[1611],"product_tag":[],"class_list":{"0":"post-741358","1":"product","2":"type-product","3":"status-publish","4":"has-post-thumbnail","6":"product_brand-quick-hr","7":"product_cat-vitla-quick","9":"first","10":"instock","11":"shipping-taxable","12":"purchasable","13":"product-type-simple"},"_links":{"self":[{"href":"https:\/\/stoic-curie.212-227-153-4.plesk.page\/hr\/wp-json\/wp\/v2\/product\/741358","targetHints":{"allow":["GET"]}}],"collection":[{"href":"https:\/\/stoic-curie.212-227-153-4.plesk.page\/hr\/wp-json\/wp\/v2\/product"}],"about":[{"href":"https:\/\/stoic-curie.212-227-153-4.plesk.page\/hr\/wp-json\/wp\/v2\/types\/product"}],"replies":[{"embeddable":true,"href":"https:\/\/stoic-curie.212-227-153-4.plesk.page\/hr\/wp-json\/wp\/v2\/comments?post=741358"}],"version-history":[{"count":0,"href":"https:\/\/stoic-curie.212-227-153-4.plesk.page\/hr\/wp-json\/wp\/v2\/product\/741358\/revisions"}],"wp:featuredmedia":[{"embeddable":true,"href":"https:\/\/stoic-curie.212-227-153-4.plesk.page\/hr\/wp-json\/wp\/v2\/media\/5941164"}],"wp:attachment":[{"href":"https:\/\/stoic-curie.212-227-153-4.plesk.page\/hr\/wp-json\/wp\/v2\/media?parent=741358"}],"wp:term":[{"taxonomy":"product_brand","embeddable":true,"href":"https:\/\/stoic-curie.212-227-153-4.plesk.page\/hr\/wp-json\/wp\/v2\/product_brand?post=741358"},{"taxonomy":"product_cat","embeddable":true,"href":"https:\/\/stoic-curie.212-227-153-4.plesk.page\/hr\/wp-json\/wp\/v2\/product_cat?post=741358"},{"taxonomy":"product_tag","embeddable":true,"href":"https:\/\/stoic-curie.212-227-153-4.plesk.page\/hr\/wp-json\/wp\/v2\/product_tag?post=741358"}],"curies":[{"name":"wp","href":"https:\/\/api.w.org\/{rel}","templated":true}]}}