{"id":741359,"date":"2025-03-03T18:13:46","date_gmt":"2025-03-03T17:13:46","guid":{"rendered":"https:\/\/stoic-curie.212-227-153-4.plesk.page\/producto\/sidreno-vitlo-quick-prince-dp3-1000w-d-12v-sa-bubnjem-8mm-lanac\/"},"modified":"2026-02-25T00:00:52","modified_gmt":"2026-02-25T00:00:52","slug":"sidreno-vitlo-quick-prince-dp3-1000w-d-12v-sa-bubnjem-8mm-lanac","status":"publish","type":"product","link":"https:\/\/stoic-curie.212-227-153-4.plesk.page\/hr\/product\/sidreno-vitlo-quick-prince-dp3-1000w-d-12v-sa-bubnjem-8mm-lanac\/","title":{"rendered":"Sidreno vitlo Quick Prince DP3 1000W-D 12v &#8211; sa bubnjem &#8211; 8mm Lanac"},"content":{"rendered":"<p>Sidreno vitlo Quick Prince DP3 1000W-D 12v &#8211; sa bubnjem &#8211; 8mm Lanac &#8211; <\/p>\n<p style=\"color: rgb(34, 34, 34); font-family: Arial, Helvetica, sans-serif; font-size: small;\">Prince DP3 1012D sidro vjetra posjeduje robusne vu\u010dne komponente izra\u0111ene od bronce i nehr\u0111aju\u0107eg \u010delika. Uklju\u010duje senzor brojila lanca i ru\u010dni sustav slobodnog pada, zajedno s hitnim ru\u010dnim mehanizmom za podizanje i pritiskom za dodatnu prakti\u010dnost. Jedinica dolazi s kontrolnom kutijom i ru\u010dkom, sve montirano na bazi i ku\u0107i\u0161tu od nehr\u0111aju\u0107eg \u010delika. Motor je ocijenjen IP67 za vodonepropusnu za\u0161titu.<\/p>\n<p style=\"color: rgb(34, 34, 34); font-family: Arial, Helvetica, sans-serif; font-size: small;\">Vjetra je opremljena osnovom od nehr\u0111aju\u0107eg \u010delika 316 koja uklju\u010duje integriranu cijev za lanac. Ima konop\/lanac gypsy koja je opremljena senzorom brojila lanca. Sustav se isporu\u010duje s relej kutijom i gypsy, koja se mo\u017ee isporu\u010diti s ili bez bubnja. Motor tako\u0111er zadr\u017eava IP67 ocjenu vodonepropusnosti.<\/p>\n<p style=\"color: rgb(34, 34, 34); font-family: Arial, Helvetica, sans-serif; font-size: small;\">Prince DP3 1012D prikladan je za brodove u rasponu od 10 do 14 metara (33 do 46 stopa) duljine.<\/p>\n<p style=\"color: rgb(34, 34, 34); font-family: Arial, Helvetica, sans-serif; font-size: small;\">Specifikacije uklju\u010duju:<\/p>\n<ul style=\"color: rgb(34, 34, 34); font-family: Arial, Helvetica, sans-serif; font-size: small;\">\n<li>Bubanj: Da<\/li>\n<li>Snaga motora: 1000 W<\/li>\n<li>Ulazni napon: 12 V<\/li>\n<li>Maksimalna vu\u010da: 1000 kg<\/li>\n<li>Maksimalna radna optere\u0107enja: 370 kg<\/li>\n<li>Radno optere\u0107enje: 120 kg<\/li>\n<li>Brzina lanca pri radnom optere\u0107enju: 20,4 m\/min<\/li>\n<li>Strujna potro\u0161nja pri radnom optere\u0107enju: 140 A<\/li>\n<li>Debljina palube: 25-50 mm<\/li>\n<li>Te\u017eina: 19,1 kg<\/li>\n<li>Gypsy veli\u010dina: 8 mm<\/li>\n<\/ul>\n<p style=\"color: rgb(34, 34, 34); font-family: Arial, Helvetica, sans-serif; font-size: small;\">Ova vjetra kombinira kvalitetnu izradu s naprednim zna\u010dajkama, \u0161to je \u010dini izvrsnim izborom za vlasnike brodova koji tra\u017ee pouzdana sidrene rje\u0161enja.<\/p>\n","protected":false},"excerpt":{"rendered":"<p>Sidreno vitlo Quick Prince DP3 1000W-D 12v &#8211; sa bubnjem &#8211; 8mm Lanac &#8211; Prince DP3 1012D sidro vjetra posjeduje<\/p>\n","protected":false},"featured_media":5941348,"comment_status":"open","ping_status":"closed","template":"","meta":[],"product_brand":[3281],"product_cat":[1611],"product_tag":[],"class_list":{"0":"post-741359","1":"product","2":"type-product","3":"status-publish","4":"has-post-thumbnail","6":"product_brand-quick-hr","7":"product_cat-vitla-quick","9":"first","10":"instock","11":"shipping-taxable","12":"purchasable","13":"product-type-simple"},"_links":{"self":[{"href":"https:\/\/stoic-curie.212-227-153-4.plesk.page\/hr\/wp-json\/wp\/v2\/product\/741359","targetHints":{"allow":["GET"]}}],"collection":[{"href":"https:\/\/stoic-curie.212-227-153-4.plesk.page\/hr\/wp-json\/wp\/v2\/product"}],"about":[{"href":"https:\/\/stoic-curie.212-227-153-4.plesk.page\/hr\/wp-json\/wp\/v2\/types\/product"}],"replies":[{"embeddable":true,"href":"https:\/\/stoic-curie.212-227-153-4.plesk.page\/hr\/wp-json\/wp\/v2\/comments?post=741359"}],"version-history":[{"count":0,"href":"https:\/\/stoic-curie.212-227-153-4.plesk.page\/hr\/wp-json\/wp\/v2\/product\/741359\/revisions"}],"wp:featuredmedia":[{"embeddable":true,"href":"https:\/\/stoic-curie.212-227-153-4.plesk.page\/hr\/wp-json\/wp\/v2\/media\/5941348"}],"wp:attachment":[{"href":"https:\/\/stoic-curie.212-227-153-4.plesk.page\/hr\/wp-json\/wp\/v2\/media?parent=741359"}],"wp:term":[{"taxonomy":"product_brand","embeddable":true,"href":"https:\/\/stoic-curie.212-227-153-4.plesk.page\/hr\/wp-json\/wp\/v2\/product_brand?post=741359"},{"taxonomy":"product_cat","embeddable":true,"href":"https:\/\/stoic-curie.212-227-153-4.plesk.page\/hr\/wp-json\/wp\/v2\/product_cat?post=741359"},{"taxonomy":"product_tag","embeddable":true,"href":"https:\/\/stoic-curie.212-227-153-4.plesk.page\/hr\/wp-json\/wp\/v2\/product_tag?post=741359"}],"curies":[{"name":"wp","href":"https:\/\/api.w.org\/{rel}","templated":true}]}}