{"id":741362,"date":"2025-03-03T18:13:46","date_gmt":"2025-03-03T17:13:46","guid":{"rendered":"https:\/\/stoic-curie.212-227-153-4.plesk.page\/producto\/vhf-antena-s-supergain-task-053-mt\/"},"modified":"2026-02-25T00:00:52","modified_gmt":"2026-02-25T00:00:52","slug":"vhf-antena-s-supergain-task-053-mt","status":"publish","type":"product","link":"https:\/\/stoic-curie.212-227-153-4.plesk.page\/hr\/product\/vhf-antena-s-supergain-task-053-mt\/","title":{"rendered":"VHF antena s Supergain Task 0,53 mt"},"content":{"rendered":"<p>VHF antena s Supergain Task 0,53 mt &#8211; <\/p>\n<p>VHF Supergain Task \u010deli\u010dna antena za krute napuhane \u010damce. 50 W \/ 3 dB \/ 156\/162 MHz \/ 50 Ohm. Visina: 0,53 m. Opremljena sa 8 m koaksijalnim kablom i L-montaznom dr\u017ea\u010dem.<\/p>\n","protected":false},"excerpt":{"rendered":"<p>VHF antena s Supergain Task 0,53 mt &#8211; VHF Supergain Task \u010deli\u010dna antena za krute napuhane \u010damce. 50 W \/<\/p>\n","protected":false},"featured_media":5941356,"comment_status":"open","ping_status":"closed","template":"","meta":[],"product_brand":[3446],"product_cat":[1753],"product_tag":[],"class_list":{"0":"post-741362","1":"product","2":"type-product","3":"status-publish","4":"has-post-thumbnail","6":"product_brand-supergain-hr","7":"product_cat-vhf-antene","9":"first","10":"instock","11":"shipping-taxable","12":"purchasable","13":"product-type-simple"},"_links":{"self":[{"href":"https:\/\/stoic-curie.212-227-153-4.plesk.page\/hr\/wp-json\/wp\/v2\/product\/741362","targetHints":{"allow":["GET"]}}],"collection":[{"href":"https:\/\/stoic-curie.212-227-153-4.plesk.page\/hr\/wp-json\/wp\/v2\/product"}],"about":[{"href":"https:\/\/stoic-curie.212-227-153-4.plesk.page\/hr\/wp-json\/wp\/v2\/types\/product"}],"replies":[{"embeddable":true,"href":"https:\/\/stoic-curie.212-227-153-4.plesk.page\/hr\/wp-json\/wp\/v2\/comments?post=741362"}],"version-history":[{"count":0,"href":"https:\/\/stoic-curie.212-227-153-4.plesk.page\/hr\/wp-json\/wp\/v2\/product\/741362\/revisions"}],"wp:featuredmedia":[{"embeddable":true,"href":"https:\/\/stoic-curie.212-227-153-4.plesk.page\/hr\/wp-json\/wp\/v2\/media\/5941356"}],"wp:attachment":[{"href":"https:\/\/stoic-curie.212-227-153-4.plesk.page\/hr\/wp-json\/wp\/v2\/media?parent=741362"}],"wp:term":[{"taxonomy":"product_brand","embeddable":true,"href":"https:\/\/stoic-curie.212-227-153-4.plesk.page\/hr\/wp-json\/wp\/v2\/product_brand?post=741362"},{"taxonomy":"product_cat","embeddable":true,"href":"https:\/\/stoic-curie.212-227-153-4.plesk.page\/hr\/wp-json\/wp\/v2\/product_cat?post=741362"},{"taxonomy":"product_tag","embeddable":true,"href":"https:\/\/stoic-curie.212-227-153-4.plesk.page\/hr\/wp-json\/wp\/v2\/product_tag?post=741362"}],"curies":[{"name":"wp","href":"https:\/\/api.w.org\/{rel}","templated":true}]}}