{"id":741365,"date":"2025-03-03T18:13:47","date_gmt":"2025-03-03T17:13:47","guid":{"rendered":"https:\/\/stoic-curie.212-227-153-4.plesk.page\/producto\/zracna-pumpa-bravo-bp12-s-automatskim-zaustavljanjem\/"},"modified":"2026-02-25T00:00:52","modified_gmt":"2026-02-25T00:00:52","slug":"zracna-pumpa-bravo-bp12-s-automatskim-zaustavljanjem","status":"publish","type":"product","link":"https:\/\/stoic-curie.212-227-153-4.plesk.page\/hr\/product\/zracna-pumpa-bravo-bp12-s-automatskim-zaustavljanjem\/","title":{"rendered":"Zracna pumpa Bravo BP12 s automatskim zaustavljanjem"},"content":{"rendered":"<p>Zracna pumpa Bravo BP12 s automatskim zaustavljanjem &#8211; <\/p>\n<p>GE BP zra\u010dna pumpa s automatskim isklju\u010divanjem kada se postigne odabrani tlak. Dolazi s usisnim filtrom, torbom za rame, cijevi du\u017eine 1,7 metara i kabelom od 3 metra. Napajanje putem 12V uti\u010dnice za upalja\u010d ili stezaljki za akumulator. Maksimalna potro\u0161nja 13A. Dimenzije: 21 x 11 x H13 cm.<\/p>\n","protected":false},"excerpt":{"rendered":"<p>Zracna pumpa Bravo BP12 s automatskim zaustavljanjem &#8211; GE BP zra\u010dna pumpa s automatskim isklju\u010divanjem kada se postigne odabrani tlak.<\/p>\n","protected":false},"featured_media":5941362,"comment_status":"open","ping_status":"closed","template":"","meta":[],"product_brand":[2851],"product_cat":[1835],"product_tag":[],"class_list":{"0":"post-741365","1":"product","2":"type-product","3":"status-publish","4":"has-post-thumbnail","6":"product_brand-bravo-scoprega-hr","7":"product_cat-pumpe-za-pneumatske-camce","9":"first","10":"instock","11":"shipping-taxable","12":"purchasable","13":"product-type-simple"},"_links":{"self":[{"href":"https:\/\/stoic-curie.212-227-153-4.plesk.page\/hr\/wp-json\/wp\/v2\/product\/741365","targetHints":{"allow":["GET"]}}],"collection":[{"href":"https:\/\/stoic-curie.212-227-153-4.plesk.page\/hr\/wp-json\/wp\/v2\/product"}],"about":[{"href":"https:\/\/stoic-curie.212-227-153-4.plesk.page\/hr\/wp-json\/wp\/v2\/types\/product"}],"replies":[{"embeddable":true,"href":"https:\/\/stoic-curie.212-227-153-4.plesk.page\/hr\/wp-json\/wp\/v2\/comments?post=741365"}],"version-history":[{"count":0,"href":"https:\/\/stoic-curie.212-227-153-4.plesk.page\/hr\/wp-json\/wp\/v2\/product\/741365\/revisions"}],"wp:featuredmedia":[{"embeddable":true,"href":"https:\/\/stoic-curie.212-227-153-4.plesk.page\/hr\/wp-json\/wp\/v2\/media\/5941362"}],"wp:attachment":[{"href":"https:\/\/stoic-curie.212-227-153-4.plesk.page\/hr\/wp-json\/wp\/v2\/media?parent=741365"}],"wp:term":[{"taxonomy":"product_brand","embeddable":true,"href":"https:\/\/stoic-curie.212-227-153-4.plesk.page\/hr\/wp-json\/wp\/v2\/product_brand?post=741365"},{"taxonomy":"product_cat","embeddable":true,"href":"https:\/\/stoic-curie.212-227-153-4.plesk.page\/hr\/wp-json\/wp\/v2\/product_cat?post=741365"},{"taxonomy":"product_tag","embeddable":true,"href":"https:\/\/stoic-curie.212-227-153-4.plesk.page\/hr\/wp-json\/wp\/v2\/product_tag?post=741365"}],"curies":[{"name":"wp","href":"https:\/\/api.w.org\/{rel}","templated":true}]}}