{"id":741372,"date":"2025-03-03T18:13:49","date_gmt":"2025-03-03T17:13:49","guid":{"rendered":"https:\/\/stoic-curie.212-227-153-4.plesk.page\/producto\/bocman-noz-zuti-138-cm\/"},"modified":"2026-02-25T00:00:52","modified_gmt":"2026-02-25T00:00:52","slug":"bocman-noz-zuti-138-cm","status":"publish","type":"product","link":"https:\/\/stoic-curie.212-227-153-4.plesk.page\/hr\/product\/bocman-noz-zuti-138-cm\/","title":{"rendered":"Bocman no\u017e \u017euti 13,8 cm"},"content":{"rendered":"<p>Bocman no\u017e \u017euti 13,8 cm &#8211; <\/p>\n<p>\u010celik nehr\u0111aju\u0107i W1.4028 \u010dvorionik. Uklju\u010duje \u0161uplji fid, otvara\u010d za kuku i oja\u010danu platnenu navlaku. Ergonomi\u010dna dr\u0161ka od PP-a i TPE-a.<\/p>\n","protected":false},"excerpt":{"rendered":"<p>Bocman no\u017e \u017euti 13,8 cm &#8211; \u010celik nehr\u0111aju\u0107i W1.4028 \u010dvorionik. Uklju\u010duje \u0161uplji fid, otvara\u010d za kuku i oja\u010danu platnenu navlaku.<\/p>\n","protected":false},"featured_media":5941389,"comment_status":"open","ping_status":"closed","template":"","meta":[],"product_brand":[3081],"product_cat":[1856],"product_tag":[],"class_list":{"0":"post-741372","1":"product","2":"type-product","3":"status-publish","4":"has-post-thumbnail","6":"product_brand-macs-hr","7":"product_cat-jedrilicarski-nozevi-i-alati","9":"first","10":"instock","11":"shipping-taxable","12":"purchasable","13":"product-type-simple"},"_links":{"self":[{"href":"https:\/\/stoic-curie.212-227-153-4.plesk.page\/hr\/wp-json\/wp\/v2\/product\/741372","targetHints":{"allow":["GET"]}}],"collection":[{"href":"https:\/\/stoic-curie.212-227-153-4.plesk.page\/hr\/wp-json\/wp\/v2\/product"}],"about":[{"href":"https:\/\/stoic-curie.212-227-153-4.plesk.page\/hr\/wp-json\/wp\/v2\/types\/product"}],"replies":[{"embeddable":true,"href":"https:\/\/stoic-curie.212-227-153-4.plesk.page\/hr\/wp-json\/wp\/v2\/comments?post=741372"}],"version-history":[{"count":0,"href":"https:\/\/stoic-curie.212-227-153-4.plesk.page\/hr\/wp-json\/wp\/v2\/product\/741372\/revisions"}],"wp:featuredmedia":[{"embeddable":true,"href":"https:\/\/stoic-curie.212-227-153-4.plesk.page\/hr\/wp-json\/wp\/v2\/media\/5941389"}],"wp:attachment":[{"href":"https:\/\/stoic-curie.212-227-153-4.plesk.page\/hr\/wp-json\/wp\/v2\/media?parent=741372"}],"wp:term":[{"taxonomy":"product_brand","embeddable":true,"href":"https:\/\/stoic-curie.212-227-153-4.plesk.page\/hr\/wp-json\/wp\/v2\/product_brand?post=741372"},{"taxonomy":"product_cat","embeddable":true,"href":"https:\/\/stoic-curie.212-227-153-4.plesk.page\/hr\/wp-json\/wp\/v2\/product_cat?post=741372"},{"taxonomy":"product_tag","embeddable":true,"href":"https:\/\/stoic-curie.212-227-153-4.plesk.page\/hr\/wp-json\/wp\/v2\/product_tag?post=741372"}],"curies":[{"name":"wp","href":"https:\/\/api.w.org\/{rel}","templated":true}]}}