{"id":741374,"date":"2025-03-03T18:13:49","date_gmt":"2025-03-03T17:13:49","guid":{"rendered":"https:\/\/stoic-curie.212-227-153-4.plesk.page\/producto\/ispusno-koljeno-mercruiser-864591t02\/"},"modified":"2026-02-25T00:00:52","modified_gmt":"2026-02-25T00:00:52","slug":"ispusno-koljeno-mercruiser-864591t02","status":"publish","type":"product","link":"https:\/\/stoic-curie.212-227-153-4.plesk.page\/hr\/product\/ispusno-koljeno-mercruiser-864591t02\/","title":{"rendered":"Ispu\u0161no koljeno Mercruiser 864591t02"},"content":{"rendered":"<p>Ispu\u0161no koljeno Mercruiser 864591t02 &#8211; <\/p>\n<p>Izvorni Mercruiser 864591T02 ispu\u0161ni podiza\u010d. Prilago\u0111en za motore 4.3MPI &#8211; 5.0MPI &#8211; 350MAG MPI &#8211; ALPHA &#8211; BRAVO &#8211; 6.2L MPI (serijski broj 0W310000 do 1A299999) &#8211; 377MAG MPI. Za dovr\u0161iti s brtvom i 4 vijka.<\/p>\n","protected":false},"excerpt":{"rendered":"<p>Ispu\u0161no koljeno Mercruiser 864591t02 &#8211; Izvorni Mercruiser 864591T02 ispu\u0161ni podiza\u010d. Prilago\u0111en za motore 4.3MPI &#8211; 5.0MPI &#8211; 350MAG MPI &#8211;<\/p>\n","protected":false},"featured_media":5941395,"comment_status":"open","ping_status":"closed","template":"","meta":[],"product_brand":[3286],"product_cat":[1830],"product_tag":[],"class_list":{"0":"post-741374","1":"product","2":"type-product","3":"status-publish","4":"has-post-thumbnail","6":"product_brand-quicksilver-hr","7":"product_cat-rezervni-dijelovi-za-vanbrodske-motore-mercruiser","9":"first","10":"instock","11":"shipping-taxable","12":"purchasable","13":"product-type-simple"},"_links":{"self":[{"href":"https:\/\/stoic-curie.212-227-153-4.plesk.page\/hr\/wp-json\/wp\/v2\/product\/741374","targetHints":{"allow":["GET"]}}],"collection":[{"href":"https:\/\/stoic-curie.212-227-153-4.plesk.page\/hr\/wp-json\/wp\/v2\/product"}],"about":[{"href":"https:\/\/stoic-curie.212-227-153-4.plesk.page\/hr\/wp-json\/wp\/v2\/types\/product"}],"replies":[{"embeddable":true,"href":"https:\/\/stoic-curie.212-227-153-4.plesk.page\/hr\/wp-json\/wp\/v2\/comments?post=741374"}],"version-history":[{"count":0,"href":"https:\/\/stoic-curie.212-227-153-4.plesk.page\/hr\/wp-json\/wp\/v2\/product\/741374\/revisions"}],"wp:featuredmedia":[{"embeddable":true,"href":"https:\/\/stoic-curie.212-227-153-4.plesk.page\/hr\/wp-json\/wp\/v2\/media\/5941395"}],"wp:attachment":[{"href":"https:\/\/stoic-curie.212-227-153-4.plesk.page\/hr\/wp-json\/wp\/v2\/media?parent=741374"}],"wp:term":[{"taxonomy":"product_brand","embeddable":true,"href":"https:\/\/stoic-curie.212-227-153-4.plesk.page\/hr\/wp-json\/wp\/v2\/product_brand?post=741374"},{"taxonomy":"product_cat","embeddable":true,"href":"https:\/\/stoic-curie.212-227-153-4.plesk.page\/hr\/wp-json\/wp\/v2\/product_cat?post=741374"},{"taxonomy":"product_tag","embeddable":true,"href":"https:\/\/stoic-curie.212-227-153-4.plesk.page\/hr\/wp-json\/wp\/v2\/product_tag?post=741374"}],"curies":[{"name":"wp","href":"https:\/\/api.w.org\/{rel}","templated":true}]}}