{"id":741377,"date":"2025-03-03T18:13:50","date_gmt":"2025-03-03T17:13:50","guid":{"rendered":"https:\/\/stoic-curie.212-227-153-4.plesk.page\/producto\/ispusni-kolektor-mercruiser-864612t01\/"},"modified":"2026-02-25T00:00:52","modified_gmt":"2026-02-25T00:00:52","slug":"ispusni-kolektor-mercruiser-864612t01","status":"publish","type":"product","link":"https:\/\/stoic-curie.212-227-153-4.plesk.page\/hr\/product\/ispusni-kolektor-mercruiser-864612t01\/","title":{"rendered":"Ispu\u0161ni kolektor Mercruiser 864612T01"},"content":{"rendered":"<p>Ispu\u0161ni kolektor Mercruiser 864612T01 &#8211; <\/p>\n<p style=\"color: rgb(34, 34, 34); font-family: Arial, Helvetica, sans-serif; font-size: small;\">Nadogradite svoj MerCruiser morski plinski motor s originalnim ispu\u0161nim kolektorom MerCruiser 864612T01. Ovaj komplet uklju\u010duje gumicu i dizajniran je za zamjenu suhog spoja V6 ispu\u0161nog kolektora na ve\u0107ini 4.3L motora od 2003. godine pa nadalje, kao i na 4.3MPI motorima.<\/p>\n<p style=\"color: rgb(34, 34, 34); font-family: Arial, Helvetica, sans-serif; font-size: small;\">Napominjemo da za instalaciju treba \u0161est vijaka koji nisu uklju\u010deni.<\/p>\n","protected":false},"excerpt":{"rendered":"<p>Ispu\u0161ni kolektor Mercruiser 864612T01 &#8211; Nadogradite svoj MerCruiser morski plinski motor s originalnim ispu\u0161nim kolektorom MerCruiser 864612T01. Ovaj komplet uklju\u010duje<\/p>\n","protected":false},"featured_media":5941400,"comment_status":"open","ping_status":"closed","template":"","meta":[],"product_brand":[3286],"product_cat":[1830],"product_tag":[],"class_list":{"0":"post-741377","1":"product","2":"type-product","3":"status-publish","4":"has-post-thumbnail","6":"product_brand-quicksilver-hr","7":"product_cat-rezervni-dijelovi-za-vanbrodske-motore-mercruiser","9":"first","10":"instock","11":"shipping-taxable","12":"purchasable","13":"product-type-simple"},"_links":{"self":[{"href":"https:\/\/stoic-curie.212-227-153-4.plesk.page\/hr\/wp-json\/wp\/v2\/product\/741377","targetHints":{"allow":["GET"]}}],"collection":[{"href":"https:\/\/stoic-curie.212-227-153-4.plesk.page\/hr\/wp-json\/wp\/v2\/product"}],"about":[{"href":"https:\/\/stoic-curie.212-227-153-4.plesk.page\/hr\/wp-json\/wp\/v2\/types\/product"}],"replies":[{"embeddable":true,"href":"https:\/\/stoic-curie.212-227-153-4.plesk.page\/hr\/wp-json\/wp\/v2\/comments?post=741377"}],"version-history":[{"count":0,"href":"https:\/\/stoic-curie.212-227-153-4.plesk.page\/hr\/wp-json\/wp\/v2\/product\/741377\/revisions"}],"wp:featuredmedia":[{"embeddable":true,"href":"https:\/\/stoic-curie.212-227-153-4.plesk.page\/hr\/wp-json\/wp\/v2\/media\/5941400"}],"wp:attachment":[{"href":"https:\/\/stoic-curie.212-227-153-4.plesk.page\/hr\/wp-json\/wp\/v2\/media?parent=741377"}],"wp:term":[{"taxonomy":"product_brand","embeddable":true,"href":"https:\/\/stoic-curie.212-227-153-4.plesk.page\/hr\/wp-json\/wp\/v2\/product_brand?post=741377"},{"taxonomy":"product_cat","embeddable":true,"href":"https:\/\/stoic-curie.212-227-153-4.plesk.page\/hr\/wp-json\/wp\/v2\/product_cat?post=741377"},{"taxonomy":"product_tag","embeddable":true,"href":"https:\/\/stoic-curie.212-227-153-4.plesk.page\/hr\/wp-json\/wp\/v2\/product_tag?post=741377"}],"curies":[{"name":"wp","href":"https:\/\/api.w.org\/{rel}","templated":true}]}}