{"id":741384,"date":"2025-03-03T18:13:52","date_gmt":"2025-03-03T17:13:52","guid":{"rendered":"https:\/\/stoic-curie.212-227-153-4.plesk.page\/producto\/griffin-gtb341s4-900-fh\/"},"modified":"2026-02-25T00:00:52","modified_gmt":"2026-02-25T00:00:52","slug":"griffin-gtb341s4-900-fh","status":"publish","type":"product","link":"https:\/\/stoic-curie.212-227-153-4.plesk.page\/hr\/product\/griffin-gtb341s4-900-fh\/","title":{"rendered":"Griffin GTB341S4 900 FH"},"content":{"rendered":"<p>Griffin GTB341S4 900 FH &#8211; <\/p>\n<p>Filteri za dizel Griffin vrhunske kvalitete s MICROBLOC vi\u0161estupanjskim filtracijskim elementima (99,8% u\u010dinkovitosti u odvajanju vode od dizela). Svi filtri su opremljeni 30 mikronskim ulo\u0161kom. GTB228S4 s ulazom UNF3\/4&#8243; GTB341S4 s ulazom UNF7\/8&#8243; GTB681S4 s ulazom UNF7\/8&#8243; Mogu zamijeniti filtere tipa Racor FG\/FH.<\/p>\n","protected":false},"excerpt":{"rendered":"<p>Griffin GTB341S4 900 FH &#8211; Filteri za dizel Griffin vrhunske kvalitete s MICROBLOC vi\u0161estupanjskim filtracijskim elementima (99,8% u\u010dinkovitosti u odvajanju<\/p>\n","protected":false},"featured_media":5941416,"comment_status":"open","ping_status":"closed","template":"","meta":[],"product_brand":[2986],"product_cat":[1797,1829],"product_tag":[],"class_list":{"0":"post-741384","1":"product","2":"type-product","3":"status-publish","4":"has-post-thumbnail","6":"product_brand-griffin-hr","7":"product_cat-filtri-separatora-vode-za-gorivo","8":"product_cat-rezervni-dijelovi-za-motore-volvo-penta","10":"first","11":"instock","12":"shipping-taxable","13":"purchasable","14":"product-type-simple"},"_links":{"self":[{"href":"https:\/\/stoic-curie.212-227-153-4.plesk.page\/hr\/wp-json\/wp\/v2\/product\/741384","targetHints":{"allow":["GET"]}}],"collection":[{"href":"https:\/\/stoic-curie.212-227-153-4.plesk.page\/hr\/wp-json\/wp\/v2\/product"}],"about":[{"href":"https:\/\/stoic-curie.212-227-153-4.plesk.page\/hr\/wp-json\/wp\/v2\/types\/product"}],"replies":[{"embeddable":true,"href":"https:\/\/stoic-curie.212-227-153-4.plesk.page\/hr\/wp-json\/wp\/v2\/comments?post=741384"}],"version-history":[{"count":0,"href":"https:\/\/stoic-curie.212-227-153-4.plesk.page\/hr\/wp-json\/wp\/v2\/product\/741384\/revisions"}],"wp:featuredmedia":[{"embeddable":true,"href":"https:\/\/stoic-curie.212-227-153-4.plesk.page\/hr\/wp-json\/wp\/v2\/media\/5941416"}],"wp:attachment":[{"href":"https:\/\/stoic-curie.212-227-153-4.plesk.page\/hr\/wp-json\/wp\/v2\/media?parent=741384"}],"wp:term":[{"taxonomy":"product_brand","embeddable":true,"href":"https:\/\/stoic-curie.212-227-153-4.plesk.page\/hr\/wp-json\/wp\/v2\/product_brand?post=741384"},{"taxonomy":"product_cat","embeddable":true,"href":"https:\/\/stoic-curie.212-227-153-4.plesk.page\/hr\/wp-json\/wp\/v2\/product_cat?post=741384"},{"taxonomy":"product_tag","embeddable":true,"href":"https:\/\/stoic-curie.212-227-153-4.plesk.page\/hr\/wp-json\/wp\/v2\/product_tag?post=741384"}],"curies":[{"name":"wp","href":"https:\/\/api.w.org\/{rel}","templated":true}]}}