{"id":741385,"date":"2025-03-03T18:13:52","date_gmt":"2025-03-03T17:13:52","guid":{"rendered":"https:\/\/stoic-curie.212-227-153-4.plesk.page\/producto\/dizelski-filtar-griffin-gtb681s4-1000-fh\/"},"modified":"2026-02-25T00:00:52","modified_gmt":"2026-02-25T00:00:52","slug":"dizelski-filtar-griffin-gtb681s4-1000-fh","status":"publish","type":"product","link":"https:\/\/stoic-curie.212-227-153-4.plesk.page\/hr\/product\/dizelski-filtar-griffin-gtb681s4-1000-fh\/","title":{"rendered":"Dizelski filtar Griffin GTB681S4 1000 FH"},"content":{"rendered":"<p>Dizelski filtar Griffin GTB681S4 1000 FH &#8211; <\/p>\n<p>Superiorna kvaliteta Griffin dizelskih filtera s MICROBLOC vi\u0161eslojnom filtracijom (99,8% u\u010dinkovitosti u odvojenju vode od dizela). Svi filteri su osnovno opremljeni sa 30 mikronskim ulo\u0161kom. GTB228S4 s ulazom UNF3\/4&#8243; GTB341S4 s ulazom UNF7\/8&#8243; GTB681S4 s ulazom UNF7\/8&#8243; Mo\u017ee zamijeniti Racor FG\/FH tip filtere.<\/p>\n","protected":false},"excerpt":{"rendered":"<p>Dizelski filtar Griffin GTB681S4 1000 FH &#8211; Superiorna kvaliteta Griffin dizelskih filtera s MICROBLOC vi\u0161eslojnom filtracijom (99,8% u\u010dinkovitosti u odvojenju<\/p>\n","protected":false},"featured_media":5941418,"comment_status":"open","ping_status":"closed","template":"","meta":[],"product_brand":[2986],"product_cat":[1797,1829],"product_tag":[],"class_list":{"0":"post-741385","1":"product","2":"type-product","3":"status-publish","4":"has-post-thumbnail","6":"product_brand-griffin-hr","7":"product_cat-filtri-separatora-vode-za-gorivo","8":"product_cat-rezervni-dijelovi-za-motore-volvo-penta","10":"first","11":"instock","12":"shipping-taxable","13":"purchasable","14":"product-type-simple"},"_links":{"self":[{"href":"https:\/\/stoic-curie.212-227-153-4.plesk.page\/hr\/wp-json\/wp\/v2\/product\/741385","targetHints":{"allow":["GET"]}}],"collection":[{"href":"https:\/\/stoic-curie.212-227-153-4.plesk.page\/hr\/wp-json\/wp\/v2\/product"}],"about":[{"href":"https:\/\/stoic-curie.212-227-153-4.plesk.page\/hr\/wp-json\/wp\/v2\/types\/product"}],"replies":[{"embeddable":true,"href":"https:\/\/stoic-curie.212-227-153-4.plesk.page\/hr\/wp-json\/wp\/v2\/comments?post=741385"}],"version-history":[{"count":0,"href":"https:\/\/stoic-curie.212-227-153-4.plesk.page\/hr\/wp-json\/wp\/v2\/product\/741385\/revisions"}],"wp:featuredmedia":[{"embeddable":true,"href":"https:\/\/stoic-curie.212-227-153-4.plesk.page\/hr\/wp-json\/wp\/v2\/media\/5941418"}],"wp:attachment":[{"href":"https:\/\/stoic-curie.212-227-153-4.plesk.page\/hr\/wp-json\/wp\/v2\/media?parent=741385"}],"wp:term":[{"taxonomy":"product_brand","embeddable":true,"href":"https:\/\/stoic-curie.212-227-153-4.plesk.page\/hr\/wp-json\/wp\/v2\/product_brand?post=741385"},{"taxonomy":"product_cat","embeddable":true,"href":"https:\/\/stoic-curie.212-227-153-4.plesk.page\/hr\/wp-json\/wp\/v2\/product_cat?post=741385"},{"taxonomy":"product_tag","embeddable":true,"href":"https:\/\/stoic-curie.212-227-153-4.plesk.page\/hr\/wp-json\/wp\/v2\/product_tag?post=741385"}],"curies":[{"name":"wp","href":"https:\/\/api.w.org\/{rel}","templated":true}]}}