{"id":741394,"date":"2025-03-03T18:13:54","date_gmt":"2025-03-03T17:13:54","guid":{"rendered":"https:\/\/stoic-curie.212-227-153-4.plesk.page\/producto\/brtva-za-ispusni-kolektor-mercruiser-27-864547a02\/"},"modified":"2026-02-25T00:00:52","modified_gmt":"2026-02-25T00:00:52","slug":"brtva-za-ispusni-kolektor-mercruiser-27-864547a02","status":"publish","type":"product","link":"https:\/\/stoic-curie.212-227-153-4.plesk.page\/hr\/product\/brtva-za-ispusni-kolektor-mercruiser-27-864547a02\/","title":{"rendered":"Brtva za ispu\u0161ni kolektor Mercruiser 27-864547A02"},"content":{"rendered":"<p>Brtva za ispu\u0161ni kolektor Mercruiser 27-864547A02  &#8211; <\/p>\n<p>Izdu\u017eena cijev za ispu\u0161ne plinove Mercruiser 864309T02. Prikladna za 6,2L MPI (serijski broj 0M600000 do OW309999) motore. Dolazi s brtvom i 4 vijka.<\/p>\n","protected":false},"excerpt":{"rendered":"<p>Brtva za ispu\u0161ni kolektor Mercruiser 27-864547A02 &#8211; Izdu\u017eena cijev za ispu\u0161ne plinove Mercruiser 864309T02. Prikladna za 6,2L MPI (serijski broj<\/p>\n","protected":false},"featured_media":5941404,"comment_status":"open","ping_status":"closed","template":"","meta":[],"product_brand":[3286],"product_cat":[1830],"product_tag":[],"class_list":{"0":"post-741394","1":"product","2":"type-product","3":"status-publish","4":"has-post-thumbnail","6":"product_brand-quicksilver-hr","7":"product_cat-rezervni-dijelovi-za-vanbrodske-motore-mercruiser","9":"first","10":"instock","11":"shipping-taxable","12":"purchasable","13":"product-type-simple"},"_links":{"self":[{"href":"https:\/\/stoic-curie.212-227-153-4.plesk.page\/hr\/wp-json\/wp\/v2\/product\/741394","targetHints":{"allow":["GET"]}}],"collection":[{"href":"https:\/\/stoic-curie.212-227-153-4.plesk.page\/hr\/wp-json\/wp\/v2\/product"}],"about":[{"href":"https:\/\/stoic-curie.212-227-153-4.plesk.page\/hr\/wp-json\/wp\/v2\/types\/product"}],"replies":[{"embeddable":true,"href":"https:\/\/stoic-curie.212-227-153-4.plesk.page\/hr\/wp-json\/wp\/v2\/comments?post=741394"}],"version-history":[{"count":0,"href":"https:\/\/stoic-curie.212-227-153-4.plesk.page\/hr\/wp-json\/wp\/v2\/product\/741394\/revisions"}],"wp:featuredmedia":[{"embeddable":true,"href":"https:\/\/stoic-curie.212-227-153-4.plesk.page\/hr\/wp-json\/wp\/v2\/media\/5941404"}],"wp:attachment":[{"href":"https:\/\/stoic-curie.212-227-153-4.plesk.page\/hr\/wp-json\/wp\/v2\/media?parent=741394"}],"wp:term":[{"taxonomy":"product_brand","embeddable":true,"href":"https:\/\/stoic-curie.212-227-153-4.plesk.page\/hr\/wp-json\/wp\/v2\/product_brand?post=741394"},{"taxonomy":"product_cat","embeddable":true,"href":"https:\/\/stoic-curie.212-227-153-4.plesk.page\/hr\/wp-json\/wp\/v2\/product_cat?post=741394"},{"taxonomy":"product_tag","embeddable":true,"href":"https:\/\/stoic-curie.212-227-153-4.plesk.page\/hr\/wp-json\/wp\/v2\/product_tag?post=741394"}],"curies":[{"name":"wp","href":"https:\/\/api.w.org\/{rel}","templated":true}]}}