{"id":741414,"date":"2025-03-03T18:13:59","date_gmt":"2025-03-03T17:13:59","guid":{"rendered":"https:\/\/stoic-curie.212-227-153-4.plesk.page\/producto\/kit-upravljacke-ploce-sa-solenoid-tecma-eco-24v-t-pf-p129\/"},"modified":"2026-02-25T00:00:53","modified_gmt":"2026-02-25T00:00:53","slug":"kit-upravljacke-ploce-sa-solenoid-tecma-eco-24v-t-pf-p129","status":"publish","type":"product","link":"https:\/\/stoic-curie.212-227-153-4.plesk.page\/hr\/product\/kit-upravljacke-ploce-sa-solenoid-tecma-eco-24v-t-pf-p129\/","title":{"rendered":"Kit upravlja\u010dke plo\u010de sa Solenoid Tecma Eco 24V T-PF. P129"},"content":{"rendered":"<p>Kit upravlja\u010dke plo\u010de sa Solenoid Tecma Eco 24V T-PF. P129 &#8211; <\/p>\n<p>Pribor i rezervni dijelovi za WC-e iz Tecma Compact serije (Nano i Compass).<\/p>\n","protected":false},"excerpt":{"rendered":"<p>Kit upravlja\u010dke plo\u010de sa Solenoid Tecma Eco 24V T-PF. P129 &#8211; Pribor i rezervni dijelovi za WC-e iz Tecma Compact<\/p>\n","protected":false},"featured_media":5941586,"comment_status":"open","ping_status":"closed","template":"","meta":[],"product_brand":[3471],"product_cat":[1675],"product_tag":[],"class_list":{"0":"post-741414","1":"product","2":"type-product","3":"status-publish","4":"has-post-thumbnail","6":"product_brand-tecma-hr","7":"product_cat-brodski-wc","9":"first","10":"instock","11":"shipping-taxable","12":"purchasable","13":"product-type-simple"},"_links":{"self":[{"href":"https:\/\/stoic-curie.212-227-153-4.plesk.page\/hr\/wp-json\/wp\/v2\/product\/741414","targetHints":{"allow":["GET"]}}],"collection":[{"href":"https:\/\/stoic-curie.212-227-153-4.plesk.page\/hr\/wp-json\/wp\/v2\/product"}],"about":[{"href":"https:\/\/stoic-curie.212-227-153-4.plesk.page\/hr\/wp-json\/wp\/v2\/types\/product"}],"replies":[{"embeddable":true,"href":"https:\/\/stoic-curie.212-227-153-4.plesk.page\/hr\/wp-json\/wp\/v2\/comments?post=741414"}],"version-history":[{"count":0,"href":"https:\/\/stoic-curie.212-227-153-4.plesk.page\/hr\/wp-json\/wp\/v2\/product\/741414\/revisions"}],"wp:featuredmedia":[{"embeddable":true,"href":"https:\/\/stoic-curie.212-227-153-4.plesk.page\/hr\/wp-json\/wp\/v2\/media\/5941586"}],"wp:attachment":[{"href":"https:\/\/stoic-curie.212-227-153-4.plesk.page\/hr\/wp-json\/wp\/v2\/media?parent=741414"}],"wp:term":[{"taxonomy":"product_brand","embeddable":true,"href":"https:\/\/stoic-curie.212-227-153-4.plesk.page\/hr\/wp-json\/wp\/v2\/product_brand?post=741414"},{"taxonomy":"product_cat","embeddable":true,"href":"https:\/\/stoic-curie.212-227-153-4.plesk.page\/hr\/wp-json\/wp\/v2\/product_cat?post=741414"},{"taxonomy":"product_tag","embeddable":true,"href":"https:\/\/stoic-curie.212-227-153-4.plesk.page\/hr\/wp-json\/wp\/v2\/product_tag?post=741414"}],"curies":[{"name":"wp","href":"https:\/\/api.w.org\/{rel}","templated":true}]}}