{"id":741415,"date":"2025-03-03T18:13:59","date_gmt":"2025-03-03T17:13:59","guid":{"rendered":"https:\/\/stoic-curie.212-227-153-4.plesk.page\/producto\/rezervni-motor-24v-sanisplit-nk\/"},"modified":"2026-02-25T00:00:53","modified_gmt":"2026-02-25T00:00:53","slug":"rezervni-motor-24v-sanisplit-nk","status":"publish","type":"product","link":"https:\/\/stoic-curie.212-227-153-4.plesk.page\/hr\/product\/rezervni-motor-24v-sanisplit-nk\/","title":{"rendered":"Rezervni motor 24v Sanisplit NK"},"content":{"rendered":"<p>Rezervni motor 24v Sanisplit NK &#8211; <\/p>\n<p style=\"\">Predstavljamo T-PF.SPLITFAS24V, izvanredan zamjenski motor pa\u017eljivo izra\u0111en za Tecma Sanisplit NK 24V. Ovaj inovativni motor je osmi\u0161ljen za besprijekornu integraciju sa Sanisplit NK, koji je poznat po svojoj izdr\u017eljivosti i gotovo ne\u010dujnom radu. Sanisplit NK je vrlo u\u010dinkovit sustav pumpanja, posebno dizajniran za transport sive vode iz raznih izvora, uklju\u010duju\u0107i bide, tu\u0161eve i sudopere, osiguravaju\u0107i optimalan rad va\u0161eg vodovodnog sustava. Ima pouzdanu jednosmjernu ventil koja sprje\u010dava povratni protok, uz prekida\u010d pritiska koji se aktivira odmah kada voda po\u010dne te\u0107i u jedinicu. Ovo osigurava da sustav radi glatko i u\u010dinkovito. Osim toga, va\u017eno je napomenuti da postoji minimalni zahtjev visine od 200 mm od odvoda kako bi se osigurala pravilna instalacija i funkcionalnost. Ovaj zamjenski motor je izvrstan izbor za odr\u017eavanje u\u010dinkovitosti va\u0161eg Sanisplit NK sustava&nbsp;<\/p>\n","protected":false},"excerpt":{"rendered":"<p>Rezervni motor 24v Sanisplit NK &#8211; Predstavljamo T-PF.SPLITFAS24V, izvanredan zamjenski motor pa\u017eljivo izra\u0111en za Tecma Sanisplit NK 24V. Ovaj inovativni<\/p>\n","protected":false},"featured_media":5941594,"comment_status":"open","ping_status":"closed","template":"","meta":[],"product_brand":[3471],"product_cat":[1656],"product_tag":[],"class_list":{"0":"post-741415","1":"product","2":"type-product","3":"status-publish","4":"has-post-thumbnail","6":"product_brand-tecma-hr","7":"product_cat-sustavi-sive-vode","9":"first","10":"outofstock","11":"shipping-taxable","12":"purchasable","13":"product-type-simple"},"_links":{"self":[{"href":"https:\/\/stoic-curie.212-227-153-4.plesk.page\/hr\/wp-json\/wp\/v2\/product\/741415","targetHints":{"allow":["GET"]}}],"collection":[{"href":"https:\/\/stoic-curie.212-227-153-4.plesk.page\/hr\/wp-json\/wp\/v2\/product"}],"about":[{"href":"https:\/\/stoic-curie.212-227-153-4.plesk.page\/hr\/wp-json\/wp\/v2\/types\/product"}],"replies":[{"embeddable":true,"href":"https:\/\/stoic-curie.212-227-153-4.plesk.page\/hr\/wp-json\/wp\/v2\/comments?post=741415"}],"version-history":[{"count":0,"href":"https:\/\/stoic-curie.212-227-153-4.plesk.page\/hr\/wp-json\/wp\/v2\/product\/741415\/revisions"}],"wp:featuredmedia":[{"embeddable":true,"href":"https:\/\/stoic-curie.212-227-153-4.plesk.page\/hr\/wp-json\/wp\/v2\/media\/5941594"}],"wp:attachment":[{"href":"https:\/\/stoic-curie.212-227-153-4.plesk.page\/hr\/wp-json\/wp\/v2\/media?parent=741415"}],"wp:term":[{"taxonomy":"product_brand","embeddable":true,"href":"https:\/\/stoic-curie.212-227-153-4.plesk.page\/hr\/wp-json\/wp\/v2\/product_brand?post=741415"},{"taxonomy":"product_cat","embeddable":true,"href":"https:\/\/stoic-curie.212-227-153-4.plesk.page\/hr\/wp-json\/wp\/v2\/product_cat?post=741415"},{"taxonomy":"product_tag","embeddable":true,"href":"https:\/\/stoic-curie.212-227-153-4.plesk.page\/hr\/wp-json\/wp\/v2\/product_tag?post=741415"}],"curies":[{"name":"wp","href":"https:\/\/api.w.org\/{rel}","templated":true}]}}