{"id":741417,"date":"2025-03-03T18:14:00","date_gmt":"2025-03-03T17:14:00","guid":{"rendered":"https:\/\/stoic-curie.212-227-153-4.plesk.page\/producto\/sidreno-vitlo-quick-prince-dp1-500w-d-12v-s-bubnjem-6mm-lanac\/"},"modified":"2026-02-25T00:00:53","modified_gmt":"2026-02-25T00:00:53","slug":"sidreno-vitlo-quick-prince-dp1-500w-d-12v-s-bubnjem-6mm-lanac","status":"publish","type":"product","link":"https:\/\/stoic-curie.212-227-153-4.plesk.page\/hr\/product\/sidreno-vitlo-quick-prince-dp1-500w-d-12v-s-bubnjem-6mm-lanac\/","title":{"rendered":"Sidreno vitlo Quick Prince DP1 500W-D 12v &#8211; s bubnjem -6mm lanac"},"content":{"rendered":"<p>Sidreno vitlo Quick Prince DP1 500W-D 12v &#8211; s bubnjem -6mm lanac &#8211; <\/p>\n<p style=\"color: rgb(34, 34, 34); font-family: Arial, Helvetica, sans-serif; font-size: small;\">Predstavljamo Prince DP1 512D, pouzdan brzi sidreni vjetrova dizajniran za ljubitelje \u010damaca. Ovaj vjetrova ima trajne dijelove za vu\u010du napravljene od bronce i nehr\u0111aju\u0107eg \u010delika, \u0161to osigurava dugovje\u010dnost i performanse. Uklju\u010duje senzor broja\u010d lanca i ru\u010dni sustav slobodnog pada lanca za dodatnu prakti\u010dnost. Osnova i ku\u0107i\u0161te su napravljeni od nehr\u0111aju\u0107eg \u010delika, s unutarnjom kompozitnom strukturom, a motor je ocijenjen s IP67 za vodonepropusnu za\u0161titu. Pakiranje dolazi s kontrolnom kutijom i ru\u010dkom.<\/p>\n<p style=\"color: rgb(34, 34, 34); font-family: Arial, Helvetica, sans-serif; font-size: small;\">Vjetrova ima osnovu od nehr\u0111aju\u0107eg \u010delika 316 koja uklju\u010duje ugra\u0111enu cijev za lanac i bubanj od nehr\u0111aju\u0107eg \u010delika 316. Opremljena je s gypsy prikladnom za lanac od 6 mm koji odgovara DIN766 ili ISO standardima i ima senzor broja\u010da lanca. Osim toga, isporu\u010duje se s relej kutijom i gypsy, dostupnom s ili bez bubnja. Motor je ocijenjen s IP66 za vodonepropusnu za\u0161titu.<\/p>\n<p style=\"color: rgb(34, 34, 34); font-family: Arial, Helvetica, sans-serif; font-size: small;\">Prince DP1 512D je idealan za \u010damce du\u017eine od 5 metara do 8,5 metara (16 do 28 stopa).<\/p>\n<p style=\"color: rgb(34, 34, 34); font-family: Arial, Helvetica, sans-serif; font-size: small;\">Specifikacije:<\/p>\n<ul style=\"color: rgb(34, 34, 34); font-family: Arial, Helvetica, sans-serif; font-size: small;\">\n<li>Bubanj: Da<\/li>\n<li>Snaga motora: 500 W<\/li>\n<li>Ulazni napon: 12 V<\/li>\n<li>Maksimalna vu\u010da: 660 kg<\/li>\n<li>Maksimalno radno optere\u0107enje: 200 kg<\/li>\n<li>Radno optere\u0107enje: 65 kg<\/li>\n<li>Brzina lanca pri radnom optere\u0107enju: 18.5 m\/min<\/li>\n<li>Absorpcija struje pri radnom optere\u0107enju: 80 A<\/li>\n<li>Debljina palube: 20-30 mm<\/li>\n<li>Te\u017eina: 8.8 kg<\/li>\n<li>Veli\u010dina gypsy: 6 mm<\/li>\n<\/ul>\n<p style=\"color: rgb(34, 34, 34); font-family: Arial, Helvetica, sans-serif; font-size: small;\">Ova vjetrova kombinira kvalitetu i funkcionalnost, \u0161to je \u010dini odli\u010dnim izborom za va\u0161e potrebe na moru.<\/p>\n","protected":false},"excerpt":{"rendered":"<p>Sidreno vitlo Quick Prince DP1 500W-D 12v &#8211; s bubnjem -6mm lanac &#8211; Predstavljamo Prince DP1 512D, pouzdan brzi sidreni<\/p>\n","protected":false},"featured_media":5941605,"comment_status":"open","ping_status":"closed","template":"","meta":[],"product_brand":[3281],"product_cat":[1611],"product_tag":[],"class_list":{"0":"post-741417","1":"product","2":"type-product","3":"status-publish","4":"has-post-thumbnail","6":"product_brand-quick-hr","7":"product_cat-vitla-quick","9":"first","10":"instock","11":"shipping-taxable","12":"purchasable","13":"product-type-simple"},"_links":{"self":[{"href":"https:\/\/stoic-curie.212-227-153-4.plesk.page\/hr\/wp-json\/wp\/v2\/product\/741417","targetHints":{"allow":["GET"]}}],"collection":[{"href":"https:\/\/stoic-curie.212-227-153-4.plesk.page\/hr\/wp-json\/wp\/v2\/product"}],"about":[{"href":"https:\/\/stoic-curie.212-227-153-4.plesk.page\/hr\/wp-json\/wp\/v2\/types\/product"}],"replies":[{"embeddable":true,"href":"https:\/\/stoic-curie.212-227-153-4.plesk.page\/hr\/wp-json\/wp\/v2\/comments?post=741417"}],"version-history":[{"count":0,"href":"https:\/\/stoic-curie.212-227-153-4.plesk.page\/hr\/wp-json\/wp\/v2\/product\/741417\/revisions"}],"wp:featuredmedia":[{"embeddable":true,"href":"https:\/\/stoic-curie.212-227-153-4.plesk.page\/hr\/wp-json\/wp\/v2\/media\/5941605"}],"wp:attachment":[{"href":"https:\/\/stoic-curie.212-227-153-4.plesk.page\/hr\/wp-json\/wp\/v2\/media?parent=741417"}],"wp:term":[{"taxonomy":"product_brand","embeddable":true,"href":"https:\/\/stoic-curie.212-227-153-4.plesk.page\/hr\/wp-json\/wp\/v2\/product_brand?post=741417"},{"taxonomy":"product_cat","embeddable":true,"href":"https:\/\/stoic-curie.212-227-153-4.plesk.page\/hr\/wp-json\/wp\/v2\/product_cat?post=741417"},{"taxonomy":"product_tag","embeddable":true,"href":"https:\/\/stoic-curie.212-227-153-4.plesk.page\/hr\/wp-json\/wp\/v2\/product_tag?post=741417"}],"curies":[{"name":"wp","href":"https:\/\/api.w.org\/{rel}","templated":true}]}}