{"id":741418,"date":"2025-03-03T18:14:00","date_gmt":"2025-03-03T17:14:00","guid":{"rendered":"https:\/\/stoic-curie.212-227-153-4.plesk.page\/producto\/sidreno-vitlo-quick-prince-dp2e-800w-12v-bez-bubnja-lanac-od-6mm\/"},"modified":"2026-02-25T00:00:53","modified_gmt":"2026-02-25T00:00:53","slug":"sidreno-vitlo-quick-prince-dp2e-800w-12v-bez-bubnja-lanac-od-6mm","status":"publish","type":"product","link":"https:\/\/stoic-curie.212-227-153-4.plesk.page\/hr\/product\/sidreno-vitlo-quick-prince-dp2e-800w-12v-bez-bubnja-lanac-od-6mm\/","title":{"rendered":"Sidreno vitlo Quick Prince DP2E 800W 12v bez bubnja &#8211; lanac od 6mm"},"content":{"rendered":"<p>Sidreno vitlo Quick Prince DP2E 800W 12v bez bubnja &#8211; lanac od 6mm &#8211; <\/p>\n<p><strong>Ankarska Vu\u010dna Tajna Quick Prince DP2E 1000 &#8211; Samo Gypsy &#8211; 6mm Lance<\/strong><\/p>\n<p>Ova ankarska vu\u010dna tajna posebno je dizajnirana za brodove du\u017eine od 7 do 12 metara (23 do 40 stopa). Ima jake komponenti za vu\u010du izra\u0111ene od bron\u010dane i nehr\u0111aju\u0107e \u010delika, \u0161to osigurava trajnost.<\/p>\n<p>Tajna je opremljena senzorom brojila lanca i ru\u010dnim sustavom slobodnog pada. Njena baza i ku\u0107i\u0161te su izra\u0111eni od anodiziranog aluminija i uklju\u010duje IP67 vodootporni motor, koji osigurava pouzdano djelovanje u raznim uvjetima. Instalacija je jednostavna i mo\u017ee se obaviti odozgo. Paket uklju\u010duje upravlja\u010dku kutiju i ru\u010dku za va\u0161u udobnost.<\/p>\n<p><strong>Klju\u010dne Zna\u010dajke:<\/strong><\/p>\n<ul>\n<li>Baza od nehr\u0111aju\u0107eg \u010delika 316 i anodizirani aluminijski epicyclic mjenja\u010d.<\/li>\n<li>Kopriva\/lanca gypsy sa senzorom brojila lanca.<\/li>\n<li>Inspekcijski poklopac i pritisni rukav.<\/li>\n<li>Relay kutija i gypsy (dostupno s ili bez bubnja).<\/li>\n<li>IP67 vodootporni motor.<\/li>\n<\/ul>\n<p><strong>Specifikacije:<\/strong><\/p>\n<ul>\n<li>Bubanj: Ne<\/li>\n<li>Snaga motora: 800 W<\/li>\n<li>Napon: 12 V<\/li>\n<li>Maksimalna vu\u010dna sila: 820 kg<\/li>\n<li>Maksimalna radna optere\u0107enje: 290 kg<\/li>\n<li>Radno optere\u0107enje: 95 kg<\/li>\n<li>Brzina lanca na radnom optere\u0107enju: 15,2 m\/min<\/li>\n<li>Apsorpcija struje na radnom optere\u0107enju: 84 A<\/li>\n<li>Debljina palube: 20-40 mm<\/li>\n<li>Peso: 9,5 kg<\/li>\n<li>Gypsy veli\u010dina: 6 mm<\/li>\n<\/ul>\n<p>Ova vu\u010dna tajna nudi savr\u0161enu kombinaciju kvalitete i funkcionalnosti, \u0161to je \u010dini izvrsnim izborom za va\u0161e potrebe za plovidbom.<\/p>\n","protected":false},"excerpt":{"rendered":"<p>Sidreno vitlo Quick Prince DP2E 800W 12v bez bubnja &#8211; lanac od 6mm &#8211; Ankarska Vu\u010dna Tajna Quick Prince DP2E<\/p>\n","protected":false},"featured_media":5941609,"comment_status":"open","ping_status":"closed","template":"","meta":[],"product_brand":[3281],"product_cat":[1611],"product_tag":[],"class_list":{"0":"post-741418","1":"product","2":"type-product","3":"status-publish","4":"has-post-thumbnail","6":"product_brand-quick-hr","7":"product_cat-vitla-quick","9":"first","10":"instock","11":"shipping-taxable","12":"purchasable","13":"product-type-simple"},"_links":{"self":[{"href":"https:\/\/stoic-curie.212-227-153-4.plesk.page\/hr\/wp-json\/wp\/v2\/product\/741418","targetHints":{"allow":["GET"]}}],"collection":[{"href":"https:\/\/stoic-curie.212-227-153-4.plesk.page\/hr\/wp-json\/wp\/v2\/product"}],"about":[{"href":"https:\/\/stoic-curie.212-227-153-4.plesk.page\/hr\/wp-json\/wp\/v2\/types\/product"}],"replies":[{"embeddable":true,"href":"https:\/\/stoic-curie.212-227-153-4.plesk.page\/hr\/wp-json\/wp\/v2\/comments?post=741418"}],"version-history":[{"count":0,"href":"https:\/\/stoic-curie.212-227-153-4.plesk.page\/hr\/wp-json\/wp\/v2\/product\/741418\/revisions"}],"wp:featuredmedia":[{"embeddable":true,"href":"https:\/\/stoic-curie.212-227-153-4.plesk.page\/hr\/wp-json\/wp\/v2\/media\/5941609"}],"wp:attachment":[{"href":"https:\/\/stoic-curie.212-227-153-4.plesk.page\/hr\/wp-json\/wp\/v2\/media?parent=741418"}],"wp:term":[{"taxonomy":"product_brand","embeddable":true,"href":"https:\/\/stoic-curie.212-227-153-4.plesk.page\/hr\/wp-json\/wp\/v2\/product_brand?post=741418"},{"taxonomy":"product_cat","embeddable":true,"href":"https:\/\/stoic-curie.212-227-153-4.plesk.page\/hr\/wp-json\/wp\/v2\/product_cat?post=741418"},{"taxonomy":"product_tag","embeddable":true,"href":"https:\/\/stoic-curie.212-227-153-4.plesk.page\/hr\/wp-json\/wp\/v2\/product_tag?post=741418"}],"curies":[{"name":"wp","href":"https:\/\/api.w.org\/{rel}","templated":true}]}}