{"id":741419,"date":"2025-03-03T18:14:00","date_gmt":"2025-03-03T17:14:00","guid":{"rendered":"https:\/\/stoic-curie.212-227-153-4.plesk.page\/producto\/sidro-toro-od-pocincanog-celika-4-kg\/"},"modified":"2026-02-25T00:00:53","modified_gmt":"2026-02-25T00:00:53","slug":"sidro-toro-od-pocincanog-celika-4-kg","status":"publish","type":"product","link":"https:\/\/stoic-curie.212-227-153-4.plesk.page\/hr\/product\/sidro-toro-od-pocincanog-celika-4-kg\/","title":{"rendered":"Sidro Toro od pocincanog \u010delika 4 kg"},"content":{"rendered":"<p>Sidro Toro od pocincanog \u010delika 4 kg &#8211; <\/p>\n<p><strong>Galvanizirani \u010deli\u010dni sidro za mekane morski podloge<\/strong><\/p>\n<p>Predstavljamo na\u0161 visokokvalitetni galvanizirani \u010deli\u010dni sidro, posebno dizajniran za optimalne performanse u mekim morskim podlogama, uklju\u010duju\u0107i okru\u017eenja poput pijeska, blata i blata. Ovo sidro ima jedinstvenu raspodjelu te\u017eine na vrhu, \u0161to mu omogu\u0107ava da brzo prona\u0111e najefikasniji kut za prodiranje u morski podlog. Ovaj dizajn osigurava stabilno i sigurno dr\u017eanje, daju\u0107i vam mir dok ste na vodi. Napravljen od visokokvalitetnog galvaniziranog manganskog \u010delika, ovo jednocijevno sidro je vje\u0161to uravnote\u017eeno da slobodno pada s valjaka za nos, \u0161to ga \u010dini izvrsnim izborom za kori\u0161tenje s daljinskim vitlima. Te\u0161ki balast koji se nalazi u prednjem dijelu sidra osigurava da se ono u\u010dvrsti na morskom dnu pri udarcu, pru\u017eaju\u0107i trenutnu stabilnost. Stojimo iza kvalitete na\u0161eg proizvoda i nudimo do\u017eivotnu garanciju protiv lomljenja, osiguravaju\u0107i da se mo\u017eete osloniti na ovo sidro dugi niz godina.<\/p>\n<p><strong>Karakteristike<\/strong><\/p>\n<ul>\n<li><strong>Visokokvalitetna konstrukcija od galvaniziranog manganskog \u010delika:<\/strong> Ovaj materijal je poznat po svojoj \u010dvrsto\u0107i i izdr\u017eljivosti, \u0161to ga \u010dini idealnim za morska okru\u017eenja.<\/li>\n<li><strong>Jedinstveni profil stabla:<\/strong> Dizajn stabla omogu\u0107ava bolju penetraciju i snagu dr\u017eanja u mekim morskim podlogama.<\/li>\n<li><strong>Balansirana vrh:<\/strong> Dodatna te\u017eina na vrhu poma\u017ee sidru da se brzo i sigurno u\u010dvrsti.<\/li>\n<li><strong>Samostartni dizajn:<\/strong> Ova osobina omogu\u0107ava jednostavno ispu\u0161tanje, \u010dine\u0107i ankriranje bez problema.<\/li>\n<li><strong>Nizak centar gravitacije:<\/strong> Ovaj element dizajna pobolj\u0161ava stabilnost i smanjuje vjerojatnost da se sidro oslobodi.<\/li>\n<li><strong>Samostabiliziraju\u0107a geometrija:<\/strong> Sidro je dizajnirano da se samo uspravi, osiguravaju\u0107i da se postavi ispravno svaki put.<\/li>\n<li><strong>Spoji odmah:<\/strong> Mo\u017eete se osloniti na to da \u0107e se ovo sidro brzo zakopati, pru\u017eaju\u0107i pouzdane performanse kada to najvi\u0161e trebate.<\/li>\n<li><strong>Konzistentne i pouzdane performanse:<\/strong> Ovo sidro je napravljeno da dobro djeluje u razli\u010ditim uvjetima, daju\u0107i vam povjerenje u njegove sposobnosti.<\/li>\n<\/ul>\n<p><strong>Vru\u0107e pocin\u010dani sidri<\/strong><\/p>\n<p>Vru\u0107e pocin\u010davanje je \u0161iroko prepoznato kao najpopularnija zavr\u0161na obrada za sidra koja se koriste na jedrilicama i motornih jahtama. Ova preferencija je u velikoj mjeri rezultat \u010dinjenice da sidra od nehr\u0111aju\u0107eg \u010delika mogu biti prohibitivno skupa za mnoge moreplovce. Nasuprot tome, aluminijski sidra se obi\u010dno rezerviraju za kedge ili sekundarne sidra zbog svojih laganih svojstava. Galvanizirani \u010delik pojavljuje se kao odli\u010dan izbor za proizvodnju sidara jer kombinira snagu, te\u017einu i izdr\u017eljivost u morskim uvjetima dok ostaje relativno pristupa\u010dan. Osim toga, mo\u017ee biti oblikovan u slo\u017eene dizajne koji pobolj\u0161avaju njegovu funkcionalnost.<\/p>\n<p>Iako je istina da sidra nove generacije, tehnolo\u0161ki napredna i s visokim snagama zadr\u017eavanja, stje\u010du popularnost na dana\u0161njem tr\u017ei\u0161tu, tradicionalni dizajni sidara jo\u0161 uvijek su dostupni za one koji cijene klasi\u010dne oblike i profile. Ovi tradicionalni dizajni mogu ponuditi pouzdanu izvedbu i \u010desto su favorizirani od strane iskusnih mornara koji cijene metode provjerene vremenom.<\/p>\n<p><strong>Kompatibilnost s role za nos<\/strong><\/p>\n<p>Va\u017eno je napomenuti da su stariji dizajni sidara obi\u010dno izra\u0111eni od galvaniziranog \u010delika. Iako ova sidra mo\u017eda ne nude napredne karakteristike performansi novijih modela, mogu poslu\u017eiti kao ekonomi\u010dnija opcija za ugradnju na role za nos. Zamjenom sidra za sli\u010dno model, mo\u017eete u\u0161tedjeti novac i izbje\u0107i potrebu za modifikacijama na pramcu i ugra\u0111ivanju role. To mo\u017ee dovesti do zna\u010dajnih u\u0161teda u vremenu i resursima. Timovi za dizajn i razvoj dobro su svjesni ove potrebe za kompatibilno\u0161\u0107u, a proizvo\u0111a\u010di novih dizajna \u010desto nude detaljne dimenzije i pune veli\u010dine \u0161ablone. Ovi resursi su neprocjenjivi u pomaganju kupcima da izbjegnu probleme s instalacijom, osiguravaju\u0107i glatku tranziciju prilikom nadogradnje ili zamjene svojih sidara.<\/p>\n<p>Zaklju\u010dno, na\u0161 galvanizirani \u010deli\u010dni sidro je pouzdana i u\u010dinkovita opcija za ljubitelje \u010damaca koji tra\u017ee pouzdano rje\u0161enje za sidrenje u mekim morskim podlogama. Sa svojom robusnom konstrukcijom, promi\u0161ljenim dizajnerskim zna\u010dajkama i predano\u0161\u0107u kvaliteti, ovo sidro \u0107e sigurno ispuniti va\u0161e potrebe i nadma\u0161iti va\u0161a o\u010dekivanja.<\/p>\n","protected":false},"excerpt":{"rendered":"<p>Sidro Toro od pocincanog \u010delika 4 kg &#8211; Galvanizirani \u010deli\u010dni sidro za mekane morski podloge Predstavljamo na\u0161 visokokvalitetni galvanizirani \u010deli\u010dni<\/p>\n","protected":false},"featured_media":5941611,"comment_status":"open","ping_status":"closed","template":"","meta":[],"product_brand":[3086],"product_cat":[1866],"product_tag":[],"class_list":{"0":"post-741419","1":"product","2":"type-product","3":"status-publish","4":"has-post-thumbnail","6":"product_brand-maggigroup-hr","7":"product_cat-sidra-delta","9":"first","10":"instock","11":"shipping-taxable","12":"purchasable","13":"product-type-simple"},"_links":{"self":[{"href":"https:\/\/stoic-curie.212-227-153-4.plesk.page\/hr\/wp-json\/wp\/v2\/product\/741419","targetHints":{"allow":["GET"]}}],"collection":[{"href":"https:\/\/stoic-curie.212-227-153-4.plesk.page\/hr\/wp-json\/wp\/v2\/product"}],"about":[{"href":"https:\/\/stoic-curie.212-227-153-4.plesk.page\/hr\/wp-json\/wp\/v2\/types\/product"}],"replies":[{"embeddable":true,"href":"https:\/\/stoic-curie.212-227-153-4.plesk.page\/hr\/wp-json\/wp\/v2\/comments?post=741419"}],"version-history":[{"count":0,"href":"https:\/\/stoic-curie.212-227-153-4.plesk.page\/hr\/wp-json\/wp\/v2\/product\/741419\/revisions"}],"wp:featuredmedia":[{"embeddable":true,"href":"https:\/\/stoic-curie.212-227-153-4.plesk.page\/hr\/wp-json\/wp\/v2\/media\/5941611"}],"wp:attachment":[{"href":"https:\/\/stoic-curie.212-227-153-4.plesk.page\/hr\/wp-json\/wp\/v2\/media?parent=741419"}],"wp:term":[{"taxonomy":"product_brand","embeddable":true,"href":"https:\/\/stoic-curie.212-227-153-4.plesk.page\/hr\/wp-json\/wp\/v2\/product_brand?post=741419"},{"taxonomy":"product_cat","embeddable":true,"href":"https:\/\/stoic-curie.212-227-153-4.plesk.page\/hr\/wp-json\/wp\/v2\/product_cat?post=741419"},{"taxonomy":"product_tag","embeddable":true,"href":"https:\/\/stoic-curie.212-227-153-4.plesk.page\/hr\/wp-json\/wp\/v2\/product_tag?post=741419"}],"curies":[{"name":"wp","href":"https:\/\/api.w.org\/{rel}","templated":true}]}}