{"id":741420,"date":"2025-03-03T18:14:00","date_gmt":"2025-03-03T17:14:00","guid":{"rendered":"https:\/\/stoic-curie.212-227-153-4.plesk.page\/producto\/sidro-toro-od-pocincanog-celika-6-kg\/"},"modified":"2026-02-25T00:00:53","modified_gmt":"2026-02-25T00:00:53","slug":"sidro-toro-od-pocincanog-celika-6-kg","status":"publish","type":"product","link":"https:\/\/stoic-curie.212-227-153-4.plesk.page\/hr\/product\/sidro-toro-od-pocincanog-celika-6-kg\/","title":{"rendered":"Sidro Toro od pocincanog \u010delika 6 kg"},"content":{"rendered":"<p>Sidro Toro od pocincanog \u010delika 6 kg &#8211; <\/p>\n<p>Galvanizirani \u010deli\u010dni sidro posebno je dizajnirano za mekane morske podloge poput pijeska, blata i mulja. Njegova jedinstvena distribucija te\u017eine omogu\u0107ava brzo prodiranje i stabilno dr\u017eanje. Izra\u0111eno od visokokvalitetnog galvaniziranog manganovog \u010delika, ovo sidro u jednom komadu je uravnote\u017eeno za lako postavljanje s pram\u010danih valjaka, \u0161to ga \u010dini pogodnim za udaljene vitlove. Te\u0161ka balastna te\u017eina osigurava trenutnu aktivaciju s morskim dnom, a dolazi s do\u017eivotnom garancijom protiv lomljenja.<\/p>\n<p><strong>Osobine uklju\u010duju:<\/strong><\/p>\n<ul>\n<li>Visokokvalitetni galvanizirani manganov \u010delik<\/li>\n<li>Jedinstveni profil zbog<\/li>\n<li>Balastna vrh<\/li>\n<li>Samostalni dizajn<\/li>\n<li>Nizak te\u017ei\u0161te<\/li>\n<li>Samopro\u010di\u0161\u0107avaju\u0107a geometrija<\/li>\n<li>Odmah postavljanje<\/li>\n<li>Pouzdana izvedba<\/li>\n<\/ul>\n<p>Vru\u0107e vroka je popularna zavr\u0161na obrada za sidra, koja nudi snagu i trajnost po pristupa\u010dnijoj cijeni od nehr\u0111aju\u0107eg \u010delika. Iako su dostupna napredna sidra, tradicionalni dizajni ostaju za one koji preferiraju klasi\u010dne oblike. Stariji galvanizirani \u010deli\u010dni sidra \u010desto su isplativiji za kompatibilnost s pram\u010danim valjcima, \u0161to omogu\u0107ava jednostavnu zamjenu bez modifikacija, \u0161to mo\u017ee u\u0161tedjeti novac. Proizvo\u0111a\u010di pru\u017eaju detaljne dimenzije kako bi pomogli u instalaciji.<\/p>\n","protected":false},"excerpt":{"rendered":"<p>Sidro Toro od pocincanog \u010delika 6 kg &#8211; Galvanizirani \u010deli\u010dni sidro posebno je dizajnirano za mekane morske podloge poput pijeska,<\/p>\n","protected":false},"featured_media":5941611,"comment_status":"open","ping_status":"closed","template":"","meta":[],"product_brand":[3086],"product_cat":[1866],"product_tag":[],"class_list":{"0":"post-741420","1":"product","2":"type-product","3":"status-publish","4":"has-post-thumbnail","6":"product_brand-maggigroup-hr","7":"product_cat-sidra-delta","9":"first","10":"instock","11":"shipping-taxable","12":"purchasable","13":"product-type-simple"},"_links":{"self":[{"href":"https:\/\/stoic-curie.212-227-153-4.plesk.page\/hr\/wp-json\/wp\/v2\/product\/741420","targetHints":{"allow":["GET"]}}],"collection":[{"href":"https:\/\/stoic-curie.212-227-153-4.plesk.page\/hr\/wp-json\/wp\/v2\/product"}],"about":[{"href":"https:\/\/stoic-curie.212-227-153-4.plesk.page\/hr\/wp-json\/wp\/v2\/types\/product"}],"replies":[{"embeddable":true,"href":"https:\/\/stoic-curie.212-227-153-4.plesk.page\/hr\/wp-json\/wp\/v2\/comments?post=741420"}],"version-history":[{"count":0,"href":"https:\/\/stoic-curie.212-227-153-4.plesk.page\/hr\/wp-json\/wp\/v2\/product\/741420\/revisions"}],"wp:featuredmedia":[{"embeddable":true,"href":"https:\/\/stoic-curie.212-227-153-4.plesk.page\/hr\/wp-json\/wp\/v2\/media\/5941611"}],"wp:attachment":[{"href":"https:\/\/stoic-curie.212-227-153-4.plesk.page\/hr\/wp-json\/wp\/v2\/media?parent=741420"}],"wp:term":[{"taxonomy":"product_brand","embeddable":true,"href":"https:\/\/stoic-curie.212-227-153-4.plesk.page\/hr\/wp-json\/wp\/v2\/product_brand?post=741420"},{"taxonomy":"product_cat","embeddable":true,"href":"https:\/\/stoic-curie.212-227-153-4.plesk.page\/hr\/wp-json\/wp\/v2\/product_cat?post=741420"},{"taxonomy":"product_tag","embeddable":true,"href":"https:\/\/stoic-curie.212-227-153-4.plesk.page\/hr\/wp-json\/wp\/v2\/product_tag?post=741420"}],"curies":[{"name":"wp","href":"https:\/\/api.w.org\/{rel}","templated":true}]}}