{"id":741435,"date":"2025-03-03T18:14:04","date_gmt":"2025-03-03T17:14:04","guid":{"rendered":"https:\/\/stoic-curie.212-227-153-4.plesk.page\/producto\/amortizer-za-privezni-konop-model-unimer-u-cleat-16-20-mm\/"},"modified":"2026-02-25T00:00:53","modified_gmt":"2026-02-25T00:00:53","slug":"amortizer-za-privezni-konop-model-unimer-u-cleat-16-20-mm","status":"publish","type":"product","link":"https:\/\/stoic-curie.212-227-153-4.plesk.page\/hr\/product\/amortizer-za-privezni-konop-model-unimer-u-cleat-16-20-mm\/","title":{"rendered":"Amortizer za privezni konop model Unimer U Cleat, 16\/20 mm"},"content":{"rendered":"<p>Amortizer za privezni konop model Unimer U Cleat, 16\/20 mm &#8211; <\/p>\n<p>U-Cleat Mooring snubber ima uklonjivi mehanizam za zaklju\u010davanje. U-Cleat se mo\u017ee lako ponovo postaviti nakon ugradnje, prenijeti na drugu u\u017ead ili pri\u010dvrstiti na u\u017ead s o\u010dicima ili u\u0161icama na oba kraja. Izra\u0111en od jakog rebrastog EPDM gume, pru\u017ea najlak\u0161e i najudobnije vezivanje, sprje\u010dava o\u0161te\u0107enja u\u017eadi i cleatova, dok produ\u017eava vijek trajanja va\u0161eg plovila. Duljinu kompenzacijskog gibanja mo\u017eete varirati namotavaju\u0107i u\u017ead razli\u010ditim brojem okretaja oko kompenzatora (nikad vi\u0161e od 3): vi\u0161e okretaja, vi\u0161e kompenzacije.<\/p>\n","protected":false},"excerpt":{"rendered":"<p>Amortizer za privezni konop model Unimer U Cleat, 16\/20 mm &#8211; U-Cleat Mooring snubber ima uklonjivi mehanizam za zaklju\u010davanje. U-Cleat<\/p>\n","protected":false},"featured_media":5939668,"comment_status":"open","ping_status":"closed","template":"","meta":[],"product_brand":[3506],"product_cat":[1624],"product_tag":[],"class_list":{"0":"post-741435","1":"product","2":"type-product","3":"status-publish","4":"has-post-thumbnail","6":"product_brand-unimer-hr","7":"product_cat-amortizeri-za-konope-za-vez","9":"first","10":"instock","11":"shipping-taxable","12":"purchasable","13":"product-type-simple"},"_links":{"self":[{"href":"https:\/\/stoic-curie.212-227-153-4.plesk.page\/hr\/wp-json\/wp\/v2\/product\/741435","targetHints":{"allow":["GET"]}}],"collection":[{"href":"https:\/\/stoic-curie.212-227-153-4.plesk.page\/hr\/wp-json\/wp\/v2\/product"}],"about":[{"href":"https:\/\/stoic-curie.212-227-153-4.plesk.page\/hr\/wp-json\/wp\/v2\/types\/product"}],"replies":[{"embeddable":true,"href":"https:\/\/stoic-curie.212-227-153-4.plesk.page\/hr\/wp-json\/wp\/v2\/comments?post=741435"}],"version-history":[{"count":0,"href":"https:\/\/stoic-curie.212-227-153-4.plesk.page\/hr\/wp-json\/wp\/v2\/product\/741435\/revisions"}],"wp:featuredmedia":[{"embeddable":true,"href":"https:\/\/stoic-curie.212-227-153-4.plesk.page\/hr\/wp-json\/wp\/v2\/media\/5939668"}],"wp:attachment":[{"href":"https:\/\/stoic-curie.212-227-153-4.plesk.page\/hr\/wp-json\/wp\/v2\/media?parent=741435"}],"wp:term":[{"taxonomy":"product_brand","embeddable":true,"href":"https:\/\/stoic-curie.212-227-153-4.plesk.page\/hr\/wp-json\/wp\/v2\/product_brand?post=741435"},{"taxonomy":"product_cat","embeddable":true,"href":"https:\/\/stoic-curie.212-227-153-4.plesk.page\/hr\/wp-json\/wp\/v2\/product_cat?post=741435"},{"taxonomy":"product_tag","embeddable":true,"href":"https:\/\/stoic-curie.212-227-153-4.plesk.page\/hr\/wp-json\/wp\/v2\/product_tag?post=741435"}],"curies":[{"name":"wp","href":"https:\/\/api.w.org\/{rel}","templated":true}]}}