{"id":741446,"date":"2025-03-03T18:14:07","date_gmt":"2025-03-03T17:14:07","guid":{"rendered":"https:\/\/stoic-curie.212-227-153-4.plesk.page\/producto\/sklopivi-stolovi-forma-marathon-m600-120x75-cm-h53-73-cm\/"},"modified":"2026-02-25T00:00:53","modified_gmt":"2026-02-25T00:00:53","slug":"sklopivi-stolovi-forma-marathon-m600-120x75-cm-h53-73-cm","status":"publish","type":"product","link":"https:\/\/stoic-curie.212-227-153-4.plesk.page\/hr\/product\/sklopivi-stolovi-forma-marathon-m600-120x75-cm-h53-73-cm\/","title":{"rendered":"Sklopivi stolovi Forma Marathon M600 120&#215;75 cm H53 \/ 73 cm"},"content":{"rendered":"<p>Sklopivi stolovi Forma Marathon M600 120&#215;75 cm H53 \/ 73 cm &#8211; <\/p>\n<p>Elegantni preklopni stolovi Marathon M200 &#8211; M400 &#8211; M400H &#8211; M600. Savr\u0161eno obra\u0111ena konstrukcija od anodiziranog aluminija. Vrhunski kvalitet melaminske plo\u010de otporne na vlagu i UV zrake. Oja\u010dani kutovi od anodiziranog aluminija. Hardver od nehr\u0111aju\u0107eg \u010delika. M600 stol se mo\u017ee postaviti na dvije visine: 56 i 73 cm.<\/p>\n","protected":false},"excerpt":{"rendered":"<p>Sklopivi stolovi Forma Marathon M600 120&#215;75 cm H53 \/ 73 cm &#8211; Elegantni preklopni stolovi Marathon M200 &#8211; M400 &#8211;<\/p>\n","protected":false},"featured_media":5941663,"comment_status":"open","ping_status":"closed","template":"","meta":[],"product_brand":[2951],"product_cat":[1642],"product_tag":[],"class_list":{"0":"post-741446","1":"product","2":"type-product","3":"status-publish","4":"has-post-thumbnail","6":"product_brand-forma-hr","7":"product_cat-brodske-stolice-i-stolovi","9":"first","10":"instock","11":"shipping-taxable","12":"purchasable","13":"product-type-simple"},"_links":{"self":[{"href":"https:\/\/stoic-curie.212-227-153-4.plesk.page\/hr\/wp-json\/wp\/v2\/product\/741446","targetHints":{"allow":["GET"]}}],"collection":[{"href":"https:\/\/stoic-curie.212-227-153-4.plesk.page\/hr\/wp-json\/wp\/v2\/product"}],"about":[{"href":"https:\/\/stoic-curie.212-227-153-4.plesk.page\/hr\/wp-json\/wp\/v2\/types\/product"}],"replies":[{"embeddable":true,"href":"https:\/\/stoic-curie.212-227-153-4.plesk.page\/hr\/wp-json\/wp\/v2\/comments?post=741446"}],"version-history":[{"count":0,"href":"https:\/\/stoic-curie.212-227-153-4.plesk.page\/hr\/wp-json\/wp\/v2\/product\/741446\/revisions"}],"wp:featuredmedia":[{"embeddable":true,"href":"https:\/\/stoic-curie.212-227-153-4.plesk.page\/hr\/wp-json\/wp\/v2\/media\/5941663"}],"wp:attachment":[{"href":"https:\/\/stoic-curie.212-227-153-4.plesk.page\/hr\/wp-json\/wp\/v2\/media?parent=741446"}],"wp:term":[{"taxonomy":"product_brand","embeddable":true,"href":"https:\/\/stoic-curie.212-227-153-4.plesk.page\/hr\/wp-json\/wp\/v2\/product_brand?post=741446"},{"taxonomy":"product_cat","embeddable":true,"href":"https:\/\/stoic-curie.212-227-153-4.plesk.page\/hr\/wp-json\/wp\/v2\/product_cat?post=741446"},{"taxonomy":"product_tag","embeddable":true,"href":"https:\/\/stoic-curie.212-227-153-4.plesk.page\/hr\/wp-json\/wp\/v2\/product_tag?post=741446"}],"curies":[{"name":"wp","href":"https:\/\/api.w.org\/{rel}","templated":true}]}}